{"id":12293,"date":"2026-04-09T15:58:07","date_gmt":"2026-04-09T12:58:07","guid":{"rendered":"https:\/\/novtek.com.ua\/?page_id=12293"},"modified":"2026-04-09T16:10:50","modified_gmt":"2026-04-09T13:10:50","slug":"otrktj","status":"publish","type":"page","link":"https:\/\/novtek.com.ua\/uk\/products\/pneumatics\/push-in-fittings\/otr-series\/otrktj\/","title":{"rendered":"\u0424\u0456\u0442\u0438\u043d\u0433 OTRKTJ \u0442\u0438\u043f"},"content":{"rendered":"<div class=\"vc_row wpb_row vc_row-fluid\"><div class=\"wpb_column vc_column_container vc_col-md-6\"><div class=\"vc_column-inner\"><div class=\"wpb_wrapper\">\n\t<div  class=\"wpb_single_image wpb_content_element vc_align_left\">\n\t\t\n\t\t<figure class=\"wpb_wrapper vc_figure\">\n\t\t\t<div class=\"vc_single_image-wrapper   vc_box_border_grey\"><img width=\"722\" height=\"368\" src=\"https:\/\/novtek.com.ua\/wp-content\/uploads\/2026\/04\/otrktj-pryamij-fiting.jpg\" class=\"vc_single_image-img attachment-full\" alt=\"\" loading=\"lazy\" srcset=\"https:\/\/novtek.com.ua\/wp-content\/uploads\/2026\/04\/otrktj-pryamij-fiting.jpg 722w, https:\/\/novtek.com.ua\/wp-content\/uploads\/2026\/04\/otrktj-pryamij-fiting-300x153.jpg 300w, https:\/\/novtek.com.ua\/wp-content\/uploads\/2026\/04\/otrktj-pryamij-fiting-18x9.jpg 18w\" sizes=\"(max-width: 722px) 100vw, 722px\" \/><\/div>\n\t\t<\/figure>\n\t<\/div>\n<\/div><\/div><\/div><div class=\"wpb_column vc_column_container vc_col-md-6\"><div class=\"vc_column-inner\"><div class=\"wpb_wrapper\"><h2 style=\"font-size: 14px;color: #201600;text-align: left\" class=\"vc_custom_heading\" >\u0422\u0435\u0445\u043d\u0456\u0447\u043d\u0456 \u0445\u0430\u0440\u0430\u043a\u0442\u0435\u0440\u0438\u0441\u0442\u0438\u043a\u0438 OTRKTJ<\/h2><div class=\"vc_separator wpb_content_element vc_separator_align_center vc_sep_width_100 vc_sep_border_width_3 vc_sep_pos_align_center vc_separator_no_text vc_sep_color_sky\" ><span class=\"vc_sep_holder vc_sep_holder_l\"><span  class=\"vc_sep_line\"><\/span><\/span><span class=\"vc_sep_holder vc_sep_holder_r\"><span  class=\"vc_sep_line\"><\/span><\/span>\n<\/div>\n\t<div class=\"wpb_text_column wpb_content_element\" >\n\t\t<div class=\"wpb_wrapper\">\n\t\t\t<ul>\n<li>\u0422\u0440\u0456\u0439\u043d\u0438\u043a \u0434\u043b\u044f \u0432\u0441\u0442\u0430\u043d\u043e\u0432\u043b\u0435\u043d\u043d\u044f \u0432 \u0446\u0430\u043d\u0433\u0443 \u0437 \u043f\u0440\u044f\u043c\u0438\u043c \u043f\u0435\u0440\u0435\u0445\u043e\u0434\u043e\u043c \u043f\u0456\u0434 \u0442\u0440\u0443\u0431\u043a\u0443 4, 6, 8, 10, 12 \u043c\u043c.<\/li>\n<li>\u0420\u043e\u0431\u043e\u0447\u0438\u0439 \u0442\u0438\u0441\u043a: 20 \u0431\u0430\u0440<\/li>\n<li>\u0420\u043e\u0431\u043e\u0447\u0430 \u0442\u0435\u043c\u043f\u0435\u0440\u0430\u0442\u0443\u0440\u0430: &#8212; 20\u00b0C\u00f780\u00b0C<\/li>\n<\/ul>\n\n\t\t<\/div>\n\t<\/div>\n<\/div><\/div><\/div><\/div><div class=\"vc_row wpb_row vc_row-fluid\"><div class=\"wpb_column vc_column_container vc_col-md-12\"><div class=\"vc_column-inner\"><div class=\"wpb_wrapper\"><h2 style=\"font-size: 14px;color: #201600;text-align: left\" class=\"vc_custom_heading\" >\u041d\u043e\u043c\u0435\u0440 \u0434\u043b\u044f \u0437\u0430\u043c\u043e\u0432\u043b\u0435\u043d\u043d\u044f \/ \u0420\u043e\u0437\u043c\u0456\u0440\u0438<\/h2><div class=\"vc_separator wpb_content_element vc_separator_align_center vc_sep_width_100 vc_sep_border_width_3 vc_sep_pos_align_center vc_separator_no_text vc_sep_color_sky\" ><span class=\"vc_sep_holder vc_sep_holder_l\"><span  class=\"vc_sep_line\"><\/span><\/span><span class=\"vc_sep_holder vc_sep_holder_r\"><span  class=\"vc_sep_line\"><\/span><\/span>\n<\/div><\/div><\/div><\/div><\/div><div class=\"vc_row wpb_row vc_row-fluid\"><div class=\"wpb_column vc_column_container vc_col-md-3\"><div class=\"vc_column-inner\"><div class=\"wpb_wrapper\">\n\t<div  class=\"wpb_single_image wpb_content_element vc_align_left\">\n\t\t\n\t\t<figure class=\"wpb_wrapper vc_figure\">\n\t\t\t<div class=\"vc_single_image-wrapper   vc_box_border_grey\"><img width=\"225\" height=\"189\" src=\"https:\/\/novtek.com.ua\/wp-content\/uploads\/2026\/04\/otrktj-kreslennya.jpg\" class=\"vc_single_image-img attachment-full\" alt=\"\" loading=\"lazy\" srcset=\"https:\/\/novtek.com.ua\/wp-content\/uploads\/2026\/04\/otrktj-kreslennya.jpg 225w, https:\/\/novtek.com.ua\/wp-content\/uploads\/2026\/04\/otrktj-kreslennya-14x12.jpg 14w\" sizes=\"(max-width: 225px) 100vw, 225px\" \/><\/div>\n\t\t<\/figure>\n\t<\/div>\n<\/div><\/div><\/div><div class=\"wpb_column vc_column_container vc_col-md-9\"><div class=\"vc_column-inner\"><div class=\"wpb_wrapper\">\n\t<div class=\"wpb_text_column wpb_content_element\" >\n\t\t<div class=\"wpb_wrapper\">\n\t\t\t<table width=\"626\">\n<tbody>\n<tr>\n<td width=\"152\">\u041c\u043e\u0434\u0435\u043b\u044c<\/td>\n<td style=\"text-align: center;\" width=\"79\">\u00d8D1<\/td>\n<td style=\"text-align: center;\" width=\"79\">\u00d8D2<\/td>\n<td style=\"text-align: center;\" width=\"79\">L1<\/td>\n<td style=\"text-align: center;\" width=\"79\">L2<\/td>\n<td style=\"text-align: center;\" width=\"79\">L3<\/td>\n<td style=\"text-align: center;\" width=\"79\">\u00d8P<\/td>\n<\/tr>\n<tr>\n<td width=\"152\">OTRKTJ04<\/td>\n<td style=\"text-align: center;\" width=\"79\">4<\/td>\n<td style=\"text-align: center;\" width=\"79\">4<\/td>\n<td style=\"text-align: center;\" width=\"79\">17<\/td>\n<td style=\"text-align: center;\" width=\"79\">25,1<\/td>\n<td style=\"text-align: center;\" width=\"79\">37,6<\/td>\n<td style=\"text-align: center;\" width=\"79\">9,3<\/td>\n<\/tr>\n<tr>\n<td width=\"152\">OTRKTJ06<\/td>\n<td style=\"text-align: center;\" width=\"79\">6<\/td>\n<td style=\"text-align: center;\" width=\"79\">6<\/td>\n<td style=\"text-align: center;\" width=\"79\">19<\/td>\n<td style=\"text-align: center;\" width=\"79\">29<\/td>\n<td style=\"text-align: center;\" width=\"79\">45,4<\/td>\n<td style=\"text-align: center;\" width=\"79\">12<\/td>\n<\/tr>\n<tr>\n<td width=\"152\">OTRKTJ08<\/td>\n<td style=\"text-align: center;\" width=\"79\">8<\/td>\n<td style=\"text-align: center;\" width=\"79\">8<\/td>\n<td style=\"text-align: center;\" width=\"79\">20<\/td>\n<td style=\"text-align: center;\" width=\"79\">30<\/td>\n<td style=\"text-align: center;\" width=\"79\">46,4<\/td>\n<td style=\"text-align: center;\" width=\"79\">14<\/td>\n<\/tr>\n<tr>\n<td width=\"152\">OTRKTJ10<\/td>\n<td style=\"text-align: center;\" width=\"79\">10<\/td>\n<td style=\"text-align: center;\" width=\"79\">10<\/td>\n<td style=\"text-align: center;\" width=\"79\">22,5<\/td>\n<td style=\"text-align: center;\" width=\"79\">34,5<\/td>\n<td style=\"text-align: center;\" width=\"79\">52,4<\/td>\n<td style=\"text-align: center;\" width=\"79\">16<\/td>\n<\/tr>\n<tr>\n<td width=\"152\">OTRKTJ12<\/td>\n<td style=\"text-align: center;\" width=\"79\">12<\/td>\n<td style=\"text-align: center;\" width=\"79\">12<\/td>\n<td style=\"text-align: center;\" width=\"79\">25<\/td>\n<td style=\"text-align: center;\" width=\"79\">39<\/td>\n<td style=\"text-align: center;\" width=\"79\">55,6<\/td>\n<td style=\"text-align: center;\" width=\"79\">19<\/td>\n<\/tr>\n<\/tbody>\n<\/table>\n\n\t\t<\/div>\n\t<\/div>\n<\/div><\/div><\/div><\/div>","protected":false},"excerpt":{"rendered":"\u0422\u0435\u0445\u043d\u0456\u0447\u043d\u0456 \u0445\u0430\u0440\u0430\u043a\u0442\u0435\u0440\u0438\u0441\u0442\u0438\u043a\u0438 OTRKTJ \u0422\u0440\u0456\u0439\u043d\u0438\u043a \u0434\u043b\u044f \u0432\u0441\u0442\u0430\u043d\u043e\u0432\u043b\u0435\u043d\u043d\u044f \u0432 \u0446\u0430\u043d\u0433\u0443 \u0437 \u043f\u0440\u044f\u043c\u0438\u043c \u043f\u0435\u0440\u0435\u0445\u043e\u0434\u043e\u043c \u043f\u0456\u0434 \u0442\u0440\u0443\u0431\u043a\u0443 4, 6, 8, 10, 12 \u043c\u043c. \u0420\u043e\u0431\u043e\u0447\u0438\u0439 \u0442\u0438\u0441\u043a: 20 \u0431\u0430\u0440 \u0420\u043e\u0431\u043e\u0447\u0430 \u0442\u0435\u043c\u043f\u0435\u0440\u0430\u0442\u0443\u0440\u0430: - 20\u00b0C\u00f780\u00b0C \u041d\u043e\u043c\u0435\u0440 \u0434\u043b\u044f \u0437\u0430\u043c\u043e\u0432\u043b\u0435\u043d\u043d\u044f \/ \u0420\u043e\u0437\u043c\u0456\u0440\u0438 \u041c\u043e\u0434\u0435\u043b\u044c \u00d8D1 \u00d8D2 L1 L2 L3 \u00d8P OTRKTJ04 &hellip;","protected":false},"author":2,"featured_media":12279,"parent":5536,"menu_order":0,"comment_status":"closed","ping_status":"closed","template":"","meta":{"om_disable_all_campaigns":false,"_monsterinsights_skip_tracking":false,"_monsterinsights_sitenote_active":false,"_monsterinsights_sitenote_note":"","_monsterinsights_sitenote_category":0},"aioseo_notices":[],"_links":{"self":[{"href":"https:\/\/novtek.com.ua\/uk\/wp-json\/wp\/v2\/pages\/12293"}],"collection":[{"href":"https:\/\/novtek.com.ua\/uk\/wp-json\/wp\/v2\/pages"}],"about":[{"href":"https:\/\/novtek.com.ua\/uk\/wp-json\/wp\/v2\/types\/page"}],"author":[{"embeddable":true,"href":"https:\/\/novtek.com.ua\/uk\/wp-json\/wp\/v2\/users\/2"}],"replies":[{"embeddable":true,"href":"https:\/\/novtek.com.ua\/uk\/wp-json\/wp\/v2\/comments?post=12293"}],"version-history":[{"count":3,"href":"https:\/\/novtek.com.ua\/uk\/wp-json\/wp\/v2\/pages\/12293\/revisions"}],"predecessor-version":[{"id":12296,"href":"https:\/\/novtek.com.ua\/uk\/wp-json\/wp\/v2\/pages\/12293\/revisions\/12296"}],"up":[{"embeddable":true,"href":"https:\/\/novtek.com.ua\/uk\/wp-json\/wp\/v2\/pages\/5536"}],"wp:featuredmedia":[{"embeddable":true,"href":"https:\/\/novtek.com.ua\/uk\/wp-json\/wp\/v2\/media\/12279"}],"wp:attachment":[{"href":"https:\/\/novtek.com.ua\/uk\/wp-json\/wp\/v2\/media?parent=12293"}],"curies":[{"name":"wp","href":"https:\/\/api.w.org\/{rel}","templated":true}]}}