{"id":4586,"date":"2018-10-04T22:54:26","date_gmt":"2018-10-04T19:54:26","guid":{"rendered":"http:\/\/novtek.com.ua\/?page_id=4586"},"modified":"2019-10-31T15:00:57","modified_gmt":"2019-10-31T12:00:57","slug":"x-epkd","status":"publish","type":"page","link":"https:\/\/novtek.com.ua\/uk\/products\/pneumatics\/push-in-fittings\/x-ep-series\/x-epkd\/","title":{"rendered":"\u0424\u0438\u0442\u0438\u043d\u0433 X-EPKD \u0442\u0438\u043f"},"content":{"rendered":"<div class=\"vc_row wpb_row vc_row-fluid\"><div class=\"wpb_column vc_column_container vc_col-md-4\"><div class=\"vc_column-inner\"><div class=\"wpb_wrapper\">\n\t<div  class=\"wpb_single_image wpb_content_element vc_align_left\">\n\t\t\n\t\t<figure class=\"wpb_wrapper vc_figure\">\n\t\t\t<div class=\"vc_single_image-wrapper   vc_box_border_grey\"><img width=\"722\" height=\"368\" src=\"https:\/\/novtek.com.ua\/wp-content\/uploads\/2018\/09\/1.8.1.30-X-EPKDG-\u043a\u043e\u043f\u0438\u044f.png\" class=\"vc_single_image-img attachment-full\" alt=\"\" loading=\"lazy\" srcset=\"https:\/\/novtek.com.ua\/wp-content\/uploads\/2018\/09\/1.8.1.30-X-EPKDG-\u043a\u043e\u043f\u0438\u044f.png 722w, https:\/\/novtek.com.ua\/wp-content\/uploads\/2018\/09\/1.8.1.30-X-EPKDG-\u043a\u043e\u043f\u0438\u044f-300x153.png 300w\" sizes=\"(max-width: 722px) 100vw, 722px\" \/><\/div>\n\t\t<\/figure>\n\t<\/div>\n<\/div><\/div><\/div><div class=\"wpb_column vc_column_container vc_col-md-4\"><div class=\"vc_column-inner\"><div class=\"wpb_wrapper\">\n\t<div class=\"wpb_text_column wpb_content_element\" >\n\t\t<div class=\"wpb_wrapper\">\n\t\t\t<ul>\n<li>\u041a\u043e\u043b\u0435\u043a\u0442\u043e\u0440 \u043f\u043e\u0432\u043e\u0440\u043e\u0442\u043d\u0438\u0439 \u0456\u0437 \u0437\u043e\u0432\u043d\u0456\u0448\u043d\u0456\u043c \u0440\u0456\u0437\u044c\u0431\u043b\u0435\u043d\u043d\u044f\u043c \u0437 \u043f\u0440\u044f\u043c\u0438\u043c \u043f\u0435\u0440\u0435\u0445\u043e\u0434\u043e\u043c \u043f\u0456\u0434 \u0442\u0440\u0443\u0431\u043a\u0443 4; 6; 8; 10 \u043c\u043c \u0443 \u043a\u043e\u043c\u043f\u043b\u0435\u043a\u0442\u0456 \u0437 \u0440\u0435\u0437\u0438\u043d\u043e\u0432\u0438\u043c \u043a\u0456\u043b\u044c\u0446\u0435\u043c \u0434\u043b\u044f \u0443\u0449\u0456\u043b\u044c\u043d\u0435\u043d\u043d\u044f \u0440\u0456\u0437\u044c\u0431\u0438.<\/li>\n<li>\u0420\u043e\u0431\u043e\u0447\u0438\u0439 \u0442\u0438\u0441\u043a 10 \u0431\u0430\u0440.<\/li>\n<\/ul>\n\n\t\t<\/div>\n\t<\/div>\n<\/div><\/div><\/div><div class=\"wpb_column vc_column_container vc_col-md-4\"><div class=\"vc_column-inner\"><div class=\"wpb_wrapper\">\n\t<div  class=\"wpb_single_image wpb_content_element vc_align_left\">\n\t\t\n\t\t<figure class=\"wpb_wrapper vc_figure\">\n\t\t\t<div class=\"vc_single_image-wrapper   vc_box_border_grey\"><img width=\"318\" height=\"200\" src=\"https:\/\/novtek.com.ua\/wp-content\/uploads\/2018\/10\/X-EPKD_G-drawing.png\" class=\"vc_single_image-img attachment-full\" alt=\"\" loading=\"lazy\" srcset=\"https:\/\/novtek.com.ua\/wp-content\/uploads\/2018\/10\/X-EPKD_G-drawing.png 318w, https:\/\/novtek.com.ua\/wp-content\/uploads\/2018\/10\/X-EPKD_G-drawing-300x189.png 300w\" sizes=\"(max-width: 318px) 100vw, 318px\" \/><\/div>\n\t\t<\/figure>\n\t<\/div>\n<\/div><\/div><\/div><\/div><div class=\"vc_row wpb_row vc_row-fluid\"><div class=\"wpb_column vc_column_container vc_col-md-12\"><div class=\"vc_column-inner\"><div class=\"wpb_wrapper\">\n\t<div class=\"wpb_text_column wpb_content_element\" >\n\t\t<div class=\"wpb_wrapper\">\n\t\t\t<table width=\"1045\">\n<tbody>\n<tr>\n<td width=\"145\">\u041c\u043e\u0434\u0435\u043b\u044c<\/td>\n<td width=\"75\">\u00d8D<\/td>\n<td width=\"75\">G<\/td>\n<td width=\"75\">\u00d8D1<\/td>\n<td width=\"75\">\u00d8D2<\/td>\n<td width=\"75\">\u00d8D3<\/td>\n<td width=\"75\">\u00d8D4<\/td>\n<td width=\"75\">H1<\/td>\n<td width=\"75\">H2<\/td>\n<td width=\"75\">L<\/td>\n<td width=\"75\">L2<\/td>\n<td width=\"75\">L3<\/td>\n<td width=\"75\"><img loading=\"lazy\" class=\"alignnone size-full wp-image-4644\" src=\"http:\/\/novtek.com.ua\/wp-content\/uploads\/2018\/10\/H-\u043f\u043e\u0434-\u043a\u043b\u044e\u0447.png\" alt=\"\" width=\"15\" height=\"17\" \/><\/td>\n<\/tr>\n<tr>\n<td>X-EPKD4M5<\/td>\n<td>4<\/td>\n<td>M5<\/td>\n<td>4<\/td>\n<td>14,5<\/td>\n<td>13<\/td>\n<td>3,2<\/td>\n<td>3,5<\/td>\n<td>9<\/td>\n<td>&#8212;<\/td>\n<td>42<\/td>\n<td>26<\/td>\n<td>14<\/td>\n<\/tr>\n<tr>\n<td>X-EPKD401G<\/td>\n<td>4<\/td>\n<td>G1\/8<\/td>\n<td>4<\/td>\n<td>14,5<\/td>\n<td>13<\/td>\n<td>3,2<\/td>\n<td>5,5<\/td>\n<td>9<\/td>\n<td>68<\/td>\n<td>42<\/td>\n<td>26<\/td>\n<td>14<\/td>\n<\/tr>\n<tr>\n<td>X-EPKD402G<\/td>\n<td>4<\/td>\n<td>G1\/4<\/td>\n<td>4<\/td>\n<td>14,5<\/td>\n<td>13<\/td>\n<td>3,2<\/td>\n<td>7,5<\/td>\n<td>9<\/td>\n<td>70<\/td>\n<td>42<\/td>\n<td>26<\/td>\n<td>17<\/td>\n<\/tr>\n<tr>\n<td>X-EPKD403G<\/td>\n<td>4<\/td>\n<td>G3\/8<\/td>\n<td>4<\/td>\n<td>14,5<\/td>\n<td>13<\/td>\n<td>3,2<\/td>\n<td><\/td>\n<td>9<\/td>\n<td>70,5<\/td>\n<td>42<\/td>\n<td>26<\/td>\n<td>20<\/td>\n<\/tr>\n<tr>\n<td>X-EPKD6M5<\/td>\n<td>6<\/td>\n<td>M5<\/td>\n<td>6<\/td>\n<td>14,5<\/td>\n<td>13<\/td>\n<td>3,2<\/td>\n<td>3,5<\/td>\n<td>9<\/td>\n<td>&#8212;<\/td>\n<td>42<\/td>\n<td>26<\/td>\n<td>14<\/td>\n<\/tr>\n<tr>\n<td>X-EPKD601G<\/td>\n<td>6<\/td>\n<td>G1\/8<\/td>\n<td>6<\/td>\n<td>14,5<\/td>\n<td>13<\/td>\n<td>3,2<\/td>\n<td>5,5<\/td>\n<td>9<\/td>\n<td>68<\/td>\n<td>48<\/td>\n<td>26<\/td>\n<td>14<\/td>\n<\/tr>\n<tr>\n<td>X-EPKD602G<\/td>\n<td>6<\/td>\n<td>G1\/4<\/td>\n<td>6<\/td>\n<td>14,5<\/td>\n<td>13<\/td>\n<td>3,2<\/td>\n<td>7,5<\/td>\n<td>9<\/td>\n<td>70<\/td>\n<td>48<\/td>\n<td>26<\/td>\n<td>17<\/td>\n<\/tr>\n<tr>\n<td>X-EPKD603G<\/td>\n<td>6<\/td>\n<td>G3\/8<\/td>\n<td>6<\/td>\n<td>14,5<\/td>\n<td>13<\/td>\n<td>3,2<\/td>\n<td>7,5<\/td>\n<td>9<\/td>\n<td>70,5<\/td>\n<td>48<\/td>\n<td>26<\/td>\n<td>20<\/td>\n<\/tr>\n<tr>\n<td>X-EPKD604G<\/td>\n<td>6<\/td>\n<td>G1\/2<\/td>\n<td>6<\/td>\n<td>14,5<\/td>\n<td>13<\/td>\n<td>3,2<\/td>\n<td>10<\/td>\n<td>9<\/td>\n<td>73<\/td>\n<td>48<\/td>\n<td>26<\/td>\n<td>24<\/td>\n<\/tr>\n<tr>\n<td>X-EPKD801G<\/td>\n<td>8<\/td>\n<td>G1\/8<\/td>\n<td>8<\/td>\n<td>18,4<\/td>\n<td>14,5<\/td>\n<td>3,2<\/td>\n<td>5,5<\/td>\n<td>11<\/td>\n<td>87<\/td>\n<td>48<\/td>\n<td>26<\/td>\n<td>14<\/td>\n<\/tr>\n<tr>\n<td>X-EPKD802G<\/td>\n<td>8<\/td>\n<td>G1\/4<\/td>\n<td>8<\/td>\n<td>18,4<\/td>\n<td>14,5<\/td>\n<td>3,2<\/td>\n<td>7,5<\/td>\n<td>11<\/td>\n<td>89<\/td>\n<td>48<\/td>\n<td>26<\/td>\n<td>17<\/td>\n<\/tr>\n<tr>\n<td>X-EPKD803G<\/td>\n<td>8<\/td>\n<td>G3\/8<\/td>\n<td>8<\/td>\n<td>18,4<\/td>\n<td>14,5<\/td>\n<td>3,2<\/td>\n<td>7,5<\/td>\n<td>11<\/td>\n<td>89,5<\/td>\n<td>48<\/td>\n<td>26<\/td>\n<td>20<\/td>\n<\/tr>\n<tr>\n<td>X-EPKD804G<\/td>\n<td>8<\/td>\n<td>G1\/2<\/td>\n<td>8<\/td>\n<td>18,4<\/td>\n<td>14,5<\/td>\n<td>3,2<\/td>\n<td>10<\/td>\n<td>11<\/td>\n<td>92,5<\/td>\n<td>48<\/td>\n<td>26<\/td>\n<td>24<\/td>\n<\/tr>\n<tr>\n<td>X-EPKD1001G<\/td>\n<td>10<\/td>\n<td>G1\/8<\/td>\n<td>10<\/td>\n<td>18,4<\/td>\n<td>18,4<\/td>\n<td>4,2<\/td>\n<td>5,5<\/td>\n<td>11<\/td>\n<td>92,5<\/td>\n<td>60,8<\/td>\n<td>37<\/td>\n<td>17<\/td>\n<\/tr>\n<tr>\n<td>X-EPKD1002G<\/td>\n<td>10<\/td>\n<td>G1\/4<\/td>\n<td>10<\/td>\n<td>18,4<\/td>\n<td>18,4<\/td>\n<td>4,2<\/td>\n<td>7,5<\/td>\n<td>11<\/td>\n<td>98<\/td>\n<td>60,8<\/td>\n<td>37<\/td>\n<td>17<\/td>\n<\/tr>\n<tr>\n<td>X-EPKD1003G<\/td>\n<td>10<\/td>\n<td>G3\/8<\/td>\n<td>10<\/td>\n<td>18,4<\/td>\n<td>18,4<\/td>\n<td>4,2<\/td>\n<td>7,5<\/td>\n<td>11<\/td>\n<td>98,5<\/td>\n<td>60,8<\/td>\n<td>37<\/td>\n<td>20<\/td>\n<\/tr>\n<tr>\n<td>X-EPKD1004G<\/td>\n<td>10<\/td>\n<td>G1\/2<\/td>\n<td>10<\/td>\n<td>18,4<\/td>\n<td>18,4<\/td>\n<td>4,2<\/td>\n<td>10<\/td>\n<td>11<\/td>\n<td>101,5<\/td>\n<td>60,8<\/td>\n<td>37<\/td>\n<td>24<\/td>\n<\/tr>\n<\/tbody>\n<\/table>\n\n\t\t<\/div>\n\t<\/div>\n\n\t<div class=\"wpb_text_column wpb_content_element\" >\n\t\t<div class=\"wpb_wrapper\">\n\t\t\t\n\t\t<\/div>\n\t<\/div>\n<\/div><\/div><\/div><\/div>","protected":false},"excerpt":{"rendered":"\u041a\u043e\u043b\u043b\u0435\u043a\u0442\u043e\u0440 \u043f\u043e\u0432\u043e\u0440\u043e\u0442\u043d\u044b\u0439 \u0441 \u0432\u043d\u0435\u0448\u043d\u0435\u0439 \u0440\u0435\u0437\u044c\u0431\u043e\u0439 \u0441 \u043f\u0440\u044f\u043c\u044b\u043c \u043f\u0435\u0440\u0435\u0445\u043e\u0434\u043e\u043c \u043f\u043e\u0434 \u0442\u0440\u0443\u0431\u043a\u0443 4; 6; 8; 10 \u043c\u043c \u0432 \u043a\u043e\u043c\u043f\u043b\u0435\u043a\u0442\u0435 \u0441 \u0443\u043f\u043b\u043e\u0442\u043d\u0438\u0442\u0435\u043b\u044c\u043d\u044b\u043c \u043a\u043e\u043b\u044c\u0446\u043e\u043c. \u0420\u0430\u0431\u043e\u0447\u0435\u0435 \u0434\u0430\u0432\u043b\u0435\u043d\u0438\u0435 10 \u0431\u0430\u0440. \u041c\u043e\u0434\u0435\u043b\u044c \u00d8D G \u00d8D1 \u00d8D2 \u00d8D3 \u00d8D4 H1 H2 L L2 L3 X-EPKD4M5 4 M5 4 &hellip;","protected":false},"author":2,"featured_media":0,"parent":4440,"menu_order":0,"comment_status":"closed","ping_status":"closed","template":"","meta":{"om_disable_all_campaigns":false,"_monsterinsights_skip_tracking":false,"_monsterinsights_sitenote_active":false,"_monsterinsights_sitenote_note":"","_monsterinsights_sitenote_category":0},"aioseo_notices":[],"_links":{"self":[{"href":"https:\/\/novtek.com.ua\/uk\/wp-json\/wp\/v2\/pages\/4586"}],"collection":[{"href":"https:\/\/novtek.com.ua\/uk\/wp-json\/wp\/v2\/pages"}],"about":[{"href":"https:\/\/novtek.com.ua\/uk\/wp-json\/wp\/v2\/types\/page"}],"author":[{"embeddable":true,"href":"https:\/\/novtek.com.ua\/uk\/wp-json\/wp\/v2\/users\/2"}],"replies":[{"embeddable":true,"href":"https:\/\/novtek.com.ua\/uk\/wp-json\/wp\/v2\/comments?post=4586"}],"version-history":[{"count":4,"href":"https:\/\/novtek.com.ua\/uk\/wp-json\/wp\/v2\/pages\/4586\/revisions"}],"predecessor-version":[{"id":5782,"href":"https:\/\/novtek.com.ua\/uk\/wp-json\/wp\/v2\/pages\/4586\/revisions\/5782"}],"up":[{"embeddable":true,"href":"https:\/\/novtek.com.ua\/uk\/wp-json\/wp\/v2\/pages\/4440"}],"wp:attachment":[{"href":"https:\/\/novtek.com.ua\/uk\/wp-json\/wp\/v2\/media?parent=4586"}],"curies":[{"name":"wp","href":"https:\/\/api.w.org\/{rel}","templated":true}]}}