{"id":4591,"date":"2018-10-04T22:59:23","date_gmt":"2018-10-04T19:59:23","guid":{"rendered":"http:\/\/novtek.com.ua\/?page_id=4591"},"modified":"2019-10-31T15:03:21","modified_gmt":"2019-10-31T12:03:21","slug":"x-epu","status":"publish","type":"page","link":"https:\/\/novtek.com.ua\/uk\/products\/pneumatics\/push-in-fittings\/x-ep-series\/x-epu\/","title":{"rendered":"\u0424\u0438\u0442\u0438\u043d\u0433 X-EPU \u0442\u0438\u043f"},"content":{"rendered":"<div class=\"vc_row wpb_row vc_row-fluid\"><div class=\"wpb_column vc_column_container vc_col-md-4\"><div class=\"vc_column-inner\"><div class=\"wpb_wrapper\">\n\t<div  class=\"wpb_single_image wpb_content_element vc_align_left\">\n\t\t\n\t\t<figure class=\"wpb_wrapper vc_figure\">\n\t\t\t<div class=\"vc_single_image-wrapper   vc_box_border_grey\"><img width=\"722\" height=\"368\" src=\"https:\/\/novtek.com.ua\/wp-content\/uploads\/2018\/09\/1.8.1.7-X-EPU.png\" class=\"vc_single_image-img attachment-full\" alt=\"\" loading=\"lazy\" srcset=\"https:\/\/novtek.com.ua\/wp-content\/uploads\/2018\/09\/1.8.1.7-X-EPU.png 722w, https:\/\/novtek.com.ua\/wp-content\/uploads\/2018\/09\/1.8.1.7-X-EPU-300x153.png 300w\" sizes=\"(max-width: 722px) 100vw, 722px\" \/><\/div>\n\t\t<\/figure>\n\t<\/div>\n<\/div><\/div><\/div><div class=\"wpb_column vc_column_container vc_col-md-4\"><div class=\"vc_column-inner\"><div class=\"wpb_wrapper\">\n\t<div class=\"wpb_text_column wpb_content_element\" >\n\t\t<div class=\"wpb_wrapper\">\n\t\t\t<ul>\n<li>\u0417'\u0454\u0434\u043d\u0443\u0432\u0430\u0447 \u043f\u0440\u044f\u043c\u0438\u0439 \u043f\u0456\u0434 \u0442\u0440\u0443\u0431\u043a\u0443 4; 6; 8; 10; 12; 14; 16 \u043c\u043c.<\/li>\n<li>\u0420\u043e\u0431\u043e\u0447\u0438\u0439 \u0442\u0438\u0441\u043a 10 \u0431\u0430\u0440.<\/li>\n<\/ul>\n\n\t\t<\/div>\n\t<\/div>\n<\/div><\/div><\/div><div class=\"wpb_column vc_column_container vc_col-md-4\"><div class=\"vc_column-inner\"><div class=\"wpb_wrapper\">\n\t<div  class=\"wpb_single_image wpb_content_element vc_align_left\">\n\t\t\n\t\t<figure class=\"wpb_wrapper vc_figure\">\n\t\t\t<div class=\"vc_single_image-wrapper   vc_box_border_grey\"><img width=\"125\" height=\"239\" src=\"https:\/\/novtek.com.ua\/wp-content\/uploads\/2018\/10\/X-EPU_-X-EPG-drawing.png\" class=\"vc_single_image-img attachment-full\" alt=\"\" loading=\"lazy\" \/><\/div>\n\t\t<\/figure>\n\t<\/div>\n<\/div><\/div><\/div><\/div><div class=\"vc_row wpb_row vc_row-fluid\"><div class=\"wpb_column vc_column_container vc_col-md-12\"><div class=\"vc_column-inner\"><div class=\"wpb_wrapper\">\n\t<div class=\"wpb_text_column wpb_content_element\" >\n\t\t<div class=\"wpb_wrapper\">\n\t\t\t<table width=\"555\">\n<tbody>\n<tr>\n<td width=\"180\">\u041c\u043e\u0434\u0435\u043b\u044c<\/td>\n<td width=\"75\">\u00d8D<\/td>\n<td width=\"75\">\u00d8D1<\/td>\n<td width=\"75\">\u00d8D2<\/td>\n<td width=\"75\">\u00d8D3<\/td>\n<td width=\"75\">L<\/td>\n<\/tr>\n<tr>\n<td>X-EPU4<\/td>\n<td>4<\/td>\n<td>4<\/td>\n<td>11,5<\/td>\n<td>11,5<\/td>\n<td>34<\/td>\n<\/tr>\n<tr>\n<td>X-EPU6<\/td>\n<td>6<\/td>\n<td>6<\/td>\n<td>13,5<\/td>\n<td>13,5<\/td>\n<td>35,5<\/td>\n<\/tr>\n<tr>\n<td>X-EPU8<\/td>\n<td>8<\/td>\n<td>8<\/td>\n<td>15<\/td>\n<td>15<\/td>\n<td>38,5<\/td>\n<\/tr>\n<tr>\n<td>X-EPU10<\/td>\n<td>10<\/td>\n<td>10<\/td>\n<td>19<\/td>\n<td>19<\/td>\n<td>48<\/td>\n<\/tr>\n<tr>\n<td>X-EPU12<\/td>\n<td>12<\/td>\n<td>12<\/td>\n<td>21,5<\/td>\n<td>21,5<\/td>\n<td>49<\/td>\n<\/tr>\n<tr>\n<td>X-EPU14<\/td>\n<td>14<\/td>\n<td>14<\/td>\n<td>23,5<\/td>\n<td>23,5<\/td>\n<td>48<\/td>\n<\/tr>\n<tr>\n<td>X-EPU16<\/td>\n<td>16<\/td>\n<td>16<\/td>\n<td>26,5<\/td>\n<td>26,5<\/td>\n<td>64<\/td>\n<\/tr>\n<\/tbody>\n<\/table>\n\n\t\t<\/div>\n\t<\/div>\n\n\t<div class=\"wpb_text_column wpb_content_element\" >\n\t\t<div class=\"wpb_wrapper\">\n\t\t\t\n\t\t<\/div>\n\t<\/div>\n<\/div><\/div><\/div><\/div>","protected":false},"excerpt":{"rendered":"\u0421\u043e\u0435\u0434\u0438\u043d\u0438\u0442\u0435\u043b\u044c \u043f\u0440\u044f\u043c\u043e\u0439 \u043f\u043e\u0434 \u0442\u0440\u0443\u0431\u043a\u0443 4; 6; 8;10; 12; 14; 16 \u043c\u043c. \u0420\u0430\u0431\u043e\u0447\u0435\u0435 \u0434\u0430\u0432\u043b\u0435\u043d\u0438\u0435 10 \u0431\u0430\u0440. \u041c\u043e\u0434\u0435\u043b\u044c \u00d8D \u00d8D1 \u00d8D2 \u00d8D3 L X-EPU4 4 4 11,5 11,5 34 X-EPU6 6 6 13,5 13,5 35,5 X-EPU8 8 8 15 15 38,5 X-EPU10 &hellip;","protected":false},"author":2,"featured_media":0,"parent":4440,"menu_order":0,"comment_status":"closed","ping_status":"closed","template":"","meta":{"om_disable_all_campaigns":false,"_monsterinsights_skip_tracking":false,"_monsterinsights_sitenote_active":false,"_monsterinsights_sitenote_note":"","_monsterinsights_sitenote_category":0},"aioseo_notices":[],"_links":{"self":[{"href":"https:\/\/novtek.com.ua\/uk\/wp-json\/wp\/v2\/pages\/4591"}],"collection":[{"href":"https:\/\/novtek.com.ua\/uk\/wp-json\/wp\/v2\/pages"}],"about":[{"href":"https:\/\/novtek.com.ua\/uk\/wp-json\/wp\/v2\/types\/page"}],"author":[{"embeddable":true,"href":"https:\/\/novtek.com.ua\/uk\/wp-json\/wp\/v2\/users\/2"}],"replies":[{"embeddable":true,"href":"https:\/\/novtek.com.ua\/uk\/wp-json\/wp\/v2\/comments?post=4591"}],"version-history":[{"count":7,"href":"https:\/\/novtek.com.ua\/uk\/wp-json\/wp\/v2\/pages\/4591\/revisions"}],"predecessor-version":[{"id":5785,"href":"https:\/\/novtek.com.ua\/uk\/wp-json\/wp\/v2\/pages\/4591\/revisions\/5785"}],"up":[{"embeddable":true,"href":"https:\/\/novtek.com.ua\/uk\/wp-json\/wp\/v2\/pages\/4440"}],"wp:attachment":[{"href":"https:\/\/novtek.com.ua\/uk\/wp-json\/wp\/v2\/media?parent=4591"}],"curies":[{"name":"wp","href":"https:\/\/api.w.org\/{rel}","templated":true}]}}