{"id":4607,"date":"2018-10-04T23:12:08","date_gmt":"2018-10-04T20:12:08","guid":{"rendered":"http:\/\/novtek.com.ua\/?page_id=4607"},"modified":"2019-10-31T15:08:45","modified_gmt":"2019-10-31T12:08:45","slug":"x-epgj","status":"publish","type":"page","link":"https:\/\/novtek.com.ua\/uk\/products\/pneumatics\/push-in-fittings\/x-ep-series\/x-epgj\/","title":{"rendered":"\u0424\u0456\u0442\u0438\u043d\u0433 X-EPGJ \u0442\u0438\u043f"},"content":{"rendered":"<div class=\"vc_row wpb_row vc_row-fluid\"><div class=\"wpb_column vc_column_container vc_col-md-4\"><div class=\"vc_column-inner\"><div class=\"wpb_wrapper\">\n\t<div  class=\"wpb_single_image wpb_content_element vc_align_left\">\n\t\t\n\t\t<figure class=\"wpb_wrapper vc_figure\">\n\t\t\t<div class=\"vc_single_image-wrapper   vc_box_border_grey\"><img width=\"722\" height=\"368\" src=\"https:\/\/novtek.com.ua\/wp-content\/uploads\/2018\/09\/1.8.1.5-X-EPGJ.png\" class=\"vc_single_image-img attachment-full\" alt=\"\" loading=\"lazy\" srcset=\"https:\/\/novtek.com.ua\/wp-content\/uploads\/2018\/09\/1.8.1.5-X-EPGJ.png 722w, https:\/\/novtek.com.ua\/wp-content\/uploads\/2018\/09\/1.8.1.5-X-EPGJ-300x153.png 300w\" sizes=\"(max-width: 722px) 100vw, 722px\" \/><\/div>\n\t\t<\/figure>\n\t<\/div>\n<\/div><\/div><\/div><div class=\"wpb_column vc_column_container vc_col-md-4\"><div class=\"vc_column-inner\"><div class=\"wpb_wrapper\">\n\t<div class=\"wpb_text_column wpb_content_element\" >\n\t\t<div class=\"wpb_wrapper\">\n\t\t\t<ul>\n<li>\u041f\u0435\u0440\u0435\u0445\u0456\u0434\u043d\u0438\u043a \u043f\u0440\u044f\u043c\u0438\u0439 \u0434\u043b\u044f \u0432\u0441\u0442\u0430\u043d\u043e\u0432\u043b\u0435\u043d\u043d\u044f \u0443 \u0446\u0430\u043d\u0433\u0443.<\/li>\n<li>\u0420\u043e\u0431\u043e\u0447\u0438\u0439 \u0442\u0438\u0441\u043a 10 \u0431\u0430\u0440.<\/li>\n<\/ul>\n\n\t\t<\/div>\n\t<\/div>\n<\/div><\/div><\/div><div class=\"wpb_column vc_column_container vc_col-md-4\"><div class=\"vc_column-inner\"><div class=\"wpb_wrapper\">\n\t<div  class=\"wpb_single_image wpb_content_element vc_align_left\">\n\t\t\n\t\t<figure class=\"wpb_wrapper vc_figure\">\n\t\t\t<div class=\"vc_single_image-wrapper   vc_box_border_grey\"><img width=\"150\" height=\"243\" src=\"https:\/\/novtek.com.ua\/wp-content\/uploads\/2018\/10\/X-EPGJ_drawing.png\" class=\"vc_single_image-img attachment-full\" alt=\"\" loading=\"lazy\" \/><\/div>\n\t\t<\/figure>\n\t<\/div>\n<\/div><\/div><\/div><\/div><div class=\"vc_row wpb_row vc_row-fluid\"><div class=\"wpb_column vc_column_container vc_col-md-12\"><div class=\"vc_column-inner\"><div class=\"wpb_wrapper\">\n\t<div class=\"wpb_text_column wpb_content_element\" >\n\t\t<div class=\"wpb_wrapper\">\n\t\t\t<table width=\"520\">\n<tbody>\n<tr>\n<td width=\"145\">\u041c\u043e\u0434\u0435\u043b\u044c<\/td>\n<td width=\"75\">\u00d8D<\/td>\n<td width=\"75\">\u00d8D1<\/td>\n<td width=\"75\">\u00d8D2<\/td>\n<td width=\"75\">L1<\/td>\n<td width=\"75\">L2<\/td>\n<\/tr>\n<tr>\n<td>X-EPGJ64<\/td>\n<td>4<\/td>\n<td>6<\/td>\n<td>10<\/td>\n<td>16<\/td>\n<td>35<\/td>\n<\/tr>\n<tr>\n<td>X-EPGJ84<\/td>\n<td>4<\/td>\n<td>8<\/td>\n<td>10<\/td>\n<td>13<\/td>\n<td>34<\/td>\n<\/tr>\n<tr>\n<td>X-EPGJ86<\/td>\n<td>6<\/td>\n<td>8<\/td>\n<td>12<\/td>\n<td>15,5<\/td>\n<td>36<\/td>\n<\/tr>\n<tr>\n<td>X-EPGJ106<\/td>\n<td>6<\/td>\n<td>10<\/td>\n<td>12<\/td>\n<td>16,8<\/td>\n<td>41<\/td>\n<\/tr>\n<tr>\n<td>X-EPGJ108<\/td>\n<td>8<\/td>\n<td>10<\/td>\n<td>14<\/td>\n<td>17,5<\/td>\n<td>42<\/td>\n<\/tr>\n<tr>\n<td>X-EPGJ126<\/td>\n<td>6<\/td>\n<td>12<\/td>\n<td>13,5<\/td>\n<td>13,5<\/td>\n<td>38,5<\/td>\n<\/tr>\n<tr>\n<td>X-EPGJ128<\/td>\n<td>8<\/td>\n<td>12<\/td>\n<td>14<\/td>\n<td>17,5<\/td>\n<td>42,5<\/td>\n<\/tr>\n<tr>\n<td>X-EPGJ1210<\/td>\n<td>10<\/td>\n<td>12<\/td>\n<td>17<\/td>\n<td>21<\/td>\n<td>46<\/td>\n<\/tr>\n<\/tbody>\n<\/table>\n\n\t\t<\/div>\n\t<\/div>\n\n\t<div class=\"wpb_text_column wpb_content_element\" >\n\t\t<div class=\"wpb_wrapper\">\n\t\t\t\n\t\t<\/div>\n\t<\/div>\n<\/div><\/div><\/div><\/div>","protected":false},"excerpt":{"rendered":"\u041f\u0435\u0440\u0435\u0445\u043e\u0434\u043d\u0438\u043a \u043f\u0440\u044f\u043c\u043e\u0439 \u0434\u043b\u044f \u0443\u0441\u0442\u0430\u043d\u043e\u0432\u043a\u0438 \u0432 \u0446\u0430\u043d\u0433\u0443. \u0420\u0430\u0431\u043e\u0447\u0435\u0435 \u0434\u0430\u0432\u043b\u0435\u043d\u0438\u0435 10 \u0431\u0430\u0440. \u041c\u043e\u0434\u0435\u043b\u044c \u00d8D \u00d8D1 \u00d8D2 L1 L2 X-EPGJ64 4 6 10 16 35 X-EPGJ84 4 8 10 13 34 X-EPGJ86 6 8 12 15,5 36 X-EPGJ106 6 10 12 16,8 41 &hellip;","protected":false},"author":2,"featured_media":0,"parent":4440,"menu_order":0,"comment_status":"closed","ping_status":"closed","template":"","meta":{"om_disable_all_campaigns":false,"_monsterinsights_skip_tracking":false,"_monsterinsights_sitenote_active":false,"_monsterinsights_sitenote_note":"","_monsterinsights_sitenote_category":0},"aioseo_notices":[],"_links":{"self":[{"href":"https:\/\/novtek.com.ua\/uk\/wp-json\/wp\/v2\/pages\/4607"}],"collection":[{"href":"https:\/\/novtek.com.ua\/uk\/wp-json\/wp\/v2\/pages"}],"about":[{"href":"https:\/\/novtek.com.ua\/uk\/wp-json\/wp\/v2\/types\/page"}],"author":[{"embeddable":true,"href":"https:\/\/novtek.com.ua\/uk\/wp-json\/wp\/v2\/users\/2"}],"replies":[{"embeddable":true,"href":"https:\/\/novtek.com.ua\/uk\/wp-json\/wp\/v2\/comments?post=4607"}],"version-history":[{"count":5,"href":"https:\/\/novtek.com.ua\/uk\/wp-json\/wp\/v2\/pages\/4607\/revisions"}],"predecessor-version":[{"id":5789,"href":"https:\/\/novtek.com.ua\/uk\/wp-json\/wp\/v2\/pages\/4607\/revisions\/5789"}],"up":[{"embeddable":true,"href":"https:\/\/novtek.com.ua\/uk\/wp-json\/wp\/v2\/pages\/4440"}],"wp:attachment":[{"href":"https:\/\/novtek.com.ua\/uk\/wp-json\/wp\/v2\/media?parent=4607"}],"curies":[{"name":"wp","href":"https:\/\/api.w.org\/{rel}","templated":true}]}}