{"id":4613,"date":"2018-10-04T23:19:34","date_gmt":"2018-10-04T20:19:34","guid":{"rendered":"http:\/\/novtek.com.ua\/?page_id=4613"},"modified":"2019-10-31T15:12:10","modified_gmt":"2019-10-31T12:12:10","slug":"x-epkj","status":"publish","type":"page","link":"https:\/\/novtek.com.ua\/uk\/products\/pneumatics\/push-in-fittings\/x-ep-series\/x-epkj\/","title":{"rendered":"\u0424\u0438\u0442\u0438\u043d\u0433 X-EPKJ \u0442\u0438\u043f"},"content":{"rendered":"<div class=\"vc_row wpb_row vc_row-fluid\"><div class=\"wpb_column vc_column_container vc_col-md-4\"><div class=\"vc_column-inner\"><div class=\"wpb_wrapper\">\n\t<div  class=\"wpb_single_image wpb_content_element vc_align_left\">\n\t\t\n\t\t<figure class=\"wpb_wrapper vc_figure\">\n\t\t\t<div class=\"vc_single_image-wrapper   vc_box_border_grey\"><img width=\"722\" height=\"368\" src=\"https:\/\/novtek.com.ua\/wp-content\/uploads\/2018\/09\/1.8.1.32-X-EPKJ.png\" class=\"vc_single_image-img attachment-full\" alt=\"\" loading=\"lazy\" srcset=\"https:\/\/novtek.com.ua\/wp-content\/uploads\/2018\/09\/1.8.1.32-X-EPKJ.png 722w, https:\/\/novtek.com.ua\/wp-content\/uploads\/2018\/09\/1.8.1.32-X-EPKJ-300x153.png 300w\" sizes=\"(max-width: 722px) 100vw, 722px\" \/><\/div>\n\t\t<\/figure>\n\t<\/div>\n<\/div><\/div><\/div><div class=\"wpb_column vc_column_container vc_col-md-4\"><div class=\"vc_column-inner\"><div class=\"wpb_wrapper\">\n\t<div class=\"wpb_text_column wpb_content_element\" >\n\t\t<div class=\"wpb_wrapper\">\n\t\t\t<ul>\n<li>\u041a\u043e\u043b\u0435\u043a\u0442\u043e\u0440 \u0434\u043b\u044f \u0432\u0441\u0442\u0430\u043d\u043e\u0432\u043b\u0435\u043d\u043d\u044f \u0443 \u0446\u0430\u043d\u0433\u0443 \u0437 \u043f\u0440\u044f\u043c\u0438\u043c\/\u043d\u0435 \u043f\u0440\u044f\u043c\u0438\u043c \u043f\u0435\u0440\u0435\u0445\u043e\u0434\u043e\u043c \u043f\u0456\u0434 \u0442\u0440\u0443\u0431\u043a\u0443 4; 6; 8; 10 \u043c\u043c.<\/li>\n<li>\u0420\u043e\u0431\u043e\u0447\u0438\u0439 \u0442\u0438\u0441\u043a 10 \u0431\u0430\u0440.<\/li>\n<\/ul>\n\n\t\t<\/div>\n\t<\/div>\n<\/div><\/div><\/div><div class=\"wpb_column vc_column_container vc_col-md-4\"><div class=\"vc_column-inner\"><div class=\"wpb_wrapper\">\n\t<div  class=\"wpb_single_image wpb_content_element vc_align_left\">\n\t\t\n\t\t<figure class=\"wpb_wrapper vc_figure\">\n\t\t\t<div class=\"vc_single_image-wrapper   vc_box_border_grey\"><img width=\"451\" height=\"200\" src=\"https:\/\/novtek.com.ua\/wp-content\/uploads\/2018\/10\/X-EPKJ_R-drawing.png\" class=\"vc_single_image-img attachment-full\" alt=\"\" loading=\"lazy\" srcset=\"https:\/\/novtek.com.ua\/wp-content\/uploads\/2018\/10\/X-EPKJ_R-drawing.png 451w, https:\/\/novtek.com.ua\/wp-content\/uploads\/2018\/10\/X-EPKJ_R-drawing-300x133.png 300w\" sizes=\"(max-width: 451px) 100vw, 451px\" \/><\/div>\n\t\t<\/figure>\n\t<\/div>\n<\/div><\/div><\/div><\/div><div class=\"vc_row wpb_row vc_row-fluid\"><div class=\"wpb_column vc_column_container vc_col-md-12\"><div class=\"vc_column-inner\"><div class=\"wpb_wrapper\">\n\t<div class=\"wpb_text_column wpb_content_element\" >\n\t\t<div class=\"wpb_wrapper\">\n\t\t\t<table width=\"895\">\n<tbody>\n<tr>\n<td width=\"145\">\u041c\u043e\u0434\u0435\u043b\u044c<\/td>\n<td width=\"75\">\u00d8D<\/td>\n<td width=\"75\">\u00d8D1<\/td>\n<td width=\"75\">L<\/td>\n<td width=\"75\">L1<\/td>\n<td width=\"75\">L2<\/td>\n<td width=\"75\">L3<\/td>\n<td width=\"75\">H1<\/td>\n<td width=\"75\">H2<\/td>\n<td width=\"75\">\u00d8D2<\/td>\n<td width=\"75\">\u00d8D4<\/td>\n<\/tr>\n<tr>\n<td>X-EPKJ4<\/td>\n<td>4<\/td>\n<td>4<\/td>\n<td>75<\/td>\n<td>19<\/td>\n<td>42<\/td>\n<td>22<\/td>\n<td>19<\/td>\n<td>9<\/td>\n<td>13,5<\/td>\n<td>3,2<\/td>\n<\/tr>\n<tr>\n<td>X-EPKJ6<\/td>\n<td>6<\/td>\n<td>6<\/td>\n<td>77<\/td>\n<td>19<\/td>\n<td>42<\/td>\n<td>26<\/td>\n<td>20,5<\/td>\n<td>9<\/td>\n<td>15<\/td>\n<td>3,2<\/td>\n<\/tr>\n<tr>\n<td>X-EPKJ8<\/td>\n<td>8<\/td>\n<td>8<\/td>\n<td>110,5<\/td>\n<td>20,5<\/td>\n<td>48<\/td>\n<td>29<\/td>\n<td>24<\/td>\n<td>11<\/td>\n<td>19<\/td>\n<td>3,2<\/td>\n<\/tr>\n<tr>\n<td>X-EPKJ10<\/td>\n<td>10<\/td>\n<td>10<\/td>\n<td>114,5<\/td>\n<td>24,5<\/td>\n<td>60,8<\/td>\n<td>36,8<\/td>\n<td>28,5<\/td>\n<td>11<\/td>\n<td>19<\/td>\n<td>4,2<\/td>\n<\/tr>\n<\/tbody>\n<\/table>\n<table width=\"895\">\n<tbody>\n<tr>\n<td width=\"145\">\u041c\u043e\u0434\u0435\u043b\u044c<\/td>\n<td width=\"75\">\u00d8D<\/td>\n<td width=\"75\">\u00d8D1<\/td>\n<td width=\"75\">L<\/td>\n<td width=\"75\">L1<\/td>\n<td width=\"75\">L2<\/td>\n<td width=\"75\">L3<\/td>\n<td width=\"75\">H1<\/td>\n<td width=\"75\">H2<\/td>\n<td width=\"75\">\u00d8D2<\/td>\n<td width=\"75\">\u00d8D4<\/td>\n<\/tr>\n<tr>\n<td>X-EPKJ64<\/td>\n<td>6<\/td>\n<td>4<\/td>\n<td>77<\/td>\n<td>19<\/td>\n<td>42<\/td>\n<td>22<\/td>\n<td>19<\/td>\n<td>9<\/td>\n<td>15<\/td>\n<td>3,2<\/td>\n<\/tr>\n<tr>\n<td>X-EPKJ84<\/td>\n<td>8<\/td>\n<td>4<\/td>\n<td>99<\/td>\n<td>20,5<\/td>\n<td>42<\/td>\n<td>22<\/td>\n<td>20,5<\/td>\n<td>11<\/td>\n<td>19<\/td>\n<td>4,2<\/td>\n<\/tr>\n<tr>\n<td>X-EPKJ86<\/td>\n<td>8<\/td>\n<td>6<\/td>\n<td>99<\/td>\n<td>20,5<\/td>\n<td>42<\/td>\n<td>26<\/td>\n<td>20,5<\/td>\n<td>11<\/td>\n<td>19<\/td>\n<td>4,2<\/td>\n<\/tr>\n<tr>\n<td>X-EPKJ106<\/td>\n<td>10<\/td>\n<td>6<\/td>\n<td>110,5<\/td>\n<td>24,5<\/td>\n<td>42<\/td>\n<td>26<\/td>\n<td>20,5<\/td>\n<td>11<\/td>\n<td>19<\/td>\n<td>4,2<\/td>\n<\/tr>\n<tr>\n<td>X-EPKJ108<\/td>\n<td>10<\/td>\n<td>8<\/td>\n<td>110,5<\/td>\n<td>24,5<\/td>\n<td>48<\/td>\n<td>29<\/td>\n<td>20,5<\/td>\n<td>11<\/td>\n<td>19<\/td>\n<td>4,2<\/td>\n<\/tr>\n<\/tbody>\n<\/table>\n\n\t\t<\/div>\n\t<\/div>\n\n\t<div class=\"wpb_text_column wpb_content_element\" >\n\t\t<div class=\"wpb_wrapper\">\n\t\t\t\n\t\t<\/div>\n\t<\/div>\n<\/div><\/div><\/div><\/div>","protected":false},"excerpt":{"rendered":"\u041a\u043e\u043b\u043b\u0435\u043a\u0442\u043e\u0440 \u0434\u043b\u044f \u0443\u0441\u0442\u0430\u043d\u043e\u0432\u043a\u0438 \u0432 \u0446\u0430\u043d\u0433\u0443 \u0441 \u043f\u0440\u044f\u043c\u044b\u043c \/ \u043d\u0435 \u043f\u0440\u044f\u043c\u044b\u043c \u043f\u0435\u0440\u0435\u0445\u043e\u0434\u043e\u043c \u043f\u043e\u0434 \u0442\u0440\u0443\u0431\u043a\u0443 4; 6; 8;10 \u043c\u043c. \u0420\u0430\u0431\u043e\u0447\u0435\u0435 \u0434\u0430\u0432\u043b\u0435\u043d\u0438\u0435 10 \u0431\u0430\u0440. \u041c\u043e\u0434\u0435\u043b\u044c \u00d8D \u00d8D1 L L1 L2 L3 H1 H2 \u00d8D2 \u00d8D4 X-EPKJ4 4 4 75 19 42 22 19 &hellip;","protected":false},"author":2,"featured_media":0,"parent":4440,"menu_order":0,"comment_status":"closed","ping_status":"closed","template":"","meta":{"om_disable_all_campaigns":false,"_monsterinsights_skip_tracking":false,"_monsterinsights_sitenote_active":false,"_monsterinsights_sitenote_note":"","_monsterinsights_sitenote_category":0},"aioseo_notices":[],"_links":{"self":[{"href":"https:\/\/novtek.com.ua\/uk\/wp-json\/wp\/v2\/pages\/4613"}],"collection":[{"href":"https:\/\/novtek.com.ua\/uk\/wp-json\/wp\/v2\/pages"}],"about":[{"href":"https:\/\/novtek.com.ua\/uk\/wp-json\/wp\/v2\/types\/page"}],"author":[{"embeddable":true,"href":"https:\/\/novtek.com.ua\/uk\/wp-json\/wp\/v2\/users\/2"}],"replies":[{"embeddable":true,"href":"https:\/\/novtek.com.ua\/uk\/wp-json\/wp\/v2\/comments?post=4613"}],"version-history":[{"count":4,"href":"https:\/\/novtek.com.ua\/uk\/wp-json\/wp\/v2\/pages\/4613\/revisions"}],"predecessor-version":[{"id":5796,"href":"https:\/\/novtek.com.ua\/uk\/wp-json\/wp\/v2\/pages\/4613\/revisions\/5796"}],"up":[{"embeddable":true,"href":"https:\/\/novtek.com.ua\/uk\/wp-json\/wp\/v2\/pages\/4440"}],"wp:attachment":[{"href":"https:\/\/novtek.com.ua\/uk\/wp-json\/wp\/v2\/media?parent=4613"}],"curies":[{"name":"wp","href":"https:\/\/api.w.org\/{rel}","templated":true}]}}