{"id":5568,"date":"2019-08-06T15:36:27","date_gmt":"2019-08-06T12:36:27","guid":{"rendered":"http:\/\/novtek.com.ua\/?page_id=5568"},"modified":"2023-07-25T13:10:17","modified_gmt":"2023-07-25T10:10:17","slug":"otrgj","status":"publish","type":"page","link":"https:\/\/novtek.com.ua\/uk\/products\/pneumatics\/push-in-fittings\/otr-series\/otrgj\/","title":{"rendered":"\u0424\u0456\u0442\u0438\u043d\u0433 OTRGJ \u0442\u0438\u043f"},"content":{"rendered":"<div class=\"vc_row wpb_row vc_row-fluid\"><div class=\"wpb_column vc_column_container vc_col-md-6\"><div class=\"vc_column-inner\"><div class=\"wpb_wrapper\">\n\t<div  class=\"wpb_single_image wpb_content_element vc_align_left\">\n\t\t\n\t\t<figure class=\"wpb_wrapper vc_figure\">\n\t\t\t<div class=\"vc_single_image-wrapper   vc_box_border_grey\"><img width=\"722\" height=\"368\" src=\"https:\/\/novtek.com.ua\/wp-content\/uploads\/2019\/08\/1.8.3-OTRGJ.png\" class=\"vc_single_image-img attachment-full\" alt=\"\" loading=\"lazy\" srcset=\"https:\/\/novtek.com.ua\/wp-content\/uploads\/2019\/08\/1.8.3-OTRGJ.png 722w, https:\/\/novtek.com.ua\/wp-content\/uploads\/2019\/08\/1.8.3-OTRGJ-300x153.png 300w\" sizes=\"(max-width: 722px) 100vw, 722px\" \/><\/div>\n\t\t<\/figure>\n\t<\/div>\n<\/div><\/div><\/div><div class=\"wpb_column vc_column_container vc_col-md-6\"><div class=\"vc_column-inner\"><div class=\"wpb_wrapper\"><h2 style=\"font-size: 14px;color: #201600;text-align: left\" class=\"vc_custom_heading\" >\u0422\u0435\u0445\u043d\u0456\u0447\u043d\u0456 \u0445\u0430\u0440\u0430\u043a\u0442\u0435\u0440\u0438\u0441\u0442\u0438\u043a\u0438 OTRGJ<\/h2><div class=\"vc_separator wpb_content_element vc_separator_align_center vc_sep_width_100 vc_sep_border_width_3 vc_sep_pos_align_center vc_separator_no_text vc_sep_color_sky\" ><span class=\"vc_sep_holder vc_sep_holder_l\"><span  class=\"vc_sep_line\"><\/span><\/span><span class=\"vc_sep_holder vc_sep_holder_r\"><span  class=\"vc_sep_line\"><\/span><\/span>\n<\/div>\n\t<div class=\"wpb_text_column wpb_content_element\" >\n\t\t<div class=\"wpb_wrapper\">\n\t\t\t<ul>\n<li>\u041f\u0435\u0440\u0435\u0445\u0456\u0434\u043d\u0438\u043a \u043f\u0440\u044f\u043c\u0438\u0439 \u0434\u043b\u044f \u0432\u0441\u0442\u0430\u043d\u043e\u0432\u043b\u0435\u043d\u043d\u044f \u0432 \u0446\u0430\u043d\u0433\u0443, \u043f\u0435\u0440\u0435\u0445\u0456\u0434 \u0437 6-4, 8-4, 8-6, 10-6, 10-8, 12-8, 12-10 \u043c\u043c.<\/li>\n<li>\u0420\u043e\u0431\u043e\u0447\u0438\u0439 \u0442\u0438\u0441\u043a: 20 \u0431\u0430\u0440<\/li>\n<li>\u0420\u043e\u0431\u043e\u0447\u0430 \u0442\u0435\u043c\u043f\u0435\u0440\u0430\u0442\u0443\u0440\u0430: &#8212; 20\u00b0C\u00f780\u00b0C<\/li>\n<\/ul>\n\n\t\t<\/div>\n\t<\/div>\n<\/div><\/div><\/div><\/div><div class=\"vc_row wpb_row vc_row-fluid\"><div class=\"wpb_column vc_column_container vc_col-md-12\"><div class=\"vc_column-inner\"><div class=\"wpb_wrapper\"><h2 style=\"font-size: 14px;color: #201600;text-align: left\" class=\"vc_custom_heading\" >\u041d\u043e\u043c\u0435\u0440 \u0434\u043b\u044f \u0437\u0430\u043c\u043e\u0432\u043b\u0435\u043d\u043d\u044f \/ \u0420\u043e\u0437\u043c\u0456\u0440\u0438<\/h2><div class=\"vc_separator wpb_content_element vc_separator_align_center vc_sep_width_100 vc_sep_border_width_3 vc_sep_pos_align_center vc_separator_no_text vc_sep_color_sky\" ><span class=\"vc_sep_holder vc_sep_holder_l\"><span  class=\"vc_sep_line\"><\/span><\/span><span class=\"vc_sep_holder vc_sep_holder_r\"><span  class=\"vc_sep_line\"><\/span><\/span>\n<\/div><\/div><\/div><\/div><\/div><div class=\"vc_row wpb_row vc_row-fluid\"><div class=\"wpb_column vc_column_container vc_col-md-3\"><div class=\"vc_column-inner\"><div class=\"wpb_wrapper\">\n\t<div  class=\"wpb_single_image wpb_content_element vc_align_left\">\n\t\t\n\t\t<figure class=\"wpb_wrapper vc_figure\">\n\t\t\t<div class=\"vc_single_image-wrapper   vc_box_border_grey\"><img width=\"138\" height=\"300\" src=\"https:\/\/novtek.com.ua\/wp-content\/uploads\/2019\/08\/OTRGJ-drawing-138x300.jpg\" class=\"vc_single_image-img attachment-medium\" alt=\"\" loading=\"lazy\" srcset=\"https:\/\/novtek.com.ua\/wp-content\/uploads\/2019\/08\/OTRGJ-drawing-138x300.jpg 138w, https:\/\/novtek.com.ua\/wp-content\/uploads\/2019\/08\/OTRGJ-drawing.jpg 282w\" sizes=\"(max-width: 138px) 100vw, 138px\" \/><\/div>\n\t\t<\/figure>\n\t<\/div>\n<\/div><\/div><\/div><div class=\"wpb_column vc_column_container vc_col-md-9\"><div class=\"vc_column-inner\"><div class=\"wpb_wrapper\">\n\t<div class=\"wpb_text_column wpb_content_element\" >\n\t\t<div class=\"wpb_wrapper\">\n\t\t\t<table width=\"630\">\n<tbody>\n<tr>\n<td width=\"145\">\u041c\u043e\u0434\u0435\u043b\u044c<\/td>\n<td style=\"text-align: center;\" width=\"75\">\u00d8D1<\/td>\n<td style=\"text-align: center;\" width=\"75\">\u00d8D2<\/td>\n<td style=\"text-align: center;\" width=\"75\">\u00d8P<\/td>\n<td style=\"text-align: center;\" width=\"75\">L1<\/td>\n<td style=\"text-align: center;\" width=\"75\">L2<\/td>\n<td style=\"text-align: center;\" width=\"110\">\u0412\u0430\u0433\u0430 (\u0433)<\/td>\n<\/tr>\n<tr>\n<td>OTRGJ0604<\/td>\n<td style=\"text-align: center;\">6<\/td>\n<td style=\"text-align: center;\">4<\/td>\n<td style=\"text-align: center;\">10<\/td>\n<td style=\"text-align: center;\">18<\/td>\n<td style=\"text-align: center;\">30<\/td>\n<td style=\"text-align: center;\">6<\/td>\n<\/tr>\n<tr>\n<td>OTRGJ0804<\/td>\n<td style=\"text-align: center;\">8<\/td>\n<td style=\"text-align: center;\">4<\/td>\n<td style=\"text-align: center;\">10<\/td>\n<td style=\"text-align: center;\">19,5<\/td>\n<td style=\"text-align: center;\">32<\/td>\n<td style=\"text-align: center;\">&#8212;<\/td>\n<\/tr>\n<tr>\n<td>OTRGJ0806<\/td>\n<td style=\"text-align: center;\">8<\/td>\n<td style=\"text-align: center;\">6<\/td>\n<td style=\"text-align: center;\">12<\/td>\n<td style=\"text-align: center;\">19,5<\/td>\n<td style=\"text-align: center;\">32,5<\/td>\n<td style=\"text-align: center;\">10<\/td>\n<\/tr>\n<tr>\n<td>OTRGJ1008<\/td>\n<td style=\"text-align: center;\">10<\/td>\n<td style=\"text-align: center;\">6<\/td>\n<td style=\"text-align: center;\">12<\/td>\n<td style=\"text-align: center;\">24<\/td>\n<td style=\"text-align: center;\">37<\/td>\n<td style=\"text-align: center;\">&#8212;<\/td>\n<\/tr>\n<tr>\n<td>OTRGJ1008<\/td>\n<td style=\"text-align: center;\">10<\/td>\n<td style=\"text-align: center;\">8<\/td>\n<td style=\"text-align: center;\">14<\/td>\n<td style=\"text-align: center;\">24<\/td>\n<td style=\"text-align: center;\">38<\/td>\n<td style=\"text-align: center;\">13<\/td>\n<\/tr>\n<tr>\n<td>RT581206<\/td>\n<td style=\"text-align: center;\">12<\/td>\n<td style=\"text-align: center;\">6<\/td>\n<td style=\"text-align: center;\">13<\/td>\n<td style=\"text-align: center;\">40,3<\/td>\n<td style=\"text-align: center;\">&#8212;<\/td>\n<td style=\"text-align: center;\">&#8212;<\/td>\n<\/tr>\n<tr>\n<td>OTRGJ1208<\/td>\n<td style=\"text-align: center;\">12<\/td>\n<td style=\"text-align: center;\">8<\/td>\n<td style=\"text-align: center;\">14<\/td>\n<td style=\"text-align: center;\">25<\/td>\n<td style=\"text-align: center;\">39<\/td>\n<td style=\"text-align: center;\">&#8212;<\/td>\n<\/tr>\n<tr>\n<td>OTRGJ1210<\/td>\n<td style=\"text-align: center;\">12<\/td>\n<td style=\"text-align: center;\">10<\/td>\n<td style=\"text-align: center;\">16<\/td>\n<td style=\"text-align: center;\">25<\/td>\n<td style=\"text-align: center;\">41<\/td>\n<td style=\"text-align: center;\">18<\/td>\n<\/tr>\n<tr>\n<td>RT581408<\/td>\n<td style=\"text-align: center;\">14<\/td>\n<td style=\"text-align: center;\">8<\/td>\n<td style=\"text-align: center;\">15<\/td>\n<td style=\"text-align: center;\">44<\/td>\n<td style=\"text-align: center;\">&#8212;<\/td>\n<td style=\"text-align: center;\">&#8212;<\/td>\n<\/tr>\n<tr>\n<td>RT581410<\/td>\n<td style=\"text-align: center;\">14<\/td>\n<td style=\"text-align: center;\">10<\/td>\n<td style=\"text-align: center;\">16<\/td>\n<td style=\"text-align: center;\">43,9<\/td>\n<td style=\"text-align: center;\">&#8212;<\/td>\n<td style=\"text-align: center;\">&#8212;<\/td>\n<\/tr>\n<\/tbody>\n<\/table>\n\n\t\t<\/div>\n\t<\/div>\n\n\t<div class=\"wpb_text_column wpb_content_element\" >\n\t\t<div class=\"wpb_wrapper\">\n\t\t\t<table width=\"630\">\n<tbody>\n<tr>\n<td width=\"145\">\u041c\u043e\u0434\u0435\u043b\u044c<\/td>\n<td style=\"text-align: center;\" width=\"75\">\u00d8D1<\/td>\n<td style=\"text-align: center;\" width=\"75\">\u00d8D2<\/td>\n<td style=\"text-align: center;\" width=\"75\">\u00d8P<\/td>\n<td style=\"text-align: center;\" width=\"75\">L1<\/td>\n<td style=\"text-align: center;\" width=\"75\">L2<\/td>\n<td style=\"text-align: center;\" width=\"110\">\u0412\u0430\u0433\u0430 (\u0433)<\/td>\n<\/tr>\n<tr>\n<td>RT58I0406<\/td>\n<td style=\"text-align: center;\">4<\/td>\n<td style=\"text-align: center;\">6<\/td>\n<td style=\"text-align: center;\">11<\/td>\n<td style=\"text-align: center;\">35,5<\/td>\n<td style=\"text-align: center;\">&#8212;<\/td>\n<td style=\"text-align: center;\">&#8212;<\/td>\n<\/tr>\n<tr>\n<td>RT58I0608<\/td>\n<td style=\"text-align: center;\">6<\/td>\n<td style=\"text-align: center;\">8<\/td>\n<td style=\"text-align: center;\">13<\/td>\n<td style=\"text-align: center;\">39<\/td>\n<td style=\"text-align: center;\">&#8212;<\/td>\n<td style=\"text-align: center;\">&#8212;<\/td>\n<\/tr>\n<\/tbody>\n<\/table>\n<p>*\u041d\u0435 \u043f\u0440\u044f\u043c\u0438\u0439 \u043f\u0435\u0440\u0435\u0445\u0456\u0434 \u0437 \u043c\u0435\u043d\u0448\u043e\u0433\u043e \u0434\u0456\u0430\u043c\u0435\u0442\u0440\u0443 \u0446\u0430\u043d\u0433\u0438 \u043d\u0430 \u0431\u0456\u043b\u044c\u0448\u0438\u0439 \u0434\u0456\u0430\u043c\u0435\u0442\u0440.<\/p>\n\n\t\t<\/div>\n\t<\/div>\n<\/div><\/div><\/div><\/div>","protected":false},"excerpt":{"rendered":"\u0422\u0435\u0445\u043d\u0456\u0447\u043d\u0456 \u0445\u0430\u0440\u0430\u043a\u0442\u0435\u0440\u0438\u0441\u0442\u0438\u043a\u0438 OTRGJ \u041f\u0435\u0440\u0435\u0445\u0456\u0434\u043d\u0438\u043a \u043f\u0440\u044f\u043c\u0438\u0439 \u0434\u043b\u044f \u0432\u0441\u0442\u0430\u043d\u043e\u0432\u043b\u0435\u043d\u043d\u044f \u0432 \u0446\u0430\u043d\u0433\u0443, \u043f\u0435\u0440\u0435\u0445\u0456\u0434 \u0437 6-4, 8-4, 8-6, 10-6, 10-8, 12-8, 12-10 \u043c\u043c. \u0420\u043e\u0431\u043e\u0447\u0438\u0439 \u0442\u0438\u0441\u043a: 20 \u0431\u0430\u0440 \u0420\u043e\u0431\u043e\u0447\u0430 \u0442\u0435\u043c\u043f\u0435\u0440\u0430\u0442\u0443\u0440\u0430: - 20\u00b0C\u00f780\u00b0C \u041d\u043e\u043c\u0435\u0440 \u0434\u043b\u044f \u0437\u0430\u043c\u043e\u0432\u043b\u0435\u043d\u043d\u044f \/ \u0420\u043e\u0437\u043c\u0456\u0440\u0438 \u041c\u043e\u0434\u0435\u043b\u044c \u00d8D1 \u00d8D2 \u00d8P L1 L2 \u0412\u0430\u0433\u0430 (\u0433) &hellip;","protected":false},"author":2,"featured_media":0,"parent":5536,"menu_order":0,"comment_status":"closed","ping_status":"closed","template":"","meta":{"om_disable_all_campaigns":false,"_monsterinsights_skip_tracking":false,"_monsterinsights_sitenote_active":false,"_monsterinsights_sitenote_note":"","_monsterinsights_sitenote_category":0},"aioseo_notices":[],"_links":{"self":[{"href":"https:\/\/novtek.com.ua\/uk\/wp-json\/wp\/v2\/pages\/5568"}],"collection":[{"href":"https:\/\/novtek.com.ua\/uk\/wp-json\/wp\/v2\/pages"}],"about":[{"href":"https:\/\/novtek.com.ua\/uk\/wp-json\/wp\/v2\/types\/page"}],"author":[{"embeddable":true,"href":"https:\/\/novtek.com.ua\/uk\/wp-json\/wp\/v2\/users\/2"}],"replies":[{"embeddable":true,"href":"https:\/\/novtek.com.ua\/uk\/wp-json\/wp\/v2\/comments?post=5568"}],"version-history":[{"count":11,"href":"https:\/\/novtek.com.ua\/uk\/wp-json\/wp\/v2\/pages\/5568\/revisions"}],"predecessor-version":[{"id":10292,"href":"https:\/\/novtek.com.ua\/uk\/wp-json\/wp\/v2\/pages\/5568\/revisions\/10292"}],"up":[{"embeddable":true,"href":"https:\/\/novtek.com.ua\/uk\/wp-json\/wp\/v2\/pages\/5536"}],"wp:attachment":[{"href":"https:\/\/novtek.com.ua\/uk\/wp-json\/wp\/v2\/media?parent=5568"}],"curies":[{"name":"wp","href":"https:\/\/api.w.org\/{rel}","templated":true}]}}