{"id":6342,"date":"2020-06-12T19:12:42","date_gmt":"2020-06-12T16:12:42","guid":{"rendered":"http:\/\/novtek.com.ua\/?page_id=6342"},"modified":"2023-08-04T14:40:22","modified_gmt":"2023-08-04T11:40:22","slug":"gpeb-2","status":"publish","type":"page","link":"https:\/\/novtek.com.ua\/uk\/products\/pneumatics\/push-in-fittings\/g\/gpeb-2\/","title":{"rendered":"\u0424\u0456\u0442\u0438\u043d\u0433 GPEB \u0442\u0438\u043f"},"content":{"rendered":"<div class=\"vc_row wpb_row vc_row-fluid\"><div class=\"wpb_column vc_column_container vc_col-md-6\"><div class=\"vc_column-inner\"><div class=\"wpb_wrapper\">\n\t<div  class=\"wpb_single_image wpb_content_element vc_align_left\">\n\t\t\n\t\t<figure class=\"wpb_wrapper vc_figure\">\n\t\t\t<div class=\"vc_single_image-wrapper   vc_box_border_grey\"><img width=\"722\" height=\"368\" src=\"https:\/\/novtek.com.ua\/wp-content\/uploads\/2023\/05\/gpeb.jpg\" class=\"vc_single_image-img attachment-full\" alt=\"\" loading=\"lazy\" srcset=\"https:\/\/novtek.com.ua\/wp-content\/uploads\/2023\/05\/gpeb.jpg 722w, https:\/\/novtek.com.ua\/wp-content\/uploads\/2023\/05\/gpeb-300x153.jpg 300w, https:\/\/novtek.com.ua\/wp-content\/uploads\/2023\/05\/gpeb-18x9.jpg 18w\" sizes=\"(max-width: 722px) 100vw, 722px\" \/><\/div>\n\t\t<\/figure>\n\t<\/div>\n<\/div><\/div><\/div><div class=\"wpb_column vc_column_container vc_col-md-6\"><div class=\"vc_column-inner\"><div class=\"wpb_wrapper\"><h2 style=\"font-size: 14px;color: #201600;text-align: left\" class=\"vc_custom_heading\" >\u041e\u043f\u0438\u0441<\/h2><div class=\"vc_separator wpb_content_element vc_separator_align_center vc_sep_width_100 vc_sep_border_width_3 vc_sep_pos_align_center vc_separator_no_text vc_sep_color_sky\" ><span class=\"vc_sep_holder vc_sep_holder_l\"><span  class=\"vc_sep_line\"><\/span><\/span><span class=\"vc_sep_holder vc_sep_holder_r\"><span  class=\"vc_sep_line\"><\/span><\/span>\n<\/div>\n\t<div class=\"wpb_text_column wpb_content_element\" >\n\t\t<div class=\"wpb_wrapper\">\n\t\t\t<ul>\n<li>\u0422\u0440\u0456\u0439\u043d\u0438\u043a (\u043f\u043e\u0432\u043e\u0440\u043e\u0442\u043d\u0438\u0439) \u0456\u0437 \u0437\u043e\u0432\u043d\u0456\u0448\u043d\u0456\u043c \u0440\u0456\u0437\u044c\u0431\u043b\u0435\u043d\u043d\u044f\u043c \u043f\u0456\u0434 \u0442\u0440\u0443\u0431\u043a\u0443 \u00d84, 6, 8, 10, 12 \u043c\u043c. \u041f\u0456\u0434 \u043a\u043b\u044e\u0447 \u0443 \u043a\u043e\u043c\u043f\u043b\u0435\u043a\u0442\u0456 \u0437 \u043a\u0456\u043b\u044c\u0446\u0435\u043c \u0434\u043b\u044f \u0443\u0449\u0456\u043b\u044c\u043d\u0435\u043d\u043d\u044f \u0440\u0456\u0437\u044c\u0431\u0438.<\/li>\n<li>\u0420\u043e\u0431\u043e\u0447\u0438\u0439 \u0442\u0438\u0441\u043a 10 \u0431\u0430\u0440.<\/li>\n<\/ul>\n\n\t\t<\/div>\n\t<\/div>\n<\/div><\/div><\/div><\/div><div class=\"vc_row wpb_row vc_row-fluid\"><div class=\"wpb_column vc_column_container vc_col-md-12\"><div class=\"vc_column-inner\"><div class=\"wpb_wrapper\"><h2 style=\"font-size: 14px;color: #201600;text-align: left\" class=\"vc_custom_heading\" >\u0420\u043e\u0437\u043c\u0456\u0440\u0438 \/ \u041d\u043e\u043c\u0435\u0440 \u0434\u043b\u044f \u0437\u0430\u043c\u043e\u0432\u043b\u0435\u043d\u043d\u044f<\/h2><div class=\"vc_separator wpb_content_element vc_separator_align_center vc_sep_width_100 vc_sep_border_width_3 vc_sep_pos_align_center vc_separator_no_text vc_sep_color_sky\" ><span class=\"vc_sep_holder vc_sep_holder_l\"><span  class=\"vc_sep_line\"><\/span><\/span><span class=\"vc_sep_holder vc_sep_holder_r\"><span  class=\"vc_sep_line\"><\/span><\/span>\n<\/div><\/div><\/div><\/div><\/div><div class=\"vc_row wpb_row vc_row-fluid\"><div class=\"wpb_column vc_column_container vc_col-md-12\"><div class=\"vc_column-inner\"><div class=\"wpb_wrapper\">\n\t<div  class=\"wpb_single_image wpb_content_element vc_align_left\">\n\t\t\n\t\t<figure class=\"wpb_wrapper vc_figure\">\n\t\t\t<div class=\"vc_single_image-wrapper   vc_box_border_grey\"><img width=\"271\" height=\"200\" src=\"https:\/\/novtek.com.ua\/wp-content\/uploads\/2020\/07\/GPEB.png\" class=\"vc_single_image-img attachment-full\" alt=\"\" loading=\"lazy\" \/><\/div>\n\t\t<\/figure>\n\t<\/div>\n\n\t<div class=\"wpb_text_column wpb_content_element\" >\n\t\t<div class=\"wpb_wrapper\">\n\t\t\t<table width=\"914\">\n<tbody>\n<tr>\n<td width=\"89\">\u041c\u043e\u0434\u0435\u043b\u044c<\/td>\n<td style=\"text-align: center;\" width=\"75\">\u00d8D<\/td>\n<td style=\"text-align: center;\" width=\"75\">R<\/td>\n<td style=\"text-align: center;\" width=\"75\">\u00d8P<\/td>\n<td style=\"text-align: center;\" width=\"75\">L<\/td>\n<td style=\"text-align: center;\" width=\"75\">K<\/td>\n<td style=\"text-align: center;\" width=\"75\">EA<\/td>\n<td style=\"text-align: center;\" width=\"75\">EB<\/td>\n<td style=\"text-align: center;\" width=\"75\">\u00d8J<\/td>\n<td style=\"text-align: center;\" width=\"75\">H<\/td>\n<td style=\"text-align: center;\" width=\"75\">\u0412\u0430\u0433\u0430 (\u0433)<\/td>\n<td style=\"text-align: center;\" width=\"75\">\u0428\u0442.\/\u0443-\u043a\u0430<\/td>\n<\/tr>\n<tr>\n<td>GPEB4M5<\/td>\n<td style=\"text-align: center;\" rowspan=\"3\">4<\/td>\n<td style=\"text-align: center;\">M5x0,8<\/td>\n<td style=\"text-align: center;\">9<\/td>\n<td style=\"text-align: center;\">3,5<\/td>\n<td style=\"text-align: center;\">14<\/td>\n<td style=\"text-align: center;\">17<\/td>\n<td style=\"text-align: center;\">21<\/td>\n<td style=\"text-align: center;\">3,2<\/td>\n<td style=\"text-align: center;\">9<\/td>\n<td style=\"text-align: center;\">6,8<\/td>\n<td style=\"text-align: center;\">10<\/td>\n<\/tr>\n<tr>\n<td>GPEB401<\/td>\n<td style=\"text-align: center;\">G1\/8<\/td>\n<td style=\"text-align: center;\">9<\/td>\n<td style=\"text-align: center;\">5,5<\/td>\n<td style=\"text-align: center;\">14<\/td>\n<td style=\"text-align: center;\">17<\/td>\n<td style=\"text-align: center;\">23<\/td>\n<td style=\"text-align: center;\">3,2<\/td>\n<td style=\"text-align: center;\">10<\/td>\n<td style=\"text-align: center;\">7,9<\/td>\n<td style=\"text-align: center;\">10<\/td>\n<\/tr>\n<tr>\n<td>GPEB402<\/td>\n<td style=\"text-align: center;\">G1\/4<\/td>\n<td style=\"text-align: center;\">9<\/td>\n<td style=\"text-align: center;\">6,5<\/td>\n<td style=\"text-align: center;\">14<\/td>\n<td style=\"text-align: center;\">17<\/td>\n<td style=\"text-align: center;\">26<\/td>\n<td style=\"text-align: center;\">3,2<\/td>\n<td style=\"text-align: center;\">14<\/td>\n<td style=\"text-align: center;\">13,9<\/td>\n<td style=\"text-align: center;\">10<\/td>\n<\/tr>\n<tr>\n<td>GPEB6M5<\/td>\n<td style=\"text-align: center;\" rowspan=\"4\">6<\/td>\n<td style=\"text-align: center;\">M5x0,8<\/td>\n<td style=\"text-align: center;\">12,5<\/td>\n<td style=\"text-align: center;\">3,5<\/td>\n<td style=\"text-align: center;\">16,5<\/td>\n<td style=\"text-align: center;\">20<\/td>\n<td style=\"text-align: center;\">23,5<\/td>\n<td style=\"text-align: center;\">3,2<\/td>\n<td style=\"text-align: center;\">12<\/td>\n<td style=\"text-align: center;\">11,2<\/td>\n<td style=\"text-align: center;\">10<\/td>\n<\/tr>\n<tr>\n<td>GPEB601<\/td>\n<td style=\"text-align: center;\">G1\/8<\/td>\n<td style=\"text-align: center;\">12,5<\/td>\n<td style=\"text-align: center;\">5,5<\/td>\n<td style=\"text-align: center;\">16,5<\/td>\n<td style=\"text-align: center;\">20<\/td>\n<td style=\"text-align: center;\">27<\/td>\n<td style=\"text-align: center;\">3,2<\/td>\n<td style=\"text-align: center;\">12<\/td>\n<td style=\"text-align: center;\">13,3<\/td>\n<td style=\"text-align: center;\">10<\/td>\n<\/tr>\n<tr>\n<td>GPEB602<\/td>\n<td style=\"text-align: center;\">G1\/4<\/td>\n<td style=\"text-align: center;\">12,5<\/td>\n<td style=\"text-align: center;\">6,5<\/td>\n<td style=\"text-align: center;\">16,5<\/td>\n<td style=\"text-align: center;\">20<\/td>\n<td style=\"text-align: center;\">28,5<\/td>\n<td style=\"text-align: center;\">3,2<\/td>\n<td style=\"text-align: center;\">14<\/td>\n<td style=\"text-align: center;\">17<\/td>\n<td style=\"text-align: center;\">10<\/td>\n<\/tr>\n<tr>\n<td>GPEB603<\/td>\n<td style=\"text-align: center;\">G3\/8<\/td>\n<td style=\"text-align: center;\">12,5<\/td>\n<td style=\"text-align: center;\">7<\/td>\n<td style=\"text-align: center;\">16,5<\/td>\n<td style=\"text-align: center;\">20<\/td>\n<td style=\"text-align: center;\">30<\/td>\n<td style=\"text-align: center;\">3,2<\/td>\n<td style=\"text-align: center;\">19<\/td>\n<td style=\"text-align: center;\">26,1<\/td>\n<td style=\"text-align: center;\">10<\/td>\n<\/tr>\n<tr>\n<td>GPEB801<\/td>\n<td style=\"text-align: center;\" rowspan=\"4\">8<\/td>\n<td style=\"text-align: center;\">G1\/8<\/td>\n<td style=\"text-align: center;\">15<\/td>\n<td style=\"text-align: center;\">5,5<\/td>\n<td style=\"text-align: center;\">18,5<\/td>\n<td style=\"text-align: center;\">23<\/td>\n<td style=\"text-align: center;\">30<\/td>\n<td style=\"text-align: center;\">4,3<\/td>\n<td style=\"text-align: center;\">14<\/td>\n<td style=\"text-align: center;\">18,2<\/td>\n<td style=\"text-align: center;\">10<\/td>\n<\/tr>\n<tr>\n<td>GPEB802<\/td>\n<td style=\"text-align: center;\">G1\/4<\/td>\n<td style=\"text-align: center;\">15<\/td>\n<td style=\"text-align: center;\">6,5<\/td>\n<td style=\"text-align: center;\">18,5<\/td>\n<td style=\"text-align: center;\">23<\/td>\n<td style=\"text-align: center;\">31<\/td>\n<td style=\"text-align: center;\">4,3<\/td>\n<td style=\"text-align: center;\">14<\/td>\n<td style=\"text-align: center;\">19,7<\/td>\n<td style=\"text-align: center;\">10<\/td>\n<\/tr>\n<tr>\n<td>GPEB803<\/td>\n<td style=\"text-align: center;\">G3\/8<\/td>\n<td style=\"text-align: center;\">15<\/td>\n<td style=\"text-align: center;\">7<\/td>\n<td style=\"text-align: center;\">18,5<\/td>\n<td style=\"text-align: center;\">23<\/td>\n<td style=\"text-align: center;\">32,5<\/td>\n<td style=\"text-align: center;\">4,3<\/td>\n<td style=\"text-align: center;\">19<\/td>\n<td style=\"text-align: center;\">29<\/td>\n<td style=\"text-align: center;\">10<\/td>\n<\/tr>\n<tr>\n<td>GPEB804<\/td>\n<td style=\"text-align: center;\">G1\/2<\/td>\n<td style=\"text-align: center;\">15<\/td>\n<td style=\"text-align: center;\">8,5<\/td>\n<td style=\"text-align: center;\">18,5<\/td>\n<td style=\"text-align: center;\">23<\/td>\n<td style=\"text-align: center;\">35<\/td>\n<td style=\"text-align: center;\">4,3<\/td>\n<td style=\"text-align: center;\">22<\/td>\n<td style=\"text-align: center;\">37,7<\/td>\n<td style=\"text-align: center;\">10<\/td>\n<\/tr>\n<tr>\n<td>GPEB1001<\/td>\n<td style=\"text-align: center;\" rowspan=\"4\">10<\/td>\n<td style=\"text-align: center;\">G1\/8<\/td>\n<td style=\"text-align: center;\">18<\/td>\n<td style=\"text-align: center;\">5,5<\/td>\n<td style=\"text-align: center;\">21<\/td>\n<td style=\"text-align: center;\">26,5<\/td>\n<td style=\"text-align: center;\">33,5<\/td>\n<td style=\"text-align: center;\">4,3<\/td>\n<td style=\"text-align: center;\">17<\/td>\n<td style=\"text-align: center;\">26,5<\/td>\n<td style=\"text-align: center;\">10<\/td>\n<\/tr>\n<tr>\n<td>GPEB1002<\/td>\n<td style=\"text-align: center;\">G1\/4<\/td>\n<td style=\"text-align: center;\">18<\/td>\n<td style=\"text-align: center;\">6,5<\/td>\n<td style=\"text-align: center;\">21<\/td>\n<td style=\"text-align: center;\">26,5<\/td>\n<td style=\"text-align: center;\">34,5<\/td>\n<td style=\"text-align: center;\">4,3<\/td>\n<td style=\"text-align: center;\">17<\/td>\n<td style=\"text-align: center;\">27,6<\/td>\n<td style=\"text-align: center;\">10<\/td>\n<\/tr>\n<tr>\n<td>GPEB1003<\/td>\n<td style=\"text-align: center;\">G3\/8<\/td>\n<td style=\"text-align: center;\">18<\/td>\n<td style=\"text-align: center;\">7<\/td>\n<td style=\"text-align: center;\">21<\/td>\n<td style=\"text-align: center;\">26,5<\/td>\n<td style=\"text-align: center;\">35,5<\/td>\n<td style=\"text-align: center;\">4,3<\/td>\n<td style=\"text-align: center;\">19<\/td>\n<td style=\"text-align: center;\">32,7<\/td>\n<td style=\"text-align: center;\">10<\/td>\n<\/tr>\n<tr>\n<td>GPEB1004<\/td>\n<td style=\"text-align: center;\">G1\/2<\/td>\n<td style=\"text-align: center;\">18<\/td>\n<td style=\"text-align: center;\">8,5<\/td>\n<td style=\"text-align: center;\">21<\/td>\n<td style=\"text-align: center;\">26,5<\/td>\n<td style=\"text-align: center;\">38<\/td>\n<td style=\"text-align: center;\">4,3<\/td>\n<td style=\"text-align: center;\">22<\/td>\n<td style=\"text-align: center;\">42,1<\/td>\n<td style=\"text-align: center;\">10<\/td>\n<\/tr>\n<tr>\n<td>GPEB1202<\/td>\n<td style=\"text-align: center;\" rowspan=\"3\">12<\/td>\n<td style=\"text-align: center;\">G1\/4<\/td>\n<td style=\"text-align: center;\">21<\/td>\n<td style=\"text-align: center;\">6,5<\/td>\n<td style=\"text-align: center;\">23<\/td>\n<td style=\"text-align: center;\">30<\/td>\n<td style=\"text-align: center;\">39<\/td>\n<td style=\"text-align: center;\">4,3<\/td>\n<td style=\"text-align: center;\">21<\/td>\n<td style=\"text-align: center;\">48<\/td>\n<td style=\"text-align: center;\">10<\/td>\n<\/tr>\n<tr>\n<td>GPEB1203<\/td>\n<td style=\"text-align: center;\">G3\/8<\/td>\n<td style=\"text-align: center;\">21<\/td>\n<td style=\"text-align: center;\">7<\/td>\n<td style=\"text-align: center;\">23<\/td>\n<td style=\"text-align: center;\">30<\/td>\n<td style=\"text-align: center;\">40<\/td>\n<td style=\"text-align: center;\">4,3<\/td>\n<td style=\"text-align: center;\">21<\/td>\n<td style=\"text-align: center;\">49,1<\/td>\n<td style=\"text-align: center;\">10<\/td>\n<\/tr>\n<tr>\n<td>GPEB1204<\/td>\n<td style=\"text-align: center;\">G1\/2<\/td>\n<td style=\"text-align: center;\">21<\/td>\n<td style=\"text-align: center;\">8,5<\/td>\n<td style=\"text-align: center;\">23<\/td>\n<td style=\"text-align: center;\">30<\/td>\n<td style=\"text-align: center;\">41,5<\/td>\n<td style=\"text-align: center;\">4,3<\/td>\n<td style=\"text-align: center;\">22<\/td>\n<td style=\"text-align: center;\">54<\/td>\n<td style=\"text-align: center;\">10<\/td>\n<\/tr>\n<\/tbody>\n<\/table>\n\n\t\t<\/div>\n\t<\/div>\n<\/div><\/div><\/div><\/div><div class=\"vc_row wpb_row vc_row-fluid\"><div class=\"wpb_column vc_column_container vc_col-md-4\"><div class=\"vc_column-inner\"><div class=\"wpb_wrapper\">\n\t<div  class=\"wpb_single_image wpb_content_element vc_align_left\">\n\t\t\n\t\t<figure class=\"wpb_wrapper vc_figure\">\n\t\t\t<div class=\"vc_single_image-wrapper   vc_box_border_grey\"><img width=\"776\" height=\"522\" src=\"https:\/\/novtek.com.ua\/wp-content\/uploads\/2023\/08\/pt-wtrt.jpg\" class=\"vc_single_image-img attachment-full\" alt=\"\" loading=\"lazy\" srcset=\"https:\/\/novtek.com.ua\/wp-content\/uploads\/2023\/08\/pt-wtrt.jpg 776w, https:\/\/novtek.com.ua\/wp-content\/uploads\/2023\/08\/pt-wtrt-300x202.jpg 300w, https:\/\/novtek.com.ua\/wp-content\/uploads\/2023\/08\/pt-wtrt-768x517.jpg 768w, https:\/\/novtek.com.ua\/wp-content\/uploads\/2023\/08\/pt-wtrt-18x12.jpg 18w\" sizes=\"(max-width: 776px) 100vw, 776px\" \/><\/div>\n\t\t<\/figure>\n\t<\/div>\n<\/div><\/div><\/div><div class=\"wpb_column vc_column_container vc_col-md-4\"><div class=\"vc_column-inner\"><div class=\"wpb_wrapper\"><\/div><\/div><\/div><div class=\"wpb_column vc_column_container vc_col-md-4\"><div class=\"vc_column-inner\"><div class=\"wpb_wrapper\"><\/div><\/div><\/div><\/div><div class=\"vc_row wpb_row vc_row-fluid\"><div class=\"wpb_column vc_column_container vc_col-md-12\"><div class=\"vc_column-inner\"><div class=\"wpb_wrapper\">\n\t<div class=\"wpb_text_column wpb_content_element\" >\n\t\t<div class=\"wpb_wrapper\">\n\t\t\t<table width=\"818\">\n<tbody>\n<tr>\n<td style=\"text-align: center;\" colspan=\"2\" width=\"178\">\u041c\u043e\u0434\u0435\u043b\u044c<\/td>\n<td style=\"text-align: center;\" width=\"64\">\u00d8D<\/td>\n<td style=\"text-align: center;\" width=\"64\">T<\/td>\n<td style=\"text-align: center;\" width=\"64\">\u00d8P*<\/td>\n<td style=\"text-align: center;\" width=\"64\">L1*<\/td>\n<td style=\"text-align: center;\" width=\"64\">L2*<\/td>\n<td style=\"text-align: center;\" width=\"64\">A*<\/td>\n<td style=\"text-align: center;\" width=\"64\">B*<\/td>\n<td style=\"text-align: center;\" width=\"64\">H *<\/td>\n<td style=\"text-align: center;\" width=\"64\">DN*<\/td>\n<td style=\"text-align: center;\" width=\"64\">\u0412\u0430\u0433\u0430 (\u0433)<\/td>\n<\/tr>\n<tr>\n<td style=\"text-align: center;\">&#8212;<\/td>\n<td style=\"text-align: center;\">WTRT14G03<\/td>\n<td style=\"text-align: center;\">14<\/td>\n<td style=\"text-align: center;\" width=\"64\">G3\/8<\/td>\n<td style=\"text-align: center;\">&#8212;<\/td>\n<td style=\"text-align: center;\">&#8212;<\/td>\n<td style=\"text-align: center;\">&#8212;<\/td>\n<td style=\"text-align: center;\">&#8212;<\/td>\n<td style=\"text-align: center;\">&#8212;<\/td>\n<td style=\"text-align: center;\">&#8212;<\/td>\n<td style=\"text-align: center;\">&#8212;<\/td>\n<td style=\"text-align: center;\">&#8212;<\/td>\n<\/tr>\n<tr>\n<td style=\"text-align: center;\">&#8212;<\/td>\n<td style=\"text-align: center;\">WTRT14G04<\/td>\n<td style=\"text-align: center;\">14<\/td>\n<td style=\"text-align: center;\" width=\"64\">G1\/2<\/td>\n<td style=\"text-align: center;\">&#8212;<\/td>\n<td style=\"text-align: center;\">&#8212;<\/td>\n<td style=\"text-align: center;\">&#8212;<\/td>\n<td style=\"text-align: center;\">&#8212;<\/td>\n<td style=\"text-align: center;\">&#8212;<\/td>\n<td style=\"text-align: center;\">&#8212;<\/td>\n<td style=\"text-align: center;\">&#8212;<\/td>\n<td style=\"text-align: center;\">&#8212;<\/td>\n<\/tr>\n<tr>\n<td style=\"text-align: center;\" width=\"89\">PT16G03<\/td>\n<td style=\"text-align: center;\">WTRT16G03<\/td>\n<td style=\"text-align: center;\" width=\"64\">16<\/td>\n<td style=\"text-align: center;\" width=\"64\">G3\/8<\/td>\n<td style=\"text-align: center;\" width=\"64\">25,5<\/td>\n<td style=\"text-align: center;\" width=\"64\">40,8<\/td>\n<td style=\"text-align: center;\" width=\"64\">32,8<\/td>\n<td style=\"text-align: center;\" width=\"64\">6,5<\/td>\n<td style=\"text-align: center;\" width=\"64\">24,1<\/td>\n<td style=\"text-align: center;\" width=\"64\">24<\/td>\n<td style=\"text-align: center;\" width=\"64\">10<\/td>\n<td style=\"text-align: center;\" width=\"64\">77<\/td>\n<\/tr>\n<tr>\n<td style=\"text-align: center;\" width=\"89\">PT16G04<\/td>\n<td style=\"text-align: center;\">WTRT16G04<\/td>\n<td style=\"text-align: center;\" width=\"64\">16<\/td>\n<td style=\"text-align: center;\" width=\"64\">G1\/2<\/td>\n<td style=\"text-align: center;\" width=\"64\">25,5<\/td>\n<td style=\"text-align: center;\" width=\"64\">41,8<\/td>\n<td style=\"text-align: center;\" width=\"64\">32,8<\/td>\n<td style=\"text-align: center;\" width=\"64\">8<\/td>\n<td style=\"text-align: center;\" width=\"64\">24,1<\/td>\n<td style=\"text-align: center;\" width=\"64\">24<\/td>\n<td style=\"text-align: center;\" width=\"64\">13<\/td>\n<td style=\"text-align: center;\" width=\"64\">97<\/td>\n<\/tr>\n<\/tbody>\n<\/table>\n<p>* \u0420\u043e\u0437\u043c\u0456\u0440\u0438 \u0432\u043a\u0430\u0437\u0430\u043d\u0456 \u0434\u043b\u044f \u0441\u0435\u0440\u0456\u0457 PT.<\/p>\n<p>** PT \u0441\u0435\u0440\u0456\u044f \u2013 \u0446\u0430\u043d\u0433\u0430 \u0441\u0438\u043d\u044c\u043e\u0433\u043e \u043a\u043e\u043b\u044c\u043e\u0440\u0443, WTRT \u2013 \u0446\u0430\u043d\u0433\u0430 \u0447\u043e\u0440\u043d\u043e\u0433\u043e \u043a\u043e\u043b\u044c\u043e\u0440\u0443.<\/p>\n\n\t\t<\/div>\n\t<\/div>\n<\/div><\/div><\/div><\/div>","protected":false},"excerpt":{"rendered":"\u041e\u043f\u0438\u0441\u0430\u043d\u0438\u0435 \u0422\u0440\u043e\u0439\u043d\u0438\u043a (\u043f\u043e\u0432\u043e\u0440\u043e\u0442\u043d\u044b\u0439) \u0441 \u0432\u043d\u0435\u0448\u043d\u0435\u0439 \u0440\u0435\u0437\u044c\u0431\u043e\u0439 \u043f\u043e\u0434 \u0442\u0440\u0443\u0431\u043a\u0443 \u00d84, 6, 8, 10, 12 \u043c\u043c. \u041f\u043e\u0434 \u043a\u043b\u044e\u0447 \u0432 \u043a\u043e\u043c\u043f\u043b\u0435\u043a\u0442\u0435 \u0441 \u0443\u043f\u043b\u043e\u0442\u043d\u0438\u0442\u0435\u043b\u044c\u043d\u044b\u043c \u043a\u043e\u043b\u044c\u0446\u043e\u043c. \u0420\u0430\u0431\u043e\u0447\u0435\u0435 \u0434\u0430\u0432\u043b\u0435\u043d\u0438\u0435 10 \u0431\u0430\u0440. \u0420\u0430\u0437\u043c\u0435\u0440\u044b \/ \u0417\u0430\u043a\u0430\u0437\u043d\u043e\u0439 \u043d\u043e\u043c\u0435\u0440 \u041c\u043e\u0434\u0435\u043b\u044c \u00d8D R \u00d8P L K EA EB \u00d8J H \u0412\u0435\u0441 &hellip;","protected":false},"author":2,"featured_media":0,"parent":6107,"menu_order":0,"comment_status":"closed","ping_status":"closed","template":"","meta":{"om_disable_all_campaigns":false,"_monsterinsights_skip_tracking":false,"_monsterinsights_sitenote_active":false,"_monsterinsights_sitenote_note":"","_monsterinsights_sitenote_category":0},"aioseo_notices":[],"_links":{"self":[{"href":"https:\/\/novtek.com.ua\/uk\/wp-json\/wp\/v2\/pages\/6342"}],"collection":[{"href":"https:\/\/novtek.com.ua\/uk\/wp-json\/wp\/v2\/pages"}],"about":[{"href":"https:\/\/novtek.com.ua\/uk\/wp-json\/wp\/v2\/types\/page"}],"author":[{"embeddable":true,"href":"https:\/\/novtek.com.ua\/uk\/wp-json\/wp\/v2\/users\/2"}],"replies":[{"embeddable":true,"href":"https:\/\/novtek.com.ua\/uk\/wp-json\/wp\/v2\/comments?post=6342"}],"version-history":[{"count":8,"href":"https:\/\/novtek.com.ua\/uk\/wp-json\/wp\/v2\/pages\/6342\/revisions"}],"predecessor-version":[{"id":10442,"href":"https:\/\/novtek.com.ua\/uk\/wp-json\/wp\/v2\/pages\/6342\/revisions\/10442"}],"up":[{"embeddable":true,"href":"https:\/\/novtek.com.ua\/uk\/wp-json\/wp\/v2\/pages\/6107"}],"wp:attachment":[{"href":"https:\/\/novtek.com.ua\/uk\/wp-json\/wp\/v2\/media?parent=6342"}],"curies":[{"name":"wp","href":"https:\/\/api.w.org\/{rel}","templated":true}]}}