{"id":6352,"date":"2020-06-12T19:14:51","date_gmt":"2020-06-12T16:14:51","guid":{"rendered":"http:\/\/novtek.com.ua\/?page_id=6352"},"modified":"2023-05-01T16:16:37","modified_gmt":"2023-05-01T13:16:37","slug":"gpzb-2","status":"publish","type":"page","link":"https:\/\/novtek.com.ua\/uk\/products\/pneumatics\/push-in-fittings\/g\/gpzb-2\/","title":{"rendered":"\u0424\u0456\u0442\u0456\u043d\u0433 GPZB \u0442\u0438\u043f"},"content":{"rendered":"<div class=\"vc_row wpb_row vc_row-fluid\"><div class=\"wpb_column vc_column_container vc_col-md-6\"><div class=\"vc_column-inner\"><div class=\"wpb_wrapper\">\n\t<div  class=\"wpb_single_image wpb_content_element vc_align_left\">\n\t\t\n\t\t<figure class=\"wpb_wrapper vc_figure\">\n\t\t\t<div class=\"vc_single_image-wrapper   vc_box_border_grey\"><img width=\"722\" height=\"368\" src=\"https:\/\/novtek.com.ua\/wp-content\/uploads\/2023\/05\/gpzb.jpg\" class=\"vc_single_image-img attachment-full\" alt=\"\" loading=\"lazy\" srcset=\"https:\/\/novtek.com.ua\/wp-content\/uploads\/2023\/05\/gpzb.jpg 722w, https:\/\/novtek.com.ua\/wp-content\/uploads\/2023\/05\/gpzb-300x153.jpg 300w, https:\/\/novtek.com.ua\/wp-content\/uploads\/2023\/05\/gpzb-18x9.jpg 18w\" sizes=\"(max-width: 722px) 100vw, 722px\" \/><\/div>\n\t\t<\/figure>\n\t<\/div>\n<\/div><\/div><\/div><div class=\"wpb_column vc_column_container vc_col-md-6\"><div class=\"vc_column-inner\"><div class=\"wpb_wrapper\"><h2 style=\"font-size: 14px;color: #201600;text-align: left\" class=\"vc_custom_heading\" >\u041e\u043f\u0438\u0441<\/h2><div class=\"vc_separator wpb_content_element vc_separator_align_center vc_sep_width_100 vc_sep_border_width_3 vc_sep_pos_align_center vc_separator_no_text vc_sep_color_sky\" ><span class=\"vc_sep_holder vc_sep_holder_l\"><span  class=\"vc_sep_line\"><\/span><\/span><span class=\"vc_sep_holder vc_sep_holder_r\"><span  class=\"vc_sep_line\"><\/span><\/span>\n<\/div>\n\t<div class=\"wpb_text_column wpb_content_element\" >\n\t\t<div class=\"wpb_wrapper\">\n\t\t\t<ul>\n<li>\u0425\u0440\u0435\u0441\u0442\u043e\u043f\u043e\u0434\u0456\u0431\u043d\u0438\u0439 (\u043f\u043e\u0432\u043e\u0440\u043e\u0442\u043d\u0438\u0439) \u0456\u0437 \u0437\u043e\u0432\u043d\u0456\u0448\u043d\u0456\u043c \u0440\u0456\u0437\u044c\u0431\u043b\u0435\u043d\u043d\u044f\u043c \u043f\u0456\u0434 \u0442\u0440\u0443\u0431\u043a\u0443 \u00d86, 8, 10, 12 \u043c\u043c. \u041f\u0456\u0434 \u043a\u043b\u044e\u0447 \u0443 \u043a\u043e\u043c\u043f\u043b\u0435\u043a\u0442\u0456 \u0437 \u0443\u0449\u0456\u043b\u044c\u043d\u044e\u044e\u0447\u0438\u043c \u043a\u0456\u043b\u044c\u0446\u0435\u043c.<\/li>\n<li>\u0420\u043e\u0431\u043e\u0447\u0438\u0439 \u0442\u0438\u0441\u043a 10 \u0431\u0430\u0440.<\/li>\n<\/ul>\n\n\t\t<\/div>\n\t<\/div>\n<\/div><\/div><\/div><\/div><div class=\"vc_row wpb_row vc_row-fluid\"><div class=\"wpb_column vc_column_container vc_col-md-12\"><div class=\"vc_column-inner\"><div class=\"wpb_wrapper\"><h2 style=\"font-size: 14px;color: #201600;text-align: left\" class=\"vc_custom_heading\" >\u0420\u043e\u0437\u043c\u0456\u0440\u0438 \/ \u041d\u043e\u043c\u0435\u0440 \u0434\u043b\u044f \u0437\u0430\u043c\u043e\u0432\u043b\u0435\u043d\u043d\u044f<\/h2><div class=\"vc_separator wpb_content_element vc_separator_align_center vc_sep_width_100 vc_sep_border_width_3 vc_sep_pos_align_center vc_separator_no_text vc_sep_color_sky\" ><span class=\"vc_sep_holder vc_sep_holder_l\"><span  class=\"vc_sep_line\"><\/span><\/span><span class=\"vc_sep_holder vc_sep_holder_r\"><span  class=\"vc_sep_line\"><\/span><\/span>\n<\/div><\/div><\/div><\/div><\/div><div class=\"vc_row wpb_row vc_row-fluid\"><div class=\"wpb_column vc_column_container vc_col-md-12\"><div class=\"vc_column-inner\"><div class=\"wpb_wrapper\">\n\t<div  class=\"wpb_single_image wpb_content_element vc_align_left\">\n\t\t\n\t\t<figure class=\"wpb_wrapper vc_figure\">\n\t\t\t<div class=\"vc_single_image-wrapper   vc_box_border_grey\"><img width=\"217\" height=\"200\" src=\"https:\/\/novtek.com.ua\/wp-content\/uploads\/2020\/07\/GPZB.png\" class=\"vc_single_image-img attachment-full\" alt=\"\" loading=\"lazy\" \/><\/div>\n\t\t<\/figure>\n\t<\/div>\n\n\t<div class=\"wpb_text_column wpb_content_element\" >\n\t\t<div class=\"wpb_wrapper\">\n\t\t\t<table width=\"1139\">\n<tbody>\n<tr>\n<td width=\"89\">\u041c\u043e\u0434\u0435\u043b\u044c<\/td>\n<td style=\"text-align: center;\" width=\"75\">\u00d8D<\/td>\n<td style=\"text-align: center;\" width=\"75\">R<\/td>\n<td style=\"text-align: center;\" width=\"75\">L<\/td>\n<td style=\"text-align: center;\" width=\"75\">A<\/td>\n<td style=\"text-align: center;\" width=\"75\">E<\/td>\n<td style=\"text-align: center;\" width=\"75\">C<\/td>\n<td style=\"text-align: center;\" width=\"75\">\u00d8P<\/td>\n<td style=\"text-align: center;\" width=\"75\">K<\/td>\n<td style=\"text-align: center;\" width=\"75\">\u00d8J<\/td>\n<td style=\"text-align: center;\" width=\"75\">JB<\/td>\n<td style=\"text-align: center;\" width=\"75\">JC<\/td>\n<td style=\"text-align: center;\" width=\"75\">H<\/td>\n<td style=\"text-align: center;\" width=\"75\">\u0412\u0430\u0433\u0430 (\u0433)<\/td>\n<td style=\"text-align: center;\" width=\"75\">\u0428\u0442.\/\u0443-\u043a\u0430<\/td>\n<\/tr>\n<tr>\n<td>GPZB601<\/td>\n<td style=\"text-align: center;\" rowspan=\"3\">6<\/td>\n<td style=\"text-align: center;\">G1\/8<\/td>\n<td style=\"text-align: center;\">5,5<\/td>\n<td style=\"text-align: center;\" rowspan=\"3\">39,5<\/td>\n<td style=\"text-align: center;\">27<\/td>\n<td style=\"text-align: center;\">47<\/td>\n<td style=\"text-align: center;\" rowspan=\"3\">12,5<\/td>\n<td style=\"text-align: center;\" rowspan=\"3\">16,5<\/td>\n<td style=\"text-align: center;\" rowspan=\"3\">3,2<\/td>\n<td style=\"text-align: center;\" rowspan=\"3\">8<\/td>\n<td style=\"text-align: center;\" rowspan=\"3\">16<\/td>\n<td style=\"text-align: center;\">12<\/td>\n<td style=\"text-align: center;\">15<\/td>\n<td style=\"text-align: center;\">10<\/td>\n<\/tr>\n<tr>\n<td>GPZB602<\/td>\n<td style=\"text-align: center;\">G1\/4<\/td>\n<td style=\"text-align: center;\">6,5<\/td>\n<td style=\"text-align: center;\">28,5<\/td>\n<td style=\"text-align: center;\">48,5<\/td>\n<td style=\"text-align: center;\">14<\/td>\n<td style=\"text-align: center;\">18,8<\/td>\n<td style=\"text-align: center;\">10<\/td>\n<\/tr>\n<tr>\n<td>GPZB603<\/td>\n<td style=\"text-align: center;\">G3\/8<\/td>\n<td style=\"text-align: center;\">7<\/td>\n<td style=\"text-align: center;\">30<\/td>\n<td style=\"text-align: center;\">50<\/td>\n<td style=\"text-align: center;\">19<\/td>\n<td style=\"text-align: center;\">27,8<\/td>\n<td style=\"text-align: center;\">10<\/td>\n<\/tr>\n<tr>\n<td>GPZB801<\/td>\n<td style=\"text-align: center;\" rowspan=\"4\">8<\/td>\n<td style=\"text-align: center;\">G1\/8<\/td>\n<td style=\"text-align: center;\">5,5<\/td>\n<td style=\"text-align: center;\" rowspan=\"4\">46<\/td>\n<td style=\"text-align: center;\">30<\/td>\n<td style=\"text-align: center;\">53<\/td>\n<td style=\"text-align: center;\" rowspan=\"4\">15<\/td>\n<td style=\"text-align: center;\" rowspan=\"4\">18,5<\/td>\n<td style=\"text-align: center;\" rowspan=\"4\">4,3<\/td>\n<td style=\"text-align: center;\" rowspan=\"4\">9,5<\/td>\n<td style=\"text-align: center;\" rowspan=\"4\">19<\/td>\n<td style=\"text-align: center;\">14<\/td>\n<td style=\"text-align: center;\">20,7<\/td>\n<td style=\"text-align: center;\">10<\/td>\n<\/tr>\n<tr>\n<td>GPZB802<\/td>\n<td style=\"text-align: center;\">G1\/4<\/td>\n<td style=\"text-align: center;\">6,5<\/td>\n<td style=\"text-align: center;\">31<\/td>\n<td style=\"text-align: center;\">54<\/td>\n<td style=\"text-align: center;\">14<\/td>\n<td style=\"text-align: center;\">22,2<\/td>\n<td style=\"text-align: center;\">10<\/td>\n<\/tr>\n<tr>\n<td>GPZB803<\/td>\n<td style=\"text-align: center;\">G3\/8<\/td>\n<td style=\"text-align: center;\">7<\/td>\n<td style=\"text-align: center;\">32,5<\/td>\n<td style=\"text-align: center;\">55,5<\/td>\n<td style=\"text-align: center;\">19<\/td>\n<td style=\"text-align: center;\">30,7<\/td>\n<td style=\"text-align: center;\">10<\/td>\n<\/tr>\n<tr>\n<td>GPZB804<\/td>\n<td style=\"text-align: center;\">G1\/2<\/td>\n<td style=\"text-align: center;\">8,5<\/td>\n<td style=\"text-align: center;\">35<\/td>\n<td style=\"text-align: center;\">58<\/td>\n<td style=\"text-align: center;\">22<\/td>\n<td style=\"text-align: center;\">40,2<\/td>\n<td style=\"text-align: center;\">10<\/td>\n<\/tr>\n<tr>\n<td>GPZB1002<\/td>\n<td style=\"text-align: center;\" rowspan=\"3\">10<\/td>\n<td style=\"text-align: center;\">G1\/4<\/td>\n<td style=\"text-align: center;\">6,5<\/td>\n<td style=\"text-align: center;\" rowspan=\"3\">52,5<\/td>\n<td style=\"text-align: center;\">35<\/td>\n<td style=\"text-align: center;\">61<\/td>\n<td style=\"text-align: center;\" rowspan=\"3\">18<\/td>\n<td style=\"text-align: center;\" rowspan=\"3\">21<\/td>\n<td style=\"text-align: center;\" rowspan=\"3\">4,3<\/td>\n<td style=\"text-align: center;\" rowspan=\"3\">11<\/td>\n<td style=\"text-align: center;\" rowspan=\"3\">22<\/td>\n<td style=\"text-align: center;\">17<\/td>\n<td style=\"text-align: center;\">31,9<\/td>\n<td style=\"text-align: center;\">10<\/td>\n<\/tr>\n<tr>\n<td>GPZB1003<\/td>\n<td style=\"text-align: center;\">G3\/8<\/td>\n<td style=\"text-align: center;\">7<\/td>\n<td style=\"text-align: center;\">36<\/td>\n<td style=\"text-align: center;\">62<\/td>\n<td style=\"text-align: center;\">19<\/td>\n<td style=\"text-align: center;\">37,3<\/td>\n<td style=\"text-align: center;\">10<\/td>\n<\/tr>\n<tr>\n<td>GPZB1004<\/td>\n<td style=\"text-align: center;\">G1\/2<\/td>\n<td style=\"text-align: center;\">8,5<\/td>\n<td style=\"text-align: center;\">38<\/td>\n<td style=\"text-align: center;\">64,5<\/td>\n<td style=\"text-align: center;\">22<\/td>\n<td style=\"text-align: center;\">45,9<\/td>\n<td style=\"text-align: center;\">10<\/td>\n<\/tr>\n<tr>\n<td>GPZB1203<\/td>\n<td style=\"text-align: center;\" rowspan=\"2\">12<\/td>\n<td style=\"text-align: center;\">G3\/8<\/td>\n<td style=\"text-align: center;\">7<\/td>\n<td style=\"text-align: center;\" rowspan=\"2\">59,5<\/td>\n<td style=\"text-align: center;\">40<\/td>\n<td style=\"text-align: center;\">70<\/td>\n<td style=\"text-align: center;\" rowspan=\"2\">21<\/td>\n<td style=\"text-align: center;\" rowspan=\"2\">23<\/td>\n<td style=\"text-align: center;\" rowspan=\"2\">4,3<\/td>\n<td style=\"text-align: center;\" rowspan=\"2\">13<\/td>\n<td style=\"text-align: center;\" rowspan=\"2\">26<\/td>\n<td style=\"text-align: center;\">21<\/td>\n<td style=\"text-align: center;\">54,4<\/td>\n<td style=\"text-align: center;\">10<\/td>\n<\/tr>\n<tr>\n<td>GPZB1204<\/td>\n<td style=\"text-align: center;\">G1\/2<\/td>\n<td style=\"text-align: center;\">8,5<\/td>\n<td style=\"text-align: center;\">41,5<\/td>\n<td style=\"text-align: center;\">71,5<\/td>\n<td style=\"text-align: center;\">22<\/td>\n<td style=\"text-align: center;\">62,1<\/td>\n<td style=\"text-align: center;\">10<\/td>\n<\/tr>\n<\/tbody>\n<\/table>\n\n\t\t<\/div>\n\t<\/div>\n<\/div><\/div><\/div><\/div>","protected":false},"excerpt":{"rendered":"\u041e\u043f\u0438\u0441\u0430\u043d\u0438\u0435 \u041a\u0440\u0435\u0441\u0442\u043e\u043e\u0431\u0440\u0430\u0437\u043d\u044b\u0439 (\u043f\u043e\u0432\u043e\u0440\u043e\u0442\u043d\u044b\u0439) \u0441 \u0432\u043d\u0435\u0448\u043d\u0435\u0439 \u0440\u0435\u0437\u044c\u0431\u043e\u0439 \u043f\u043e\u0434 \u0442\u0440\u0443\u0431\u043a\u0443 \u00d86, 8, 10, 12 \u043c\u043c. \u041f\u043e\u0434 \u043a\u043b\u044e\u0447 \u0432 \u043a\u043e\u043c\u043f\u043b\u0435\u043a\u0442\u0435 \u0441 \u0443\u043f\u043b\u043e\u0442\u043d\u0438\u0442\u0435\u043b\u044c\u043d\u044b\u043c \u043a\u043e\u043b\u044c\u0446\u043e\u043c. \u0420\u0430\u0431\u043e\u0447\u0435\u0435 \u0434\u0430\u0432\u043b\u0435\u043d\u0438\u0435 10 \u0431\u0430\u0440. \u0420\u0430\u0437\u043c\u0435\u0440\u044b \/ \u0417\u0430\u043a\u0430\u0437\u043d\u043e\u0439 \u043d\u043e\u043c\u0435\u0440 \u041c\u043e\u0434\u0435\u043b\u044c \u00d8D R L A E C \u00d8P K \u00d8J JB JC &hellip;","protected":false},"author":2,"featured_media":0,"parent":6107,"menu_order":0,"comment_status":"closed","ping_status":"closed","template":"","meta":{"om_disable_all_campaigns":false,"_monsterinsights_skip_tracking":false,"_monsterinsights_sitenote_active":false,"_monsterinsights_sitenote_note":"","_monsterinsights_sitenote_category":0},"aioseo_notices":[],"_links":{"self":[{"href":"https:\/\/novtek.com.ua\/uk\/wp-json\/wp\/v2\/pages\/6352"}],"collection":[{"href":"https:\/\/novtek.com.ua\/uk\/wp-json\/wp\/v2\/pages"}],"about":[{"href":"https:\/\/novtek.com.ua\/uk\/wp-json\/wp\/v2\/types\/page"}],"author":[{"embeddable":true,"href":"https:\/\/novtek.com.ua\/uk\/wp-json\/wp\/v2\/users\/2"}],"replies":[{"embeddable":true,"href":"https:\/\/novtek.com.ua\/uk\/wp-json\/wp\/v2\/comments?post=6352"}],"version-history":[{"count":4,"href":"https:\/\/novtek.com.ua\/uk\/wp-json\/wp\/v2\/pages\/6352\/revisions"}],"predecessor-version":[{"id":10055,"href":"https:\/\/novtek.com.ua\/uk\/wp-json\/wp\/v2\/pages\/6352\/revisions\/10055"}],"up":[{"embeddable":true,"href":"https:\/\/novtek.com.ua\/uk\/wp-json\/wp\/v2\/pages\/6107"}],"wp:attachment":[{"href":"https:\/\/novtek.com.ua\/uk\/wp-json\/wp\/v2\/media?parent=6352"}],"curies":[{"name":"wp","href":"https:\/\/api.w.org\/{rel}","templated":true}]}}