{"id":6360,"date":"2020-06-12T19:28:07","date_gmt":"2020-06-12T16:28:07","guid":{"rendered":"http:\/\/novtek.com.ua\/?page_id=6360"},"modified":"2023-08-04T14:48:56","modified_gmt":"2023-08-04T11:48:56","slug":"gpe-2","status":"publish","type":"page","link":"https:\/\/novtek.com.ua\/uk\/products\/pneumatics\/push-in-fittings\/g\/gpe-2\/","title":{"rendered":"\u0424\u0456\u0442\u0438\u043d\u0433 GPE \u0442\u0438\u043f"},"content":{"rendered":"<div class=\"vc_row wpb_row vc_row-fluid\"><div class=\"wpb_column vc_column_container vc_col-md-6\"><div class=\"vc_column-inner\"><div class=\"wpb_wrapper\">\n\t<div  class=\"wpb_single_image wpb_content_element vc_align_left\">\n\t\t\n\t\t<figure class=\"wpb_wrapper vc_figure\">\n\t\t\t<div class=\"vc_single_image-wrapper   vc_box_border_grey\"><img width=\"722\" height=\"368\" src=\"https:\/\/novtek.com.ua\/wp-content\/uploads\/2023\/05\/gpe.jpg\" class=\"vc_single_image-img attachment-full\" alt=\"\" loading=\"lazy\" srcset=\"https:\/\/novtek.com.ua\/wp-content\/uploads\/2023\/05\/gpe.jpg 722w, https:\/\/novtek.com.ua\/wp-content\/uploads\/2023\/05\/gpe-300x153.jpg 300w, https:\/\/novtek.com.ua\/wp-content\/uploads\/2023\/05\/gpe-18x9.jpg 18w\" sizes=\"(max-width: 722px) 100vw, 722px\" \/><\/div>\n\t\t<\/figure>\n\t<\/div>\n<\/div><\/div><\/div><div class=\"wpb_column vc_column_container vc_col-md-6\"><div class=\"vc_column-inner\"><div class=\"wpb_wrapper\"><h2 style=\"font-size: 14px;color: #201600;text-align: left\" class=\"vc_custom_heading\" >\u041e\u043f\u0438\u0441<\/h2><div class=\"vc_separator wpb_content_element vc_separator_align_center vc_sep_width_100 vc_sep_border_width_3 vc_sep_pos_align_center vc_separator_no_text vc_sep_color_sky\" ><span class=\"vc_sep_holder vc_sep_holder_l\"><span  class=\"vc_sep_line\"><\/span><\/span><span class=\"vc_sep_holder vc_sep_holder_r\"><span  class=\"vc_sep_line\"><\/span><\/span>\n<\/div>\n\t<div class=\"wpb_text_column wpb_content_element\" >\n\t\t<div class=\"wpb_wrapper\">\n\t\t\t<ul>\n<li>\u0422\u0440\u0456\u0439\u043d\u0438\u043a \u0456\u0437 \u043f\u0440\u044f\u043c\u0438\u043c \u043f\u0435\u0440\u0435\u0445\u043e\u0434\u043e\u043c \u043f\u0456\u0434 \u0442\u0440\u0443\u0431\u043a\u0443 \u00d84, 6, 8, 10, 12 \u043c\u043c.<\/li>\n<li>\u0420\u043e\u0431\u043e\u0447\u0438\u0439 \u0442\u0438\u0441\u043a 10 \u0431\u0430\u0440.<\/li>\n<\/ul>\n\n\t\t<\/div>\n\t<\/div>\n<\/div><\/div><\/div><\/div><div class=\"vc_row wpb_row vc_row-fluid\"><div class=\"wpb_column vc_column_container vc_col-md-12\"><div class=\"vc_column-inner\"><div class=\"wpb_wrapper\"><h2 style=\"font-size: 14px;color: #201600;text-align: left\" class=\"vc_custom_heading\" >\u0420\u043e\u0437\u043c\u0456\u0440\u0438 \/ \u041d\u043e\u043c\u0435\u0440 \u0434\u043b\u044f \u0437\u0430\u043c\u043e\u0432\u043b\u0435\u043d\u043d\u044f<\/h2><div class=\"vc_separator wpb_content_element vc_separator_align_center vc_sep_width_100 vc_sep_border_width_3 vc_sep_pos_align_center vc_separator_no_text vc_sep_color_sky\" ><span class=\"vc_sep_holder vc_sep_holder_l\"><span  class=\"vc_sep_line\"><\/span><\/span><span class=\"vc_sep_holder vc_sep_holder_r\"><span  class=\"vc_sep_line\"><\/span><\/span>\n<\/div><\/div><\/div><\/div><\/div><div class=\"vc_row wpb_row vc_row-fluid\"><div class=\"wpb_column vc_column_container vc_col-md-12\"><div class=\"vc_column-inner\"><div class=\"wpb_wrapper\">\n\t<div  class=\"wpb_single_image wpb_content_element vc_align_left\">\n\t\t\n\t\t<figure class=\"wpb_wrapper vc_figure\">\n\t\t\t<div class=\"vc_single_image-wrapper   vc_box_border_grey\"><img width=\"315\" height=\"200\" src=\"https:\/\/novtek.com.ua\/wp-content\/uploads\/2020\/07\/GPE.png\" class=\"vc_single_image-img attachment-full\" alt=\"\" loading=\"lazy\" srcset=\"https:\/\/novtek.com.ua\/wp-content\/uploads\/2020\/07\/GPE.png 315w, https:\/\/novtek.com.ua\/wp-content\/uploads\/2020\/07\/GPE-300x190.png 300w\" sizes=\"(max-width: 315px) 100vw, 315px\" \/><\/div>\n\t\t<\/figure>\n\t<\/div>\n\n\t<div class=\"wpb_text_column wpb_content_element\" >\n\t\t<div class=\"wpb_wrapper\">\n\t\t\t<table width=\"801\">\n<tbody>\n<tr>\n<td style=\"width: 85px;\">\u041c\u043e\u0434\u0435\u043b\u044c<\/td>\n<td style=\"width: 80px; text-align: center;\">\u00d8D<\/td>\n<td style=\"width: 82px; text-align: center;\">\u00d8P<\/td>\n<td style=\"width: 82px; text-align: center;\">K<\/td>\n<td style=\"width: 83px; text-align: center;\">E<\/td>\n<td style=\"width: 82px; text-align: center;\">\u00d8J<\/td>\n<td style=\"width: 82px; text-align: center;\">JB<\/td>\n<td style=\"width: 83px; text-align: center;\">\u0412\u0430\u0433\u0430 (\u0433)<\/td>\n<td style=\"width: 84px; text-align: center;\">\u0428\u0442.\/\u0443-\u043a\u0430<\/td>\n<\/tr>\n<tr>\n<td style=\"width: 85px;\">GPE4<\/td>\n<td style=\"width: 80px; text-align: center;\">4<\/td>\n<td style=\"width: 82px; text-align: center;\">9<\/td>\n<td style=\"width: 82px; text-align: center;\">14<\/td>\n<td style=\"width: 83px; text-align: center;\">17<\/td>\n<td style=\"width: 82px; text-align: center;\">3,2<\/td>\n<td style=\"width: 82px; text-align: center;\">6,5<\/td>\n<td style=\"width: 83px; text-align: center;\">3,1<\/td>\n<td style=\"width: 84px; text-align: center;\">10<\/td>\n<\/tr>\n<tr>\n<td style=\"width: 85px;\">GPE6<\/td>\n<td style=\"width: 80px; text-align: center;\">6<\/td>\n<td style=\"width: 82px; text-align: center;\">12,5<\/td>\n<td style=\"width: 82px; text-align: center;\">16,5<\/td>\n<td style=\"width: 83px; text-align: center;\">20<\/td>\n<td style=\"width: 82px; text-align: center;\">3,2<\/td>\n<td style=\"width: 82px; text-align: center;\">8<\/td>\n<td style=\"width: 83px; text-align: center;\">6,1<\/td>\n<td style=\"width: 84px; text-align: center;\">10<\/td>\n<\/tr>\n<tr>\n<td style=\"width: 85px;\">GPE8<\/td>\n<td style=\"width: 80px; text-align: center;\">8<\/td>\n<td style=\"width: 82px; text-align: center;\">15<\/td>\n<td style=\"width: 82px; text-align: center;\">18,5<\/td>\n<td style=\"width: 83px; text-align: center;\">23<\/td>\n<td style=\"width: 82px; text-align: center;\">4,3<\/td>\n<td style=\"width: 82px; text-align: center;\">9,5<\/td>\n<td style=\"width: 83px; text-align: center;\">8,8<\/td>\n<td style=\"width: 84px; text-align: center;\">10<\/td>\n<\/tr>\n<tr>\n<td style=\"width: 85px;\">GPE10<\/td>\n<td style=\"width: 80px; text-align: center;\">10<\/td>\n<td style=\"width: 82px; text-align: center;\">18<\/td>\n<td style=\"width: 82px; text-align: center;\">21<\/td>\n<td style=\"width: 83px; text-align: center;\">26,5<\/td>\n<td style=\"width: 82px; text-align: center;\">4,3<\/td>\n<td style=\"width: 82px; text-align: center;\">11<\/td>\n<td style=\"width: 83px; text-align: center;\">13,8<\/td>\n<td style=\"width: 84px; text-align: center;\">10<\/td>\n<\/tr>\n<tr>\n<td style=\"width: 85px;\">GPE12<\/td>\n<td style=\"width: 80px; text-align: center;\">12<\/td>\n<td style=\"width: 82px; text-align: center;\">21<\/td>\n<td style=\"width: 82px; text-align: center;\">23<\/td>\n<td style=\"width: 83px; text-align: center;\">30<\/td>\n<td style=\"width: 82px; text-align: center;\">4,3<\/td>\n<td style=\"width: 82px; text-align: center;\">13<\/td>\n<td style=\"width: 83px; text-align: center;\">21<\/td>\n<td style=\"width: 84px; text-align: center;\">10<\/td>\n<\/tr>\n<\/tbody>\n<\/table>\n\n\t\t<\/div>\n\t<\/div>\n<\/div><\/div><\/div><\/div><div class=\"vc_row wpb_row vc_row-fluid\"><div class=\"wpb_column vc_column_container vc_col-md-4\"><div class=\"vc_column-inner\"><div class=\"wpb_wrapper\">\n\t<div  class=\"wpb_single_image wpb_content_element vc_align_left\">\n\t\t\n\t\t<figure class=\"wpb_wrapper vc_figure\">\n\t\t\t<div class=\"vc_single_image-wrapper   vc_box_border_grey\"><img width=\"880\" height=\"497\" src=\"https:\/\/novtek.com.ua\/wp-content\/uploads\/2023\/08\/put-wtrut.jpg\" class=\"vc_single_image-img attachment-full\" alt=\"\" loading=\"lazy\" srcset=\"https:\/\/novtek.com.ua\/wp-content\/uploads\/2023\/08\/put-wtrut.jpg 880w, https:\/\/novtek.com.ua\/wp-content\/uploads\/2023\/08\/put-wtrut-300x169.jpg 300w, https:\/\/novtek.com.ua\/wp-content\/uploads\/2023\/08\/put-wtrut-768x434.jpg 768w, https:\/\/novtek.com.ua\/wp-content\/uploads\/2023\/08\/put-wtrut-18x10.jpg 18w\" sizes=\"(max-width: 880px) 100vw, 880px\" \/><\/div>\n\t\t<\/figure>\n\t<\/div>\n<\/div><\/div><\/div><div class=\"wpb_column vc_column_container vc_col-md-4\"><div class=\"vc_column-inner\"><div class=\"wpb_wrapper\"><\/div><\/div><\/div><div class=\"wpb_column vc_column_container vc_col-md-4\"><div class=\"vc_column-inner\"><div class=\"wpb_wrapper\"><\/div><\/div><\/div><\/div><div class=\"vc_row wpb_row vc_row-fluid\"><div class=\"wpb_column vc_column_container vc_col-md-12\"><div class=\"vc_column-inner\"><div class=\"wpb_wrapper\">\n\t<div class=\"wpb_text_column wpb_content_element\" >\n\t\t<div class=\"wpb_wrapper\">\n\t\t\t<table width=\"818\">\n<tbody>\n<tr>\n<td style=\"text-align: center;\" colspan=\"2\" width=\"178\">\u041c\u043e\u0434\u0435\u043b\u044c<\/td>\n<td style=\"text-align: center;\" width=\"64\">\u00d8D<\/td>\n<td style=\"text-align: center;\" width=\"64\">\u00d8P<\/td>\n<td style=\"text-align: center;\" width=\"64\">L2<\/td>\n<td style=\"text-align: center;\" width=\"64\">L1<\/td>\n<td style=\"text-align: center;\" width=\"64\">\u00d8C<\/td>\n<td style=\"text-align: center;\" width=\"64\">B<\/td>\n<td style=\"text-align: center;\" width=\"64\">M1<\/td>\n<td style=\"text-align: center;\" width=\"64\">M2<\/td>\n<td style=\"text-align: center;\" width=\"64\">DN<\/td>\n<td style=\"text-align: center;\" width=\"64\">\u0412\u0430\u0433\u0430 (\u0433)<\/td>\n<\/tr>\n<tr>\n<td style=\"text-align: center;\" width=\"89\">PUT1400N<\/td>\n<td style=\"text-align: center;\">WTRUT1400<\/td>\n<td style=\"text-align: center;\" width=\"64\">14<\/td>\n<td style=\"text-align: center;\" width=\"64\">23<\/td>\n<td style=\"text-align: center;\" width=\"64\">31,9<\/td>\n<td style=\"text-align: center;\" width=\"64\">31,9<\/td>\n<td style=\"text-align: center;\" width=\"64\">4,3<\/td>\n<td style=\"text-align: center;\" width=\"64\">23,7<\/td>\n<td style=\"text-align: center;\" width=\"64\">13,7<\/td>\n<td style=\"text-align: center;\" width=\"64\">27,3<\/td>\n<td style=\"text-align: center;\" width=\"64\">12<\/td>\n<td style=\"text-align: center;\" width=\"64\">39<\/td>\n<\/tr>\n<tr>\n<td style=\"text-align: center;\" width=\"89\">PUT1600N<\/td>\n<td style=\"text-align: center;\">WTRUT1600<\/td>\n<td style=\"text-align: center;\" width=\"64\">16<\/td>\n<td style=\"text-align: center;\" width=\"64\">25,5<\/td>\n<td style=\"text-align: center;\" width=\"64\">34,3<\/td>\n<td style=\"text-align: center;\" width=\"64\">34,3<\/td>\n<td style=\"text-align: center;\" width=\"64\">5,3<\/td>\n<td style=\"text-align: center;\" width=\"64\">24,1<\/td>\n<td style=\"text-align: center;\" width=\"64\">15,9<\/td>\n<td style=\"text-align: center;\" width=\"64\">31,8<\/td>\n<td style=\"text-align: center;\" width=\"64\">13<\/td>\n<td style=\"text-align: center;\" width=\"64\">50<\/td>\n<\/tr>\n<\/tbody>\n<\/table>\n<p>* \u0420\u043e\u0437\u043c\u0456\u0440\u0438 \u0432\u043a\u0430\u0437\u0430\u043d\u0456 \u0434\u043b\u044f \u0441\u0435\u0440\u0456\u0457 PUT.<\/p>\n<p>** PUT \u0441\u0435\u0440\u0456\u044f \u2013 \u0446\u0430\u043d\u0433\u0430 \u0441\u0438\u043d\u044c\u043e\u0433\u043e \u043a\u043e\u043b\u044c\u043e\u0440\u0443, WTRUT \u2013 \u0446\u0430\u043d\u0433\u0430 \u0447\u043e\u0440\u043d\u043e\u0433\u043e \u043a\u043e\u043b\u044c\u043e\u0440\u0443.<\/p>\n\n\t\t<\/div>\n\t<\/div>\n<\/div><\/div><\/div><\/div>","protected":false},"excerpt":{"rendered":"\u041e\u043f\u0438\u0441\u0430\u043d\u0438\u0435 \u0422\u0440\u043e\u0439\u043d\u0438\u043a \u0441 \u043f\u0440\u044f\u043c\u044b\u043c \u043f\u0435\u0440\u0435\u0445\u043e\u0434\u043e\u043c \u043f\u043e\u0434 \u0442\u0440\u0443\u0431\u043a\u0443 \u00d84, 6, 8, 10, 12 \u043c\u043c. \u0420\u0430\u0431\u043e\u0447\u0435\u0435 \u0434\u0430\u0432\u043b\u0435\u043d\u0438\u0435 10 \u0431\u0430\u0440. \u0420\u0430\u0437\u043c\u0435\u0440\u044b \/ \u0417\u0430\u043a\u0430\u0437\u043d\u043e\u0439 \u043d\u043e\u043c\u0435\u0440 \u041c\u043e\u0434\u0435\u043b\u044c \u00d8D \u00d8P K E \u00d8J JB \u0412\u0435\u0441 (\u0433\u0440) \u0428\u0442\/\u0443-\u043a\u0430 GPE4 4 9 14 17 3,2 6,5 3,1 10 &hellip;","protected":false},"author":2,"featured_media":0,"parent":6107,"menu_order":0,"comment_status":"closed","ping_status":"closed","template":"","meta":{"om_disable_all_campaigns":false,"_monsterinsights_skip_tracking":false,"_monsterinsights_sitenote_active":false,"_monsterinsights_sitenote_note":"","_monsterinsights_sitenote_category":0},"aioseo_notices":[],"_links":{"self":[{"href":"https:\/\/novtek.com.ua\/uk\/wp-json\/wp\/v2\/pages\/6360"}],"collection":[{"href":"https:\/\/novtek.com.ua\/uk\/wp-json\/wp\/v2\/pages"}],"about":[{"href":"https:\/\/novtek.com.ua\/uk\/wp-json\/wp\/v2\/types\/page"}],"author":[{"embeddable":true,"href":"https:\/\/novtek.com.ua\/uk\/wp-json\/wp\/v2\/users\/2"}],"replies":[{"embeddable":true,"href":"https:\/\/novtek.com.ua\/uk\/wp-json\/wp\/v2\/comments?post=6360"}],"version-history":[{"count":6,"href":"https:\/\/novtek.com.ua\/uk\/wp-json\/wp\/v2\/pages\/6360\/revisions"}],"predecessor-version":[{"id":10445,"href":"https:\/\/novtek.com.ua\/uk\/wp-json\/wp\/v2\/pages\/6360\/revisions\/10445"}],"up":[{"embeddable":true,"href":"https:\/\/novtek.com.ua\/uk\/wp-json\/wp\/v2\/pages\/6107"}],"wp:attachment":[{"href":"https:\/\/novtek.com.ua\/uk\/wp-json\/wp\/v2\/media?parent=6360"}],"curies":[{"name":"wp","href":"https:\/\/api.w.org\/{rel}","templated":true}]}}