{"id":6391,"date":"2020-06-12T19:37:50","date_gmt":"2020-06-12T16:37:50","guid":{"rendered":"http:\/\/novtek.com.ua\/?page_id=6391"},"modified":"2023-08-04T15:06:13","modified_gmt":"2023-08-04T12:06:13","slug":"gpg-2","status":"publish","type":"page","link":"https:\/\/novtek.com.ua\/uk\/products\/pneumatics\/push-in-fittings\/g\/gpg-2\/","title":{"rendered":"\u0424\u0456\u0442\u0438\u043d\u0433 GPG \u0442\u0438\u043f"},"content":{"rendered":"<div class=\"vc_row wpb_row vc_row-fluid\"><div class=\"wpb_column vc_column_container vc_col-md-6\"><div class=\"vc_column-inner\"><div class=\"wpb_wrapper\">\n\t<div  class=\"wpb_single_image wpb_content_element vc_align_left\">\n\t\t\n\t\t<figure class=\"wpb_wrapper vc_figure\">\n\t\t\t<div class=\"vc_single_image-wrapper   vc_box_border_grey\"><img width=\"722\" height=\"368\" src=\"https:\/\/novtek.com.ua\/wp-content\/uploads\/2023\/05\/gpg-2.jpg\" class=\"vc_single_image-img attachment-full\" alt=\"\" loading=\"lazy\" srcset=\"https:\/\/novtek.com.ua\/wp-content\/uploads\/2023\/05\/gpg-2.jpg 722w, https:\/\/novtek.com.ua\/wp-content\/uploads\/2023\/05\/gpg-2-300x153.jpg 300w, https:\/\/novtek.com.ua\/wp-content\/uploads\/2023\/05\/gpg-2-18x9.jpg 18w\" sizes=\"(max-width: 722px) 100vw, 722px\" \/><\/div>\n\t\t<\/figure>\n\t<\/div>\n<\/div><\/div><\/div><div class=\"wpb_column vc_column_container vc_col-md-6\"><div class=\"vc_column-inner\"><div class=\"wpb_wrapper\"><h2 style=\"font-size: 14px;color: #201600;text-align: left\" class=\"vc_custom_heading\" >\u041e\u043f\u0438\u0441<\/h2><div class=\"vc_separator wpb_content_element vc_separator_align_center vc_sep_width_100 vc_sep_border_width_3 vc_sep_pos_align_center vc_separator_no_text vc_sep_color_sky\" ><span class=\"vc_sep_holder vc_sep_holder_l\"><span  class=\"vc_sep_line\"><\/span><\/span><span class=\"vc_sep_holder vc_sep_holder_r\"><span  class=\"vc_sep_line\"><\/span><\/span>\n<\/div>\n\t<div class=\"wpb_text_column wpb_content_element\" >\n\t\t<div class=\"wpb_wrapper\">\n\t\t\t<ul>\n<li>\u0417'\u0454\u0434\u043d\u0443\u0432\u0430\u0447 \u0437 \u043d\u0435 \u043f\u0440\u044f\u043c\u0438\u043c \u043f\u0435\u0440\u0435\u0445\u043e\u0434\u043e\u043c \u043f\u0456\u0434 \u0442\u0440\u0443\u0431\u043a\u0443 \u00d84, 6, 8, 10, 12 \u043c\u043c.<\/li>\n<li>\u0420\u043e\u0431\u043e\u0447\u0438\u0439 \u0442\u0438\u0441\u043a 10 \u0431\u0430\u0440.<\/li>\n<\/ul>\n\n\t\t<\/div>\n\t<\/div>\n<\/div><\/div><\/div><\/div><div class=\"vc_row wpb_row vc_row-fluid\"><div class=\"wpb_column vc_column_container vc_col-md-12\"><div class=\"vc_column-inner\"><div class=\"wpb_wrapper\"><h2 style=\"font-size: 14px;color: #201600;text-align: left\" class=\"vc_custom_heading\" >\u0420\u043e\u0437\u043c\u0456\u0440\u0438 \/ \u041d\u043e\u043c\u0435\u0440 \u0434\u043b\u044f \u0437\u0430\u043c\u043e\u0432\u043b\u0435\u043d\u043d\u044f<\/h2><div class=\"vc_separator wpb_content_element vc_separator_align_center vc_sep_width_100 vc_sep_border_width_3 vc_sep_pos_align_center vc_separator_no_text vc_sep_color_sky\" ><span class=\"vc_sep_holder vc_sep_holder_l\"><span  class=\"vc_sep_line\"><\/span><\/span><span class=\"vc_sep_holder vc_sep_holder_r\"><span  class=\"vc_sep_line\"><\/span><\/span>\n<\/div><\/div><\/div><\/div><\/div><div class=\"vc_row wpb_row vc_row-fluid\"><div class=\"wpb_column vc_column_container vc_col-md-12\"><div class=\"vc_column-inner\"><div class=\"wpb_wrapper\">\n\t<div  class=\"wpb_single_image wpb_content_element vc_align_left\">\n\t\t\n\t\t<figure class=\"wpb_wrapper vc_figure\">\n\t\t\t<div class=\"vc_single_image-wrapper   vc_box_border_grey\"><img width=\"309\" height=\"200\" src=\"https:\/\/novtek.com.ua\/wp-content\/uploads\/2020\/07\/GPG.png\" class=\"vc_single_image-img attachment-full\" alt=\"\" loading=\"lazy\" srcset=\"https:\/\/novtek.com.ua\/wp-content\/uploads\/2020\/07\/GPG.png 309w, https:\/\/novtek.com.ua\/wp-content\/uploads\/2020\/07\/GPG-300x194.png 300w\" sizes=\"(max-width: 309px) 100vw, 309px\" \/><\/div>\n\t\t<\/figure>\n\t<\/div>\n\n\t<div class=\"wpb_text_column wpb_content_element\" >\n\t\t<div class=\"wpb_wrapper\">\n\t\t\t<table width=\"911\">\n<tbody>\n<tr>\n<td width=\"110\">\u041c\u043e\u0434\u0435\u043b\u044c<\/td>\n<td style=\"text-align: center;\" width=\"89\">\u00d8DA<\/td>\n<td style=\"text-align: center;\" width=\"89\">\u00d8DB<\/td>\n<td style=\"text-align: center;\" width=\"89\">\u00d8PA<\/td>\n<td style=\"text-align: center;\" width=\"89\">\u00d8PB<\/td>\n<td style=\"text-align: center;\" width=\"89\">KA<\/td>\n<td style=\"text-align: center;\" width=\"89\">KB<\/td>\n<td style=\"text-align: center;\" width=\"89\">A<\/td>\n<td style=\"text-align: center;\" width=\"89\">\u0412\u0430\u0433\u0430 (\u0433)<\/td>\n<td style=\"text-align: center;\" width=\"89\">\u0428\u0442.\/\u0443-\u043a\u0430<\/td>\n<\/tr>\n<tr>\n<td>GPG6-4<\/td>\n<td style=\"text-align: center;\">6<\/td>\n<td style=\"text-align: center;\">4<\/td>\n<td style=\"text-align: center;\">12,5<\/td>\n<td style=\"text-align: center;\">9<\/td>\n<td style=\"text-align: center;\">16,5<\/td>\n<td style=\"text-align: center;\">14<\/td>\n<td style=\"text-align: center;\">33,5<\/td>\n<td style=\"text-align: center;\">2,7<\/td>\n<td style=\"text-align: center;\">10<\/td>\n<\/tr>\n<tr>\n<td>GPG8-4<\/td>\n<td style=\"text-align: center;\">8<\/td>\n<td style=\"text-align: center;\">6<\/td>\n<td style=\"text-align: center;\">15<\/td>\n<td style=\"text-align: center;\">12,5<\/td>\n<td style=\"text-align: center;\">18,5<\/td>\n<td style=\"text-align: center;\">14<\/td>\n<td style=\"text-align: center;\">37,5<\/td>\n<td style=\"text-align: center;\">4,5<\/td>\n<td style=\"text-align: center;\">10<\/td>\n<\/tr>\n<tr>\n<td>GPG8-6<\/td>\n<td style=\"text-align: center;\">8<\/td>\n<td style=\"text-align: center;\">6<\/td>\n<td style=\"text-align: center;\">15<\/td>\n<td style=\"text-align: center;\">12,5<\/td>\n<td style=\"text-align: center;\">18,5<\/td>\n<td style=\"text-align: center;\">16,5<\/td>\n<td style=\"text-align: center;\">38<\/td>\n<td style=\"text-align: center;\">4,5<\/td>\n<td style=\"text-align: center;\">10<\/td>\n<\/tr>\n<tr>\n<td>GPG10-6<\/td>\n<td style=\"text-align: center;\">10<\/td>\n<td style=\"text-align: center;\">6<\/td>\n<td style=\"text-align: center;\">18<\/td>\n<td style=\"text-align: center;\">15<\/td>\n<td style=\"text-align: center;\">21<\/td>\n<td style=\"text-align: center;\">16,5<\/td>\n<td style=\"text-align: center;\">42<\/td>\n<td style=\"text-align: center;\">6,9<\/td>\n<td style=\"text-align: center;\">10<\/td>\n<\/tr>\n<tr>\n<td>GPG10-8<\/td>\n<td style=\"text-align: center;\">10<\/td>\n<td style=\"text-align: center;\">8<\/td>\n<td style=\"text-align: center;\">18<\/td>\n<td style=\"text-align: center;\">15<\/td>\n<td style=\"text-align: center;\">21<\/td>\n<td style=\"text-align: center;\">18,5<\/td>\n<td style=\"text-align: center;\">42,5<\/td>\n<td style=\"text-align: center;\">6,7<\/td>\n<td style=\"text-align: center;\">10<\/td>\n<\/tr>\n<tr>\n<td>GPG12-8<\/td>\n<td style=\"text-align: center;\">12<\/td>\n<td style=\"text-align: center;\">8<\/td>\n<td style=\"text-align: center;\">21<\/td>\n<td style=\"text-align: center;\">18<\/td>\n<td style=\"text-align: center;\">23<\/td>\n<td style=\"text-align: center;\">18,5<\/td>\n<td style=\"text-align: center;\">46,5<\/td>\n<td style=\"text-align: center;\">10,3<\/td>\n<td style=\"text-align: center;\">10<\/td>\n<\/tr>\n<tr>\n<td>GPG12-10<\/td>\n<td style=\"text-align: center;\">12<\/td>\n<td style=\"text-align: center;\">10<\/td>\n<td style=\"text-align: center;\">21<\/td>\n<td style=\"text-align: center;\">18<\/td>\n<td style=\"text-align: center;\">23<\/td>\n<td style=\"text-align: center;\">21<\/td>\n<td style=\"text-align: center;\">47<\/td>\n<td style=\"text-align: center;\">10,2<\/td>\n<td style=\"text-align: center;\">10<\/td>\n<\/tr>\n<\/tbody>\n<\/table>\n\n\t\t<\/div>\n\t<\/div>\n<\/div><\/div><\/div><\/div><div class=\"vc_row wpb_row vc_row-fluid\"><div class=\"wpb_column vc_column_container vc_col-md-4\"><div class=\"vc_column-inner\"><div class=\"wpb_wrapper\">\n\t<div  class=\"wpb_single_image wpb_content_element vc_align_left\">\n\t\t\n\t\t<figure class=\"wpb_wrapper vc_figure\">\n\t\t\t<div class=\"vc_single_image-wrapper   vc_box_border_grey\"><img width=\"671\" height=\"520\" src=\"https:\/\/novtek.com.ua\/wp-content\/uploads\/2023\/08\/pg-wtrg.jpg\" class=\"vc_single_image-img attachment-full\" alt=\"\" loading=\"lazy\" srcset=\"https:\/\/novtek.com.ua\/wp-content\/uploads\/2023\/08\/pg-wtrg.jpg 671w, https:\/\/novtek.com.ua\/wp-content\/uploads\/2023\/08\/pg-wtrg-300x232.jpg 300w, https:\/\/novtek.com.ua\/wp-content\/uploads\/2023\/08\/pg-wtrg-15x12.jpg 15w\" sizes=\"(max-width: 671px) 100vw, 671px\" \/><\/div>\n\t\t<\/figure>\n\t<\/div>\n<\/div><\/div><\/div><div class=\"wpb_column vc_column_container vc_col-md-4\"><div class=\"vc_column-inner\"><div class=\"wpb_wrapper\"><\/div><\/div><\/div><div class=\"wpb_column vc_column_container vc_col-md-4\"><div class=\"vc_column-inner\"><div class=\"wpb_wrapper\"><\/div><\/div><\/div><\/div><div class=\"vc_row wpb_row vc_row-fluid\"><div class=\"wpb_column vc_column_container vc_col-md-12\"><div class=\"vc_column-inner\"><div class=\"wpb_wrapper\">\n\t<div class=\"wpb_text_column wpb_content_element\" >\n\t\t<div class=\"wpb_wrapper\">\n\t\t\t<table width=\"754\">\n<tbody>\n<tr>\n<td style=\"text-align: center;\" colspan=\"2\" width=\"178\">\u041c\u043e\u0434\u0435\u043b\u044c<\/td>\n<td style=\"text-align: center;\" width=\"64\">\u00d8D1<\/td>\n<td style=\"text-align: center;\" width=\"64\">\u00d8D2<\/td>\n<td style=\"text-align: center;\" width=\"64\">\u00d8P1*<\/td>\n<td style=\"text-align: center;\" width=\"64\">\u00d8P2*<\/td>\n<td style=\"text-align: center;\" width=\"64\">L*<\/td>\n<td style=\"text-align: center;\" width=\"64\">B1*<\/td>\n<td style=\"text-align: center;\" width=\"64\">B2*<\/td>\n<td style=\"text-align: center;\" width=\"64\">DN*<\/td>\n<td style=\"text-align: center;\" width=\"64\">\u0412\u0430\u0433\u0430 (\u0433)<\/td>\n<\/tr>\n<tr>\n<td style=\"text-align: center;\">&#8212;<\/td>\n<td style=\"text-align: center;\">WTRG1410<\/td>\n<td style=\"text-align: center;\" width=\"64\">&#8212;<\/td>\n<td style=\"text-align: center;\" width=\"64\">&#8212;<\/td>\n<td style=\"text-align: center;\" width=\"64\">&#8212;<\/td>\n<td style=\"text-align: center;\" width=\"64\">&#8212;<\/td>\n<td style=\"text-align: center;\" width=\"64\">&#8212;<\/td>\n<td style=\"text-align: center;\" width=\"64\">&#8212;<\/td>\n<td style=\"text-align: center;\" width=\"64\">&#8212;<\/td>\n<td style=\"text-align: center;\" width=\"64\">&#8212;<\/td>\n<td style=\"text-align: center;\" width=\"64\">&#8212;<\/td>\n<\/tr>\n<tr>\n<td style=\"text-align: center;\" width=\"89\">PG1412N<\/td>\n<td style=\"text-align: center;\">WTRG1412<\/td>\n<td style=\"text-align: center;\" width=\"64\">14<\/td>\n<td style=\"text-align: center;\" width=\"64\">12<\/td>\n<td style=\"text-align: center;\" width=\"64\">23<\/td>\n<td style=\"text-align: center;\" width=\"64\">20,5<\/td>\n<td style=\"text-align: center;\" width=\"64\">49,4<\/td>\n<td style=\"text-align: center;\" width=\"64\">23,7<\/td>\n<td style=\"text-align: center;\" width=\"64\">22,9<\/td>\n<td style=\"text-align: center;\" width=\"64\">10<\/td>\n<td style=\"text-align: center;\" width=\"64\">21<\/td>\n<\/tr>\n<tr>\n<td style=\"text-align: center;\">&#8212;<\/td>\n<td style=\"text-align: center;\">WTRG1610<\/td>\n<td style=\"text-align: center;\" width=\"64\">&#8212;<\/td>\n<td style=\"text-align: center;\" width=\"64\">&#8212;<\/td>\n<td style=\"text-align: center;\" width=\"64\">&#8212;<\/td>\n<td style=\"text-align: center;\" width=\"64\">&#8212;<\/td>\n<td style=\"text-align: center;\" width=\"64\">&#8212;<\/td>\n<td style=\"text-align: center;\" width=\"64\">&#8212;<\/td>\n<td style=\"text-align: center;\" width=\"64\">&#8212;<\/td>\n<td style=\"text-align: center;\" width=\"64\">&#8212;<\/td>\n<td style=\"text-align: center;\" width=\"64\">&#8212;<\/td>\n<\/tr>\n<tr>\n<td style=\"text-align: center;\" width=\"89\">PG1612N<\/td>\n<td style=\"text-align: center;\">WTRG1612<\/td>\n<td style=\"text-align: center;\" width=\"64\">16<\/td>\n<td style=\"text-align: center;\" width=\"64\">12<\/td>\n<td style=\"text-align: center;\" width=\"64\">25,5<\/td>\n<td style=\"text-align: center;\" width=\"64\">20,5<\/td>\n<td style=\"text-align: center;\" width=\"64\">49,9<\/td>\n<td style=\"text-align: center;\" width=\"64\">24,1<\/td>\n<td style=\"text-align: center;\" width=\"64\">22,9<\/td>\n<td style=\"text-align: center;\" width=\"64\">10<\/td>\n<td style=\"text-align: center;\" width=\"64\">25<\/td>\n<\/tr>\n<tr>\n<td style=\"text-align: center;\">&#8212;<\/td>\n<td style=\"text-align: center;\">WTRG1614<\/td>\n<td style=\"text-align: center;\" width=\"64\">&#8212;<\/td>\n<td style=\"text-align: center;\" width=\"64\">&#8212;<\/td>\n<td style=\"text-align: center;\" width=\"64\">&#8212;<\/td>\n<td style=\"text-align: center;\" width=\"64\">&#8212;<\/td>\n<td style=\"text-align: center;\" width=\"64\">&#8212;<\/td>\n<td style=\"text-align: center;\" width=\"64\">&#8212;<\/td>\n<td style=\"text-align: center;\" width=\"64\">&#8212;<\/td>\n<td style=\"text-align: center;\" width=\"64\">&#8212;<\/td>\n<td style=\"text-align: center;\" width=\"64\">&#8212;<\/td>\n<\/tr>\n<\/tbody>\n<\/table>\n<p>* \u0420\u043e\u0437\u043c\u0456\u0440\u0438 \u0432\u043a\u0430\u0437\u0430\u043d\u0456 \u0434\u043b\u044f \u0441\u0435\u0440\u0456\u0457 PG.<\/p>\n<p>** PG \u0441\u0435\u0440\u0456\u044f \u2013 \u0446\u0430\u043d\u0433\u0430 \u0441\u0438\u043d\u044c\u043e\u0433\u043e \u043a\u043e\u043b\u044c\u043e\u0440\u0443, WTRG \u2013 \u0446\u0430\u043d\u0433\u0430 \u0447\u043e\u0440\u043d\u043e\u0433\u043e \u043a\u043e\u043b\u044c\u043e\u0440\u0443.<\/p>\n\n\t\t<\/div>\n\t<\/div>\n<\/div><\/div><\/div><\/div>","protected":false},"excerpt":{"rendered":"\u041e\u043f\u0438\u0441\u0430\u043d\u0438\u0435 \u0421\u043e\u0435\u0434\u0438\u043d\u0438\u0442\u0435\u043b\u044c \u0441 \u043d\u0435 \u043f\u0440\u044f\u043c\u044b\u043c \u043f\u0435\u0440\u0435\u0445\u043e\u0434\u043e\u043c \u043f\u043e\u0434 \u0442\u0440\u0443\u0431\u043a\u0443 \u00d84, 6, 8, 10, 12 \u043c\u043c. \u0420\u0430\u0431\u043e\u0447\u0435\u0435 \u0434\u0430\u0432\u043b\u0435\u043d\u0438\u0435 10 \u0431\u0430\u0440. \u0420\u0430\u0437\u043c\u0435\u0440\u044b \/ \u0417\u0430\u043a\u0430\u0437\u043d\u043e\u0439 \u043d\u043e\u043c\u0435\u0440 \u041c\u043e\u0434\u0435\u043b\u044c \u00d8DA \u00d8DB \u00d8PA \u00d8PB KA KB A \u0412\u0435\u0441 (\u0433\u0440) \u0428\u0442\/\u0443-\u043a\u0430 GPG6-4 6 4 12,5 9 16,5 14 &hellip;","protected":false},"author":2,"featured_media":0,"parent":6107,"menu_order":0,"comment_status":"closed","ping_status":"closed","template":"","meta":{"om_disable_all_campaigns":false,"_monsterinsights_skip_tracking":false,"_monsterinsights_sitenote_active":false,"_monsterinsights_sitenote_note":"","_monsterinsights_sitenote_category":0},"aioseo_notices":[],"_links":{"self":[{"href":"https:\/\/novtek.com.ua\/uk\/wp-json\/wp\/v2\/pages\/6391"}],"collection":[{"href":"https:\/\/novtek.com.ua\/uk\/wp-json\/wp\/v2\/pages"}],"about":[{"href":"https:\/\/novtek.com.ua\/uk\/wp-json\/wp\/v2\/types\/page"}],"author":[{"embeddable":true,"href":"https:\/\/novtek.com.ua\/uk\/wp-json\/wp\/v2\/users\/2"}],"replies":[{"embeddable":true,"href":"https:\/\/novtek.com.ua\/uk\/wp-json\/wp\/v2\/comments?post=6391"}],"version-history":[{"count":6,"href":"https:\/\/novtek.com.ua\/uk\/wp-json\/wp\/v2\/pages\/6391\/revisions"}],"predecessor-version":[{"id":10449,"href":"https:\/\/novtek.com.ua\/uk\/wp-json\/wp\/v2\/pages\/6391\/revisions\/10449"}],"up":[{"embeddable":true,"href":"https:\/\/novtek.com.ua\/uk\/wp-json\/wp\/v2\/pages\/6107"}],"wp:attachment":[{"href":"https:\/\/novtek.com.ua\/uk\/wp-json\/wp\/v2\/media?parent=6391"}],"curies":[{"name":"wp","href":"https:\/\/api.w.org\/{rel}","templated":true}]}}