{"id":6403,"date":"2020-06-12T19:40:34","date_gmt":"2020-06-12T16:40:34","guid":{"rendered":"http:\/\/novtek.com.ua\/?page_id=6403"},"modified":"2023-05-01T16:31:01","modified_gmt":"2023-05-01T13:31:01","slug":"gphk-2","status":"publish","type":"page","link":"https:\/\/novtek.com.ua\/uk\/products\/pneumatics\/push-in-fittings\/g\/gphk-2\/","title":{"rendered":"\u0424\u0456\u0442\u0438\u043d\u0433 GPHK \u0442\u0438\u043f"},"content":{"rendered":"<div class=\"vc_row wpb_row vc_row-fluid\"><div class=\"wpb_column vc_column_container vc_col-md-6\"><div class=\"vc_column-inner\"><div class=\"wpb_wrapper\">\n\t<div  class=\"wpb_single_image wpb_content_element vc_align_left\">\n\t\t\n\t\t<figure class=\"wpb_wrapper vc_figure\">\n\t\t\t<div class=\"vc_single_image-wrapper   vc_box_border_grey\"><img width=\"722\" height=\"368\" src=\"https:\/\/novtek.com.ua\/wp-content\/uploads\/2023\/05\/gphk.jpg\" class=\"vc_single_image-img attachment-full\" alt=\"\" loading=\"lazy\" srcset=\"https:\/\/novtek.com.ua\/wp-content\/uploads\/2023\/05\/gphk.jpg 722w, https:\/\/novtek.com.ua\/wp-content\/uploads\/2023\/05\/gphk-300x153.jpg 300w, https:\/\/novtek.com.ua\/wp-content\/uploads\/2023\/05\/gphk-18x9.jpg 18w\" sizes=\"(max-width: 722px) 100vw, 722px\" \/><\/div>\n\t\t<\/figure>\n\t<\/div>\n<\/div><\/div><\/div><div class=\"wpb_column vc_column_container vc_col-md-6\"><div class=\"vc_column-inner\"><div class=\"wpb_wrapper\"><h2 style=\"font-size: 14px;color: #201600;text-align: left\" class=\"vc_custom_heading\" >\u041e\u043f\u0438\u0441<\/h2><div class=\"vc_separator wpb_content_element vc_separator_align_center vc_sep_width_100 vc_sep_border_width_3 vc_sep_pos_align_center vc_separator_no_text vc_sep_color_sky\" ><span class=\"vc_sep_holder vc_sep_holder_l\"><span  class=\"vc_sep_line\"><\/span><\/span><span class=\"vc_sep_holder vc_sep_holder_r\"><span  class=\"vc_sep_line\"><\/span><\/span>\n<\/div>\n\t<div class=\"wpb_text_column wpb_content_element\" >\n\t\t<div class=\"wpb_wrapper\">\n\t\t\t<ul>\n<li>\u041a\u043e\u043b\u0435\u043a\u0442\u043e\u0440 \u043a\u0443\u0442\u043e\u0432\u0438\u0439 (\u043f\u043e\u0432\u043e\u0440\u043e\u0442\u043d\u0438\u0439) \u043f\u0456\u0434 360\u00b0 \u0456\u0437 \u043d\u0435 \u043f\u0440\u044f\u043c\u0438\u043c \u043f\u0435\u0440\u0435\u0445\u043e\u0434\u043e\u043c \u043f\u0456\u0434 \u0442\u0440\u0443\u0431\u043a\u0443 \u00d88-6, 10-8 \u043c\u043c. \u041a\u0456\u043b\u044c\u043a\u0456\u0441\u0442\u044c \u043f\u043e\u0440\u0442\u0456\u0432 - 5\u0448\u0442.<\/li>\n<li>\u0420\u043e\u0431\u043e\u0447\u0438\u0439 \u0442\u0438\u0441\u043a 10 \u0431\u0430\u0440.<\/li>\n<\/ul>\n\n\t\t<\/div>\n\t<\/div>\n<\/div><\/div><\/div><\/div><div class=\"vc_row wpb_row vc_row-fluid\"><div class=\"wpb_column vc_column_container vc_col-md-12\"><div class=\"vc_column-inner\"><div class=\"wpb_wrapper\"><h2 style=\"font-size: 14px;color: #201600;text-align: left\" class=\"vc_custom_heading\" >\u0420\u043e\u0437\u043c\u0456\u0440\u0438 \/ \u041d\u043e\u043c\u0435\u0440 \u0434\u043b\u044f \u0437\u0430\u043c\u043e\u0432\u043b\u0435\u043d\u043d\u044f<\/h2><div class=\"vc_separator wpb_content_element vc_separator_align_center vc_sep_width_100 vc_sep_border_width_3 vc_sep_pos_align_center vc_separator_no_text vc_sep_color_sky\" ><span class=\"vc_sep_holder vc_sep_holder_l\"><span  class=\"vc_sep_line\"><\/span><\/span><span class=\"vc_sep_holder vc_sep_holder_r\"><span  class=\"vc_sep_line\"><\/span><\/span>\n<\/div><\/div><\/div><\/div><\/div><div class=\"vc_row wpb_row vc_row-fluid\"><div class=\"wpb_column vc_column_container vc_col-md-12\"><div class=\"vc_column-inner\"><div class=\"wpb_wrapper\">\n\t<div  class=\"wpb_single_image wpb_content_element vc_align_left\">\n\t\t\n\t\t<figure class=\"wpb_wrapper vc_figure\">\n\t\t\t<div class=\"vc_single_image-wrapper   vc_box_border_grey\"><img width=\"325\" height=\"200\" src=\"https:\/\/novtek.com.ua\/wp-content\/uploads\/2020\/07\/GPHK.png\" class=\"vc_single_image-img attachment-full\" alt=\"\" loading=\"lazy\" srcset=\"https:\/\/novtek.com.ua\/wp-content\/uploads\/2020\/07\/GPHK.png 325w, https:\/\/novtek.com.ua\/wp-content\/uploads\/2020\/07\/GPHK-300x185.png 300w\" sizes=\"(max-width: 325px) 100vw, 325px\" \/><\/div>\n\t\t<\/figure>\n\t<\/div>\n\n\t<div class=\"wpb_text_column wpb_content_element\" >\n\t\t<div class=\"wpb_wrapper\">\n\t\t\t<table width=\"837\">\n<tbody>\n<tr>\n<td width=\"110\">\u041c\u043e\u0434\u0435\u043b\u044c<\/td>\n<td style=\"text-align: center;\" width=\"61\">\u00d8DA<\/td>\n<td style=\"text-align: center;\" width=\"61\">\u00d8DB<\/td>\n<td style=\"text-align: center;\" width=\"61\">A<\/td>\n<td style=\"text-align: center;\" width=\"61\">\u00d8PA<\/td>\n<td style=\"text-align: center;\" width=\"61\">\u00d8PB<\/td>\n<td style=\"text-align: center;\" width=\"61\">KA<\/td>\n<td style=\"text-align: center;\" width=\"61\">KB<\/td>\n<td style=\"text-align: center;\" width=\"61\">DC<\/td>\n<td style=\"text-align: center;\" width=\"61\">E<\/td>\n<td style=\"text-align: center;\" width=\"89\">\u0412\u0430\u0433\u0430 (\u0433)<\/td>\n<td style=\"text-align: center;\" width=\"89\">\u0428\u0442.\/\u0443-\u043a\u0430<\/td>\n<\/tr>\n<tr>\n<td>GPHK8-6<\/td>\n<td style=\"text-align: center;\">8<\/td>\n<td style=\"text-align: center;\">6<\/td>\n<td style=\"text-align: center;\">75<\/td>\n<td style=\"text-align: center;\">14<\/td>\n<td style=\"text-align: center;\">12,5<\/td>\n<td style=\"text-align: center;\">18,5<\/td>\n<td style=\"text-align: center;\">16,5<\/td>\n<td style=\"text-align: center;\">15,5<\/td>\n<td style=\"text-align: center;\">25<\/td>\n<td style=\"text-align: center;\">28,4<\/td>\n<td style=\"text-align: center;\">2<\/td>\n<\/tr>\n<tr>\n<td>GPHK10-8<\/td>\n<td style=\"text-align: center;\">10<\/td>\n<td style=\"text-align: center;\">8<\/td>\n<td style=\"text-align: center;\">85,5<\/td>\n<td style=\"text-align: center;\">17<\/td>\n<td style=\"text-align: center;\">15<\/td>\n<td style=\"text-align: center;\">21<\/td>\n<td style=\"text-align: center;\">18,5<\/td>\n<td style=\"text-align: center;\">16,5<\/td>\n<td style=\"text-align: center;\">29,5<\/td>\n<td style=\"text-align: center;\">45<\/td>\n<td style=\"text-align: center;\">2<\/td>\n<\/tr>\n<\/tbody>\n<\/table>\n\n\t\t<\/div>\n\t<\/div>\n<\/div><\/div><\/div><\/div>","protected":false},"excerpt":{"rendered":"\u041e\u043f\u0438\u0441\u0430\u043d\u0438\u0435 \u041a\u043e\u043b\u043b\u0435\u043a\u0442\u043e\u0440 \u0443\u0433\u043b\u043e\u0432\u043e\u0439 (\u043f\u043e\u0432\u043e\u0440\u043e\u0442\u043d\u044b\u0439) \u043f\u043e\u0434 360 \u00b0 \u0441 \u043d\u0435 \u043f\u0440\u044f\u043c\u044b\u043c \u043f\u0435\u0440\u0435\u0445\u043e\u0434\u043e\u043c \u043f\u043e\u0434 \u0442\u0440\u0443\u0431\u043a\u0443 \u00d88-6, 10-8 \u043c\u043c. \u041a\u043e\u043b\u0438\u0447\u0435\u0441\u0442\u0432\u043e \u043f\u043e\u0440\u0442\u043e\u0432 - 5\u0448\u0442. \u0420\u0430\u0431\u043e\u0447\u0435\u0435 \u0434\u0430\u0432\u043b\u0435\u043d\u0438\u0435 10 \u0431\u0430\u0440. \u0420\u0430\u0437\u043c\u0435\u0440\u044b \/ \u0417\u0430\u043a\u0430\u0437\u043d\u043e\u0439 \u043d\u043e\u043c\u0435\u0440 \u041c\u043e\u0434\u0435\u043b\u044c \u00d8DA \u00d8DB A \u00d8PA \u00d8PB KA KB DC E \u0412\u0435\u0441 (\u0433\u0440) &hellip;","protected":false},"author":2,"featured_media":0,"parent":6107,"menu_order":0,"comment_status":"closed","ping_status":"closed","template":"","meta":{"om_disable_all_campaigns":false,"_monsterinsights_skip_tracking":false,"_monsterinsights_sitenote_active":false,"_monsterinsights_sitenote_note":"","_monsterinsights_sitenote_category":0},"aioseo_notices":[],"_links":{"self":[{"href":"https:\/\/novtek.com.ua\/uk\/wp-json\/wp\/v2\/pages\/6403"}],"collection":[{"href":"https:\/\/novtek.com.ua\/uk\/wp-json\/wp\/v2\/pages"}],"about":[{"href":"https:\/\/novtek.com.ua\/uk\/wp-json\/wp\/v2\/types\/page"}],"author":[{"embeddable":true,"href":"https:\/\/novtek.com.ua\/uk\/wp-json\/wp\/v2\/users\/2"}],"replies":[{"embeddable":true,"href":"https:\/\/novtek.com.ua\/uk\/wp-json\/wp\/v2\/comments?post=6403"}],"version-history":[{"count":4,"href":"https:\/\/novtek.com.ua\/uk\/wp-json\/wp\/v2\/pages\/6403\/revisions"}],"predecessor-version":[{"id":10069,"href":"https:\/\/novtek.com.ua\/uk\/wp-json\/wp\/v2\/pages\/6403\/revisions\/10069"}],"up":[{"embeddable":true,"href":"https:\/\/novtek.com.ua\/uk\/wp-json\/wp\/v2\/pages\/6107"}],"wp:attachment":[{"href":"https:\/\/novtek.com.ua\/uk\/wp-json\/wp\/v2\/media?parent=6403"}],"curies":[{"name":"wp","href":"https:\/\/api.w.org\/{rel}","templated":true}]}}