{"id":7647,"date":"2021-06-11T12:42:05","date_gmt":"2021-06-11T09:42:05","guid":{"rendered":"https:\/\/novtek.com.ua\/?page_id=7647"},"modified":"2023-08-31T14:27:00","modified_gmt":"2023-08-31T11:27:00","slug":"pe-tube","status":"publish","type":"page","link":"https:\/\/novtek.com.ua\/uk\/products\/pneumatics\/tube\/pe-tube\/","title":{"rendered":"\u041f\u043e\u043b\u0456\u0435\u0442\u0438\u043b\u0435\u043d\u043e\u0432\u0430 \u0442\u0440\u0443\u0431\u043a\u0430 PE \u0441\u0435\u0440\u0456\u044f"},"content":{"rendered":"<div class=\"vc_row wpb_row vc_row-fluid\"><div class=\"wpb_column vc_column_container vc_col-md-6\"><div class=\"vc_column-inner\"><div class=\"wpb_wrapper\">\n\t<div  class=\"wpb_single_image wpb_content_element vc_align_left\">\n\t\t\n\t\t<figure class=\"wpb_wrapper vc_figure\">\n\t\t\t<div class=\"vc_single_image-wrapper   vc_box_border_grey\"><img width=\"722\" height=\"368\" src=\"https:\/\/novtek.com.ua\/wp-content\/uploads\/2021\/06\/\u041f\u043e\u043b\u0438\u044d\u0442\u0438\u043b\u0435\u043d\u043e\u0432\u0430\u044f-\u0442\u0440\u0443\u0431\u043a\u0430-PE.png\" class=\"vc_single_image-img attachment-full\" alt=\"\" loading=\"lazy\" srcset=\"https:\/\/novtek.com.ua\/wp-content\/uploads\/2021\/06\/\u041f\u043e\u043b\u0438\u044d\u0442\u0438\u043b\u0435\u043d\u043e\u0432\u0430\u044f-\u0442\u0440\u0443\u0431\u043a\u0430-PE.png 722w, https:\/\/novtek.com.ua\/wp-content\/uploads\/2021\/06\/\u041f\u043e\u043b\u0438\u044d\u0442\u0438\u043b\u0435\u043d\u043e\u0432\u0430\u044f-\u0442\u0440\u0443\u0431\u043a\u0430-PE-300x153.png 300w\" sizes=\"(max-width: 722px) 100vw, 722px\" \/><\/div>\n\t\t<\/figure>\n\t<\/div>\n<div class=\"vc_btn3-container vc_btn3-left\"><a class=\"vc_general vc_btn3 vc_btn3-size-sm vc_btn3-shape-rounded vc_btn3-style-modern vc_btn3-icon-left vc_btn3-color-primary\" href=\"http:\/\/novtek.com.ua\/wp-content\/uploads\/2018\/10\/US98A-series-AirTAC.pdf\" title=\"\" target=\"_blank\"><i class=\"vc_btn3-icon fa fa-file-pdf-o\"><\/i> \u0417\u0410\u0412\u0410\u041d\u0422\u0410\u0416\u0418\u0422\u0418 \u0422\u0415\u0425\u041d\u0406\u0427\u041d\u0418\u0419 \u041f\u0410\u0421\u041f\u041e\u0420\u0422<\/a><\/div>\n<\/div><\/div><\/div><div class=\"wpb_column vc_column_container vc_col-md-6\"><div class=\"vc_column-inner\"><div class=\"wpb_wrapper\"><h2 style=\"font-size: 14px;color: #201600;text-align: left\" class=\"vc_custom_heading\" >\u041f\u043e\u043b\u0456\u0435\u0442\u0438\u043b\u0435\u043d\u043e\u0432\u0430 \u0442\u0440\u0443\u0431\u043a\u0430 PE \u0441\u0435\u0440\u0456\u044f<\/h2><div class=\"vc_separator wpb_content_element vc_separator_align_center vc_sep_width_100 vc_sep_border_width_3 vc_sep_pos_align_center vc_separator_no_text vc_sep_color_sky\" ><span class=\"vc_sep_holder vc_sep_holder_l\"><span  class=\"vc_sep_line\"><\/span><\/span><span class=\"vc_sep_holder vc_sep_holder_r\"><span  class=\"vc_sep_line\"><\/span><\/span>\n<\/div>\n\t<div class=\"wpb_text_column wpb_content_element\" >\n\t\t<div class=\"wpb_wrapper\">\n\t\t\t<ul>\n<li>\u041f\u043e\u043b\u0456\u0435\u0442\u0438\u043b\u0435\u043d\u043e\u0432\u0456 \u0442\u0440\u0443\u0431\u043a\u0438 (\u0448\u043b\u0430\u043d\u0433\u0438) \u0432\u0438\u0433\u043e\u0442\u043e\u0432\u043b\u0435\u043d\u0456 \u0437 \u0435\u043a\u043e\u043b\u043e\u0433\u0456\u0447\u043d\u043e \u0447\u0438\u0441\u0442\u0438\u0445 \u043c\u0430\u0442\u0435\u0440\u0456\u0430\u043b\u0456\u0432, \u044f\u043a\u0456 \u0432\u0456\u0434\u043f\u043e\u0432\u0456\u0434\u0430\u044e\u0442\u044c \u0432\u0438\u043c\u043e\u0433\u0430\u043c FDA.<\/li>\n<li>\u0417 \u0437\u043e\u0432\u043d\u0456\u0448\u043d\u0456\u043c \u0442\u0430 \u0432\u043d\u0443\u0442\u0440\u0456\u0448\u043d\u0456\u043c \u0434\u0456\u0430\u043c\u0435\u0442\u0440\u043e\u043c 4\u00d72,5; 6\u00d74; 8\u00d76; 10\u00d77; 12\u00d79 \u043c\u043c.<\/li>\n<li>\u041f\u0456\u0434\u0445\u043e\u0434\u0438\u0442\u044c \u0434\u043b\u044f \u043f\u043d\u0435\u0432\u043c\u0430\u0442\u0438\u0447\u043d\u0438\u0445 \u0441\u0438\u0441\u0442\u0435\u043c, \u0441\u0438\u0441\u0442\u0435\u043c \u043e\u0447\u0438\u0449\u0435\u043d\u043d\u044f \u0432\u043e\u0434\u0438, \u0434\u043b\u044f \u043a\u043e\u043d\u0434\u0438\u0446\u0456\u043e\u043d\u0435\u0440\u043d\u0438\u0445 \u0441\u0438\u0441\u0442\u0435\u043c, \u0441\u0438\u0441\u0442\u0435\u043c \u0442\u0443\u043c\u0430\u043d\u043e\u0443\u0442\u0432\u043e\u0440\u0435\u043d\u043d\u044f, \u043b\u044c\u043e\u0434\u043e\u0433\u0435\u043d\u0435\u0440\u0430\u0442\u043e\u0440\u0456\u0432 \u0442\u0430 \u0434\u043b\u044f \u043a\u043e\u043d\u0442\u0430\u043a\u0442\u0443 \u0437 \u0445\u0430\u0440\u0447\u043e\u0432\u0438\u043c\u0438 \u043f\u0440\u043e\u0434\u0443\u043a\u0442\u0430\u043c\u0438.<\/li>\n<li>\u0422\u0435\u043c\u043f\u0435\u0440\u0430\u0442\u0443\u0440\u043d\u0438\u0439 \u0440\u0435\u0436\u0438\u043c \u0432\u0456\u0434 -29 \u0434\u043e +66\u00b0\u0421.<\/li>\n<li>\u0428\u0438\u0440\u043e\u043a\u0430 \u0445\u0456\u043c\u0456\u0447\u043d\u0430 \u0441\u0443\u043c\u0456\u0441\u043d\u0456\u0441\u0442\u044c.<\/li>\n<\/ul>\n\n\t\t<\/div>\n\t<\/div>\n<\/div><\/div><\/div><\/div><div class=\"vc_row wpb_row vc_row-fluid\"><div class=\"wpb_column vc_column_container vc_col-md-12\"><div class=\"vc_column-inner\"><div class=\"wpb_wrapper\"><h3 style=\"font-size: 14px;color: #201600;text-align: left\" class=\"vc_custom_heading\" >\u0422\u0435\u0445\u043d\u0456\u0447\u043d\u0456 \u0445\u0430\u0440\u0430\u043a\u0442\u0435\u0440\u0438\u0441\u0442\u0438\u043a\u0438<\/h3><div class=\"vc_separator wpb_content_element vc_separator_align_center vc_sep_width_100 vc_sep_border_width_3 vc_sep_pos_align_center vc_separator_no_text vc_sep_color_sky\" ><span class=\"vc_sep_holder vc_sep_holder_l\"><span  class=\"vc_sep_line\"><\/span><\/span><span class=\"vc_sep_holder vc_sep_holder_r\"><span  class=\"vc_sep_line\"><\/span><\/span>\n<\/div><\/div><\/div><\/div><\/div><div class=\"vc_row wpb_row vc_row-fluid\"><div class=\"wpb_column vc_column_container vc_col-md-3\"><div class=\"vc_column-inner\"><div class=\"wpb_wrapper\">\n\t<div  class=\"wpb_single_image wpb_content_element vc_align_left\">\n\t\t<h2 class=\"wpb_heading wpb_singleimage_heading\">\u0420\u043e\u0437\u043c\u0456\u0440 \u0442\u0440\u0443\u0431\u043a\u0438<\/h2>\n\t\t<figure class=\"wpb_wrapper vc_figure\">\n\t\t\t<div class=\"vc_single_image-wrapper   vc_box_border_grey\"><img width=\"232\" height=\"300\" src=\"https:\/\/novtek.com.ua\/wp-content\/uploads\/2023\/08\/rezmery-trubki-232x300.png\" class=\"vc_single_image-img attachment-medium\" alt=\"\" loading=\"lazy\" srcset=\"https:\/\/novtek.com.ua\/wp-content\/uploads\/2023\/08\/rezmery-trubki-232x300.png 232w, https:\/\/novtek.com.ua\/wp-content\/uploads\/2023\/08\/rezmery-trubki-9x12.png 9w, https:\/\/novtek.com.ua\/wp-content\/uploads\/2023\/08\/rezmery-trubki.png 618w\" sizes=\"(max-width: 232px) 100vw, 232px\" \/><\/div>\n\t\t<\/figure>\n\t<\/div>\n\n\t<div  class=\"wpb_single_image wpb_content_element vc_align_left\">\n\t\t<h2 class=\"wpb_heading wpb_singleimage_heading\">\u0420\u0430\u0434\u0456\u0443\u0441 \u0432\u0438\u0433\u0438\u043d\u0443<\/h2>\n\t\t<figure class=\"wpb_wrapper vc_figure\">\n\t\t\t<div class=\"vc_single_image-wrapper   vc_box_border_grey\"><img width=\"150\" height=\"150\" src=\"https:\/\/novtek.com.ua\/wp-content\/uploads\/2023\/08\/minimalnyj-radius-izgiba-150x150.png\" class=\"vc_single_image-img attachment-thumbnail\" alt=\"\" loading=\"lazy\" srcset=\"https:\/\/novtek.com.ua\/wp-content\/uploads\/2023\/08\/minimalnyj-radius-izgiba-150x150.png 150w, https:\/\/novtek.com.ua\/wp-content\/uploads\/2023\/08\/minimalnyj-radius-izgiba-12x12.png 12w\" sizes=\"(max-width: 150px) 100vw, 150px\" \/><\/div>\n\t\t<\/figure>\n\t<\/div>\n<\/div><\/div><\/div><div class=\"wpb_column vc_column_container vc_col-md-9\"><div class=\"vc_column-inner\"><div class=\"wpb_wrapper\">\n\t<div class=\"wpb_text_column wpb_content_element\" >\n\t\t<div class=\"wpb_wrapper\">\n\t\t\t<table width=\"887\">\n<tbody>\n<tr>\n<td width=\"152\">\u041c\u043e\u0434\u0435\u043b\u044c<\/td>\n<td style=\"text-align: center;\" width=\"93\">\u00d8 OD (\u043c\u043c)<\/td>\n<td style=\"text-align: center;\" width=\"93\">\u00d8 ID (\u043c\u043c)<\/td>\n<td style=\"text-align: center;\" width=\"93\">\u0422\u043e\u0432\u0449\u0438\u043d\u0430 \u0441\u0442\u0456\u043d\u043a\u0438 (\u043c\u043c)<\/td>\n<td style=\"text-align: center;\" width=\"114\">\u041c\u0456\u043d\u0456\u043c\u0430\u043b\u044c\u043d\u0438\u0439 \u0440\u0430\u0434\u0456\u0443\u0441 \u0432\u0438\u0433\u0438\u043d\u0443 \u043f\u0440\u0438 23\u00b0\u0421 (\u043c\u043c)<\/td>\n<td style=\"text-align: center;\" width=\"114\">\u0422\u0438\u0441\u043a \u0440\u043e\u0437\u0440\u0438\u0432\u0443 \u043f\u0440\u0438 23\u00b0\u0421 (\u0431\u0430\u0440)<\/td>\n<td style=\"text-align: center;\" width=\"114\">\u041c\u0430\u043a\u0441\u0438\u043c\u0430\u043b\u044c\u043d\u0438\u0439 \u0440\u043e\u0431\u043e\u0447\u0438\u0439 \u0442\u0438\u0441\u043a (\u0431\u0430\u0440)<\/td>\n<td style=\"text-align: center;\" width=\"114\">\u0414\u043e\u0432\u0436\u0438\u043d\u0430 \u0431\u0443\u0445\u0442\u0438 (\u043c)<\/td>\n<\/tr>\n<tr>\n<td>PE0425 \ua671 FF<\/td>\n<td style=\"text-align: center;\" width=\"93\">4 \u00b1 0,08<\/td>\n<td style=\"text-align: center;\" width=\"93\">2,5<\/td>\n<td style=\"text-align: center;\" width=\"93\">0,75<\/td>\n<td style=\"text-align: center;\" width=\"114\">25<\/td>\n<td style=\"text-align: center;\" width=\"114\">30<\/td>\n<td style=\"text-align: center;\" width=\"114\">16<\/td>\n<td style=\"text-align: center;\">200<\/td>\n<\/tr>\n<tr>\n<td>PE0604 \ua671 FF<\/td>\n<td style=\"text-align: center;\" width=\"93\">6 \u00b1 0,08<\/td>\n<td style=\"text-align: center;\">4<\/td>\n<td style=\"text-align: center;\">1<\/td>\n<td style=\"text-align: center;\">25<\/td>\n<td style=\"text-align: center;\">30<\/td>\n<td style=\"text-align: center;\">16<\/td>\n<td style=\"text-align: center;\">100<\/td>\n<\/tr>\n<tr>\n<td>PE0806 \ua671 FF<\/td>\n<td style=\"text-align: center;\" width=\"93\">8 \u00b1 0,08<\/td>\n<td style=\"text-align: center;\">6<\/td>\n<td style=\"text-align: center;\">1<\/td>\n<td style=\"text-align: center;\">25<\/td>\n<td style=\"text-align: center;\">20<\/td>\n<td style=\"text-align: center;\">12<\/td>\n<td style=\"text-align: center;\">100<\/td>\n<\/tr>\n<tr>\n<td>PE1007 \ua671 FF<\/td>\n<td style=\"text-align: center;\" width=\"93\">10 \u00b1 0,08<\/td>\n<td style=\"text-align: center;\">7<\/td>\n<td style=\"text-align: center;\">1,5<\/td>\n<td style=\"text-align: center;\">32<\/td>\n<td style=\"text-align: center;\">20<\/td>\n<td style=\"text-align: center;\">12<\/td>\n<td style=\"text-align: center;\">100<\/td>\n<\/tr>\n<tr>\n<td>PE1209 \ua671 FF<\/td>\n<td style=\"text-align: center;\" width=\"93\">12 \u00b1 0,08<\/td>\n<td style=\"text-align: center;\">9<\/td>\n<td style=\"text-align: center;\">1,5<\/td>\n<td style=\"text-align: center;\">63<\/td>\n<td style=\"text-align: center;\">20<\/td>\n<td style=\"text-align: center;\">12<\/td>\n<td style=\"text-align: center;\">100<\/td>\n<\/tr>\n<\/tbody>\n<\/table>\n<p>* \u041a\u043e\u043b\u0456\u0440 \u0442\u0440\u0443\u0431\u043a\u0438\u00a0\u00a0\ua671\u00a0 .<\/p>\n<table width=\"884\">\n<tbody>\n<tr>\n<td width=\"78\"><a href=\"https:\/\/novtek.com.ua\/wp-content\/uploads\/2023\/08\/c-kolir.jpg\"><img loading=\"lazy\" class=\"alignnone size-full wp-image-10521\" src=\"https:\/\/novtek.com.ua\/wp-content\/uploads\/2023\/08\/c-kolir.jpg\" alt=\"\" width=\"65\" height=\"33\" srcset=\"https:\/\/novtek.com.ua\/wp-content\/uploads\/2023\/08\/c-kolir.jpg 65w, https:\/\/novtek.com.ua\/wp-content\/uploads\/2023\/08\/c-kolir-18x9.jpg 18w\" sizes=\"(max-width: 65px) 100vw, 65px\" \/><\/a><\/td>\n<td width=\"137\">NU-\u043d\u0430\u0442\u0443\u0440\u0430\u043b\u044c\u043d\u0438\u0439<\/td>\n<td width=\"78\"><a href=\"https:\/\/novtek.com.ua\/wp-content\/uploads\/2023\/08\/bu-kolir.jpg\"><img loading=\"lazy\" class=\"alignnone size-full wp-image-10520\" src=\"https:\/\/novtek.com.ua\/wp-content\/uploads\/2023\/08\/bu-kolir.jpg\" alt=\"\" width=\"65\" height=\"33\" srcset=\"https:\/\/novtek.com.ua\/wp-content\/uploads\/2023\/08\/bu-kolir.jpg 65w, https:\/\/novtek.com.ua\/wp-content\/uploads\/2023\/08\/bu-kolir-18x9.jpg 18w\" sizes=\"(max-width: 65px) 100vw, 65px\" \/><\/a><\/td>\n<td width=\"78\">BL-\u0441\u0438\u043d\u0456\u0439<\/td>\n<td width=\"78\"><a href=\"https:\/\/novtek.com.ua\/wp-content\/uploads\/2023\/08\/bk-kolir.jpg\"><img loading=\"lazy\" class=\"alignnone size-full wp-image-10533\" src=\"https:\/\/novtek.com.ua\/wp-content\/uploads\/2023\/08\/bk-kolir.jpg\" alt=\"\" width=\"65\" height=\"33\" srcset=\"https:\/\/novtek.com.ua\/wp-content\/uploads\/2023\/08\/bk-kolir.jpg 65w, https:\/\/novtek.com.ua\/wp-content\/uploads\/2023\/08\/bk-kolir-18x9.jpg 18w\" sizes=\"(max-width: 65px) 100vw, 65px\" \/><\/a><\/td>\n<td width=\"93\">NE- \u0447\u043e\u0440\u043d\u0438\u0439<\/td>\n<td width=\"78\"><a href=\"https:\/\/novtek.com.ua\/wp-content\/uploads\/2023\/08\/r-kolir.jpg\"><img loading=\"lazy\" class=\"alignnone size-full wp-image-10529\" src=\"https:\/\/novtek.com.ua\/wp-content\/uploads\/2023\/08\/r-kolir.jpg\" alt=\"\" width=\"65\" height=\"33\" srcset=\"https:\/\/novtek.com.ua\/wp-content\/uploads\/2023\/08\/r-kolir.jpg 65w, https:\/\/novtek.com.ua\/wp-content\/uploads\/2023\/08\/r-kolir-18x9.jpg 18w\" sizes=\"(max-width: 65px) 100vw, 65px\" \/><\/a><\/td>\n<td width=\"93\">RO-\u0447\u0435\u0440\u0432\u043e\u043d\u0438\u0439<\/td>\n<td width=\"78\"><a href=\"https:\/\/novtek.com.ua\/wp-content\/uploads\/2023\/08\/wh-kolir.jpg\"><img loading=\"lazy\" class=\"alignnone size-full wp-image-10530\" src=\"https:\/\/novtek.com.ua\/wp-content\/uploads\/2023\/08\/wh-kolir.jpg\" alt=\"\" width=\"65\" height=\"33\" srcset=\"https:\/\/novtek.com.ua\/wp-content\/uploads\/2023\/08\/wh-kolir.jpg 65w, https:\/\/novtek.com.ua\/wp-content\/uploads\/2023\/08\/wh-kolir-18x9.jpg 18w\" sizes=\"(max-width: 65px) 100vw, 65px\" \/><\/a><\/td>\n<td width=\"93\">BO-\u0431\u0456\u043b\u0438\u0439<\/td>\n<\/tr>\n<\/tbody>\n<\/table>\n\n\t\t<\/div>\n\t<\/div>\n<\/div><\/div><\/div><\/div><div class=\"vc_row wpb_row vc_row-fluid\"><div class=\"wpb_column vc_column_container vc_col-md-12\"><div class=\"vc_column-inner\"><div class=\"wpb_wrapper\"><h2 style=\"font-size: 14px;color: #201600;text-align: left\" class=\"vc_custom_heading\" >\u041d\u043e\u043c\u0435\u0440 \u0434\u043b\u044f \u0437\u0430\u043c\u043e\u0432\u043b\u0435\u043d\u043d\u044f<\/h2><div class=\"vc_separator wpb_content_element vc_separator_align_center vc_sep_width_100 vc_sep_border_width_3 vc_sep_pos_align_center vc_separator_no_text vc_sep_color_sky\" ><span class=\"vc_sep_holder vc_sep_holder_l\"><span  class=\"vc_sep_line\"><\/span><\/span><span class=\"vc_sep_holder vc_sep_holder_r\"><span  class=\"vc_sep_line\"><\/span><\/span>\n<\/div>\n\t<div class=\"wpb_text_column wpb_content_element\" >\n\t\t<div class=\"wpb_wrapper\">\n\t\t\t<table width=\"763\">\n<tbody>\n<tr>\n<td style=\"text-align: center;\" width=\"152\">\u0420\u043e\u0437\u043c\u0456\u0440 OD x ID, \u043c\u043c<\/td>\n<td style=\"text-align: center;\" width=\"151\"><strong>\u041d\u0430\u0442\u0443\u0440\u0430\u043b\u044c\u043d\u0438\u0439<\/strong><\/td>\n<td style=\"text-align: center;\" width=\"115\">\u0421\u0438\u043d\u0456\u0439<\/td>\n<td style=\"text-align: center;\" width=\"115\">\u0427\u043e\u0440\u043d\u0438\u0439<\/td>\n<td style=\"text-align: center;\" width=\"115\">\u0427\u0435\u0440\u0432\u043e\u043d\u0438\u0439<\/td>\n<td style=\"text-align: center;\" width=\"115\">\u0411\u0456\u043b\u0438\u0439<\/td>\n<\/tr>\n<tr>\n<td style=\"text-align: center;\">4&#215;2,5<\/td>\n<td style=\"text-align: center;\" width=\"151\"><strong>PE0425NU-FF<\/strong><\/td>\n<td style=\"text-align: center;\" width=\"115\">PE0425BL-FF<\/td>\n<td style=\"text-align: center;\" width=\"115\">PE0425NE-FF<\/td>\n<td style=\"text-align: center;\" width=\"115\">PE0425RO-FF<\/td>\n<td style=\"text-align: center;\" width=\"115\">PE0425BO-FF<\/td>\n<\/tr>\n<tr>\n<td style=\"text-align: center;\">6&#215;4<\/td>\n<td style=\"text-align: center;\" width=\"151\"><strong>PE0604NU-FF<\/strong><\/td>\n<td style=\"text-align: center;\" width=\"115\">PE0604BL-FF<\/td>\n<td style=\"text-align: center;\" width=\"115\">PE0604NE-FF<\/td>\n<td style=\"text-align: center;\" width=\"115\">PE0604RO-FF<\/td>\n<td style=\"text-align: center;\" width=\"115\">PE0604BO-FF<\/td>\n<\/tr>\n<tr>\n<td style=\"text-align: center;\">8&#215;6<\/td>\n<td style=\"text-align: center;\" width=\"151\"><strong>PE0806NU-FF<\/strong><\/td>\n<td style=\"text-align: center;\" width=\"115\">PE0806BL-FF<\/td>\n<td style=\"text-align: center;\" width=\"115\">PE0806NE-FF<\/td>\n<td style=\"text-align: center;\" width=\"115\">PE0806RO-FF<\/td>\n<td style=\"text-align: center;\" width=\"115\">PE0806BO-FF<\/td>\n<\/tr>\n<tr>\n<td style=\"text-align: center;\">10&#215;7<\/td>\n<td style=\"text-align: center;\" width=\"151\"><strong>PE1007NU-FF<\/strong><\/td>\n<td style=\"text-align: center;\" width=\"115\">PE1007BL-FF<\/td>\n<td style=\"text-align: center;\" width=\"115\">PE1007NE-FF<\/td>\n<td style=\"text-align: center;\" width=\"115\">PE1007RO-FF<\/td>\n<td style=\"text-align: center;\" width=\"115\">PE1007BO-FF<\/td>\n<\/tr>\n<tr>\n<td style=\"text-align: center;\">12&#215;09<\/td>\n<td style=\"text-align: center;\" width=\"151\"><strong>PE1209NU-FF<\/strong><\/td>\n<td style=\"text-align: center;\" width=\"115\">PE1209BL-FF<\/td>\n<td style=\"text-align: center;\" width=\"115\">PE1209NE-FF<\/td>\n<td style=\"text-align: center;\" width=\"115\">PE1209RO-FF<\/td>\n<td style=\"text-align: center;\" width=\"115\">PE1209BO-FF<\/td>\n<\/tr>\n<\/tbody>\n<\/table>\n<p><strong>*\u041f\u043e\u0441\u0442\u0430\u0447\u0430\u0454\u0442\u044c\u0441\u044f \u043d\u0430\u0442\u0443\u0440\u0430\u043b\u044c\u043d\u043e\u0433\u043e \u043a\u043e\u043b\u044c\u043e\u0440\u0443 PE0806 NU FF (\u0441\u043a\u043b\u0430\u0434\u0441\u044c\u043a\u0430 \u043f\u0440\u043e\u0433\u0440\u0430\u043c\u0430). <\/strong><\/p>\n\n\t\t<\/div>\n\t<\/div>\n<\/div><\/div><\/div><\/div>","protected":false},"excerpt":{"rendered":"\u0417\u0410\u0413\u0420\u0423\u0417\u0418\u0422\u042c \u0422\u0415\u0425\u041d\u0418\u0427\u0415\u0421\u041a\u041e\u0415 \u041e\u041f\u0418\u0421\u0410\u041d\u0418\u0415 \u041f\u043e\u043b\u0438\u044d\u0442\u0438\u043b\u0435\u043d\u043e\u0432\u0430\u044f \u0442\u0440\u0443\u0431\u043a\u0430 PE \u0441\u0435\u0440\u0438\u044f \u041f\u043e\u043b\u0438\u044d\u0442\u0438\u043b\u0435\u043d\u043e\u0432\u044b\u0435 \u0442\u0440\u0443\u0431\u043a\u0438 (\u0448\u043b\u0430\u043d\u0433\u0438) \u0438\u0437\u0433\u043e\u0442\u043e\u0432\u043b\u0435\u043d\u044b \u0438\u0437 \u044d\u043a\u043e\u043b\u043e\u0433\u0438\u0447\u0435\u0441\u043a\u0438 \u0447\u0438\u0441\u0442\u044b\u0445 \u043c\u0430\u0442\u0435\u0440\u0438\u0430\u043b\u043e\u0432, \u0441\u043e\u043e\u0442\u0432\u0435\u0442\u0441\u0442\u0432\u0443\u044e\u0449\u0438\u0445 \u0442\u0440\u0435\u0431\u043e\u0432\u0430\u043d\u0438\u044f\u043c FDA. \u0421 \u0432\u043d\u0435\u0448\u043d\u0438\u043c \u0438 \u0432\u043d\u0443\u0442\u0440\u0435\u043d\u043d\u0438\u043c \u0434\u0438\u0430\u043c\u0435\u0442\u0440\u043e\u043c 4x2,5; 6x4; 8x6; 10x7; 12x9 \u043c\u043c. \u041f\u043e\u0434\u0445\u043e\u0434\u0438\u0442 \u0434\u043b\u044f \u043f\u043d\u0435\u0432\u043c\u0430\u0442\u0438\u0447\u0435\u0441\u043a\u0438\u0445 \u0441\u0438\u0441\u0442\u0435\u043c, \u0441\u0438\u0441\u0442\u0435\u043c \u043e\u0447\u0438\u0441\u0442\u043a\u0438 \u0432\u043e\u0434\u044b, \u0434\u043b\u044f \u043a\u043e\u043d\u0434\u0438\u0446\u0438\u043e\u043d\u0435\u0440\u043d\u044b\u0445 \u0441\u0438\u0441\u0442\u0435\u043c, \u0441\u0438\u0441\u0442\u0435\u043c &hellip;","protected":false},"author":2,"featured_media":0,"parent":2837,"menu_order":0,"comment_status":"closed","ping_status":"closed","template":"","meta":{"om_disable_all_campaigns":false,"_monsterinsights_skip_tracking":false,"_monsterinsights_sitenote_active":false,"_monsterinsights_sitenote_note":"","_monsterinsights_sitenote_category":0},"aioseo_notices":[],"_links":{"self":[{"href":"https:\/\/novtek.com.ua\/uk\/wp-json\/wp\/v2\/pages\/7647"}],"collection":[{"href":"https:\/\/novtek.com.ua\/uk\/wp-json\/wp\/v2\/pages"}],"about":[{"href":"https:\/\/novtek.com.ua\/uk\/wp-json\/wp\/v2\/types\/page"}],"author":[{"embeddable":true,"href":"https:\/\/novtek.com.ua\/uk\/wp-json\/wp\/v2\/users\/2"}],"replies":[{"embeddable":true,"href":"https:\/\/novtek.com.ua\/uk\/wp-json\/wp\/v2\/comments?post=7647"}],"version-history":[{"count":13,"href":"https:\/\/novtek.com.ua\/uk\/wp-json\/wp\/v2\/pages\/7647\/revisions"}],"predecessor-version":[{"id":10542,"href":"https:\/\/novtek.com.ua\/uk\/wp-json\/wp\/v2\/pages\/7647\/revisions\/10542"}],"up":[{"embeddable":true,"href":"https:\/\/novtek.com.ua\/uk\/wp-json\/wp\/v2\/pages\/2837"}],"wp:attachment":[{"href":"https:\/\/novtek.com.ua\/uk\/wp-json\/wp\/v2\/media?parent=7647"}],"curies":[{"name":"wp","href":"https:\/\/api.w.org\/{rel}","templated":true}]}}