{"id":8495,"date":"2022-07-15T14:17:22","date_gmt":"2022-07-15T11:17:22","guid":{"rendered":"https:\/\/novtek.com.ua\/?page_id=8495"},"modified":"2022-07-15T15:11:33","modified_gmt":"2022-07-15T12:11:33","slug":"fiting-otrcf-g-tip","status":"publish","type":"page","link":"https:\/\/novtek.com.ua\/uk\/products\/pneumatics\/push-in-fittings\/otr-series\/fiting-otrcf-g-tip\/","title":{"rendered":"\u0424\u0456\u0442\u0438\u043d\u0433 OTRCF-G \u0442\u0438\u043f"},"content":{"rendered":"<div class=\"vc_row wpb_row vc_row-fluid\"><div class=\"wpb_column vc_column_container vc_col-md-6\"><div class=\"vc_column-inner\"><div class=\"wpb_wrapper\">\n\t<div  class=\"wpb_single_image wpb_content_element vc_align_left\">\n\t\t\n\t\t<figure class=\"wpb_wrapper vc_figure\">\n\t\t\t<div class=\"vc_single_image-wrapper   vc_box_border_grey\"><img width=\"722\" height=\"368\" src=\"https:\/\/novtek.com.ua\/wp-content\/uploads\/2022\/07\/otrcf.png\" class=\"vc_single_image-img attachment-full\" alt=\"\" loading=\"lazy\" srcset=\"https:\/\/novtek.com.ua\/wp-content\/uploads\/2022\/07\/otrcf.png 722w, https:\/\/novtek.com.ua\/wp-content\/uploads\/2022\/07\/otrcf-300x153.png 300w\" sizes=\"(max-width: 722px) 100vw, 722px\" \/><\/div>\n\t\t<\/figure>\n\t<\/div>\n<\/div><\/div><\/div><div class=\"wpb_column vc_column_container vc_col-md-6\"><div class=\"vc_column-inner\"><div class=\"wpb_wrapper\"><h2 style=\"font-size: 14px;color: #201600;text-align: left\" class=\"vc_custom_heading\" >\u0422\u0435\u0445\u043d\u0456\u0447\u043d\u0456 \u0445\u0430\u0440\u0430\u043a\u0442\u0435\u0440\u0438\u0441\u0442\u0438\u043a\u0438 OTRCF-G<\/h2><div class=\"vc_separator wpb_content_element vc_separator_align_center vc_sep_width_100 vc_sep_border_width_3 vc_sep_pos_align_center vc_separator_no_text vc_sep_color_sky\" ><span class=\"vc_sep_holder vc_sep_holder_l\"><span  class=\"vc_sep_line\"><\/span><\/span><span class=\"vc_sep_holder vc_sep_holder_r\"><span  class=\"vc_sep_line\"><\/span><\/span>\n<\/div>\n\t<div class=\"wpb_text_column wpb_content_element\" >\n\t\t<div class=\"wpb_wrapper\">\n\t\t\t<ul>\n<li>\u041f\u0440\u044f\u043c\u0438\u0439 \u0437 \u0432\u043d\u0443\u0442\u0440\u0456\u0448\u043d\u044c\u043e\u044e \u0440\u0456\u0437\u044c\u0431\u043e\u044e BSPP (\u0434\u044e\u0439\u043c\u043e\u0432\u0430 \u0446\u0438\u043b\u0456\u043d\u0434\u0440\u0438\u0447\u043d\u0430 \u0442\u0440\u0443\u0431\u043d\u0430 G) \u043f\u0456\u0434 \u0442\u0440\u0443\u0431\u043a\u0443 4; 6; 8 \u043c\u043c \u043f\u0456\u0434 \u043a\u043b\u044e\u0447.<\/li>\n<li>\u0420\u043e\u0431\u043e\u0447\u0438\u0439 \u0442\u0438\u0441\u043a: 20 \u0431\u0430\u0440<\/li>\n<li>\u0420\u043e\u0431\u043e\u0447\u0430 \u0442\u0435\u043c\u043f\u0435\u0440\u0430\u0442\u0443\u0440\u0430: &#8212; 20\u00b0C\u00f780\u00b0C<\/li>\n<\/ul>\n\n\t\t<\/div>\n\t<\/div>\n<\/div><\/div><\/div><\/div><div class=\"vc_row wpb_row vc_row-fluid\"><div class=\"wpb_column vc_column_container vc_col-md-12\"><div class=\"vc_column-inner\"><div class=\"wpb_wrapper\"><h2 style=\"font-size: 14px;color: #201600;text-align: left\" class=\"vc_custom_heading\" >\u041d\u043e\u043c\u0435\u0440 \u0434\u043b\u044f \u0437\u0430\u043c\u043e\u0432\u043b\u0435\u043d\u043d\u044f \/ \u0420\u043e\u0437\u043c\u0456\u0440\u0438<\/h2><div class=\"vc_separator wpb_content_element vc_separator_align_center vc_sep_width_100 vc_sep_border_width_3 vc_sep_pos_align_center vc_separator_no_text vc_sep_color_sky\" ><span class=\"vc_sep_holder vc_sep_holder_l\"><span  class=\"vc_sep_line\"><\/span><\/span><span class=\"vc_sep_holder vc_sep_holder_r\"><span  class=\"vc_sep_line\"><\/span><\/span>\n<\/div><\/div><\/div><\/div><\/div><div class=\"vc_row wpb_row vc_row-fluid\"><div class=\"wpb_column vc_column_container vc_col-md-3\"><div class=\"vc_column-inner\"><div class=\"wpb_wrapper\">\n\t<div  class=\"wpb_single_image wpb_content_element vc_align_left\">\n\t\t\n\t\t<figure class=\"wpb_wrapper vc_figure\">\n\t\t\t<div class=\"vc_single_image-wrapper   vc_box_border_grey\"><img width=\"515\" height=\"465\" src=\"https:\/\/novtek.com.ua\/wp-content\/uploads\/2022\/07\/otrcf-g-kreslennya.jpg\" class=\"vc_single_image-img attachment-full\" alt=\"\" loading=\"lazy\" srcset=\"https:\/\/novtek.com.ua\/wp-content\/uploads\/2022\/07\/otrcf-g-kreslennya.jpg 515w, https:\/\/novtek.com.ua\/wp-content\/uploads\/2022\/07\/otrcf-g-kreslennya-300x271.jpg 300w\" sizes=\"(max-width: 515px) 100vw, 515px\" \/><\/div>\n\t\t<\/figure>\n\t<\/div>\n<\/div><\/div><\/div><div class=\"wpb_column vc_column_container vc_col-md-9\"><div class=\"vc_column-inner\"><div class=\"wpb_wrapper\">\n\t<div class=\"wpb_text_column wpb_content_element\" >\n\t\t<div class=\"wpb_wrapper\">\n\t\t\t<table width=\"745\">\n<tbody>\n<tr>\n<td width=\"145\">\u041c\u043e\u0434\u0435\u043b\u044c<\/td>\n<td style=\"text-align: center;\" width=\"75\">\u00d8D<\/td>\n<td style=\"text-align: center;\" width=\"75\">T<\/td>\n<td style=\"text-align: center;\" width=\"75\">\u00d8C<\/td>\n<td style=\"text-align: center;\" width=\"75\">\u00d8P<\/td>\n<td style=\"text-align: center;\" width=\"75\">A<\/td>\n<td style=\"text-align: center;\" width=\"75\">L<\/td>\n<td style=\"text-align: center;\" width=\"75\">CH<\/td>\n<td style=\"text-align: center;\" width=\"75\">H<\/td>\n<\/tr>\n<tr>\n<td width=\"145\">OTRCF04G01<\/td>\n<td style=\"text-align: center;\" rowspan=\"2\">4<\/td>\n<td style=\"text-align: center;\" width=\"75\">G1\/8&#8243;<\/td>\n<td style=\"text-align: center;\">13<\/td>\n<td style=\"text-align: center;\">10<\/td>\n<td style=\"text-align: center;\">7,5<\/td>\n<td style=\"text-align: center;\">24,5<\/td>\n<td style=\"text-align: center;\">10<\/td>\n<td style=\"text-align: center;\">3<\/td>\n<\/tr>\n<tr>\n<td width=\"145\">OTRCF04G02<\/td>\n<td style=\"text-align: center;\" width=\"75\">G1\/4&#8243;<\/td>\n<td style=\"text-align: center;\">16<\/td>\n<td style=\"text-align: center;\">10<\/td>\n<td style=\"text-align: center;\">11<\/td>\n<td style=\"text-align: center;\">28,5<\/td>\n<td style=\"text-align: center;\">10<\/td>\n<td style=\"text-align: center;\">3<\/td>\n<\/tr>\n<tr>\n<td width=\"145\">OTRCF06G01<\/td>\n<td style=\"text-align: center;\" rowspan=\"2\">6<\/td>\n<td style=\"text-align: center;\" width=\"75\">G1\/8&#8243;<\/td>\n<td style=\"text-align: center;\">13<\/td>\n<td style=\"text-align: center;\">12<\/td>\n<td style=\"text-align: center;\">7,5<\/td>\n<td style=\"text-align: center;\">26,1<\/td>\n<td style=\"text-align: center;\">12<\/td>\n<td style=\"text-align: center;\">4<\/td>\n<\/tr>\n<tr>\n<td width=\"145\">OTRCF06G02<\/td>\n<td style=\"text-align: center;\" width=\"75\">G1\/4&#8243;<\/td>\n<td style=\"text-align: center;\">16<\/td>\n<td style=\"text-align: center;\">12<\/td>\n<td style=\"text-align: center;\">11<\/td>\n<td style=\"text-align: center;\">29,6<\/td>\n<td style=\"text-align: center;\">12<\/td>\n<td style=\"text-align: center;\">4<\/td>\n<\/tr>\n<tr>\n<td width=\"145\">OTRCF08G01<\/td>\n<td style=\"text-align: center;\" rowspan=\"2\">8<\/td>\n<td style=\"text-align: center;\" width=\"75\">G1\/8&#8243;<\/td>\n<td style=\"text-align: center;\">13<\/td>\n<td style=\"text-align: center;\">14<\/td>\n<td style=\"text-align: center;\">7,5<\/td>\n<td style=\"text-align: center;\">27,2<\/td>\n<td style=\"text-align: center;\">14<\/td>\n<td style=\"text-align: center;\">5<\/td>\n<\/tr>\n<tr>\n<td width=\"145\">OTRCF08G02<\/td>\n<td style=\"text-align: center;\" width=\"75\">G1\/4&#8243;<\/td>\n<td style=\"text-align: center;\">16<\/td>\n<td style=\"text-align: center;\">14<\/td>\n<td style=\"text-align: center;\">11<\/td>\n<td style=\"text-align: center;\">32,2<\/td>\n<td style=\"text-align: center;\">14<\/td>\n<td style=\"text-align: center;\">6<\/td>\n<\/tr>\n<\/tbody>\n<\/table>\n\n\t\t<\/div>\n\t<\/div>\n<\/div><\/div><\/div><\/div>","protected":false},"excerpt":{"rendered":"\u0422\u0435\u0445\u043d\u0456\u0447\u043d\u0456 \u0445\u0430\u0440\u0430\u043a\u0442\u0435\u0440\u0438\u0441\u0442\u0438\u043a\u0438 OTRCF-G \u041f\u0440\u044f\u043c\u0438\u0439 \u0437 \u0432\u043d\u0443\u0442\u0440\u0456\u0448\u043d\u044c\u043e\u044e \u0440\u0456\u0437\u044c\u0431\u043e\u044e BSPP (\u0434\u044e\u0439\u043c\u043e\u0432\u0430 \u0446\u0438\u043b\u0456\u043d\u0434\u0440\u0438\u0447\u043d\u0430 \u0442\u0440\u0443\u0431\u043d\u0430 G) \u043f\u0456\u0434 \u0442\u0440\u0443\u0431\u043a\u0443 4; 6; 8 \u043c\u043c \u043f\u0456\u0434 \u043a\u043b\u044e\u0447. \u0420\u043e\u0431\u043e\u0447\u0438\u0439 \u0442\u0438\u0441\u043a: 20 \u0431\u0430\u0440 \u0420\u043e\u0431\u043e\u0447\u0430 \u0442\u0435\u043c\u043f\u0435\u0440\u0430\u0442\u0443\u0440\u0430: - 20\u00b0C\u00f780\u00b0C \u041d\u043e\u043c\u0435\u0440 \u0434\u043b\u044f \u0437\u0430\u043c\u043e\u0432\u043b\u0435\u043d\u043d\u044f \/ \u0420\u043e\u0437\u043c\u0456\u0440\u0438 \u041c\u043e\u0434\u0435\u043b\u044c \u00d8D T \u00d8C \u00d8P A L &hellip;","protected":false},"author":2,"featured_media":0,"parent":5536,"menu_order":0,"comment_status":"closed","ping_status":"closed","template":"","meta":{"om_disable_all_campaigns":false,"_monsterinsights_skip_tracking":false,"_monsterinsights_sitenote_active":false,"_monsterinsights_sitenote_note":"","_monsterinsights_sitenote_category":0},"aioseo_notices":[],"_links":{"self":[{"href":"https:\/\/novtek.com.ua\/uk\/wp-json\/wp\/v2\/pages\/8495"}],"collection":[{"href":"https:\/\/novtek.com.ua\/uk\/wp-json\/wp\/v2\/pages"}],"about":[{"href":"https:\/\/novtek.com.ua\/uk\/wp-json\/wp\/v2\/types\/page"}],"author":[{"embeddable":true,"href":"https:\/\/novtek.com.ua\/uk\/wp-json\/wp\/v2\/users\/2"}],"replies":[{"embeddable":true,"href":"https:\/\/novtek.com.ua\/uk\/wp-json\/wp\/v2\/comments?post=8495"}],"version-history":[{"count":4,"href":"https:\/\/novtek.com.ua\/uk\/wp-json\/wp\/v2\/pages\/8495\/revisions"}],"predecessor-version":[{"id":8528,"href":"https:\/\/novtek.com.ua\/uk\/wp-json\/wp\/v2\/pages\/8495\/revisions\/8528"}],"up":[{"embeddable":true,"href":"https:\/\/novtek.com.ua\/uk\/wp-json\/wp\/v2\/pages\/5536"}],"wp:attachment":[{"href":"https:\/\/novtek.com.ua\/uk\/wp-json\/wp\/v2\/media?parent=8495"}],"curies":[{"name":"wp","href":"https:\/\/api.w.org\/{rel}","templated":true}]}}